{"id":3260,"date":"2025-01-14T13:43:56","date_gmt":"2025-01-14T13:43:56","guid":{"rendered":"https:\/\/www.hotel-zvezda.si\/?page_id=3260"},"modified":"2025-01-14T13:57:54","modified_gmt":"2025-01-14T13:57:54","slug":"zeleni-kljuc","status":"publish","type":"page","link":"http:\/\/www.hotel-zvezda.si\/it\/index.php\/zeleni-kljuc\/","title":{"rendered":"Zeleni klju\u010d"},"content":{"rendered":"<div class=\"wp-block-image\">\n<figure class=\"aligncenter size-full\"><a href=\"https:\/\/www.zelenikljuc.si\/\" target=\"_blank\" rel=\"noopener\"><img decoding=\"async\" loading=\"lazy\" width=\"81\" height=\"103\" src=\"http:\/\/www.hotel-zvezda.si\/wp-content\/uploads\/2025\/01\/greenkey_logo.png\" alt=\"Zeleni klju\u010d\" class=\"wp-image-3258\"\/><\/a><\/figure><\/div>\n\n\n<p class=\"has-text-align-center\"><strong>PONOSNI SMO, DA SMO PRIDOBILI OKOLJSKI\/TRAJNOSTNI ZNAK GREEN KEY, S \u010cIMER SOUSTVARJAMO ZELENO ZGODBO TRAJNOSTNEGA TURIZMA<\/strong><\/p>\n\n\n\n<p>Vodstvo in zaposleni v HOTELU ZVEZDA smo \u017ee pred \u010dasom sprejeli odlo\u010ditev, da svojo obstoje\u010do ZELENO POLITIKO nadgradimo in jo tudi formalno umestimo v svoje poslovanje ter preko mednarodnih standardov preverimo svoje trajnostno naravnano delovanje, in sicer na na\u010din, da izvedemo oz. se preverimo skozi postopek certificiranja za pridobitev trajnostnega certifikata GREEN KEY \/ ZELENI KLJU\u010c \u2013 za namestitve (v postopku vklju\u010ditve v sistem Zelene sheme Slovenskega turizma \u2013 ZZST).<\/p>\n\n\n\n<p>Zeleni klju\u010d je okoljski \/ trajnostni znak, vodilni standard odli\u010dnosti na podro\u010dju okoljske odgovornosti in trajnostnega delovanja v turisti\u010dni industriji. Ta presti\u017eni okoljski znak pomeni zavezanost podjetij, da v certificiranih obratih spo\u0161tujejo stroge kriterije, ki jih je dolo\u010dila Mednarodna fundacija za okoljsko vzgojo (FEE). Okoljski \/ trajnostni znak Zeleni klju\u010d zagotavlja vsem gostom, da z izbiro certificiranega turisti\u010dnega obrata neposredno pripomorejo k varovanju okolja. Obrati \u2013 nosilci tega znaka, vzdr\u017eujemo visoke okoljske standarde, kar dokazujemo s pomo\u010djo stroge dokumentacije in pogostih kontrolnih pregledov. Program Zeleni klju\u010d velik poudarek namenja obve\u0161\u010danju in vklju\u010devanju obiskovalcev v trajnostne in okolju prijaznej\u0161e ukrepe, ki jih v obratih izvajamo. Zagotavlja, da je osebje v obratih dobro obve\u0161\u010deno in primerno usposobljeno na podro\u010dju okolju prijaznih in trajnostnih praks, nenehno i\u0161\u010de nove \u2013 trajnostne \u2013 na\u010dine poslovanja in uporabe tehnologije, z namenom, da bi se z zmanj\u0161anjem porabe virov in koli\u010dine odpadkov zmanj\u0161ali vpliv na okolje ter stro\u0161ki poslovanja. Ker so gostje vedno bolj ozave\u0161\u010deni glede okoljske problematike, postajajo pozitivne okoljske poverilnice vedno bolj pomembne, ko izbirajo primeren obrat za pre\u017eivljanje svojega prostega \u010dasa ali za poslovno dru\u017eenje. Zeleni klju\u010d simbolizira zavezanost okolju in trajnostnemu razvoju, ki je za potencial ne goste izjemno privla\u010dna. Pridobitev okoljskega znaka Zeleni klju\u010d, pomeni za nas tudi dodatni na\u010din promocije, saj potencialnim gostom s pridobitvijo omenjenega znaka sporo\u010damo, da izpolnjujemo stroge okoljske kriterije ter aktivno, celostno in sistemati\u010dno izbolj\u0161ujemo svoje trajnostno naravnano poslovanje.<\/p>\n\n\n\n<p>Kriteriji za namestitve, po katerih je bil obrat ocenjen in certificiran, pokrivajo 13 podro\u010dij, in sicer (1) OKOLJSKO UPRAVLJANJE, (2) VKLJU\u010cENOST OSEBJA, (3) INFORMIRANJE GOSTOV, (4) VODA, (5) PRANJE IN \u010cI\u0160\u010cENJE, (6) ODPADKI, (7) ENERGIJA, (8) HRANA IN PIJA\u010cA, (9) NOTRANJE OKOLJE, (10) ZELENE POVR\u0160INE, (11) KORPORATIVNA DRU\u017dBENA ODGOVORNOST, (12) AKTIVNOSTI V NARAVI in (13) ADMINISTRACIJA.<\/p>\n\n\n\n<p>V okviru podro\u010dja OKOLJSKO UPRAVLJANJE smo v hotelu Zvezda med drugim dokazali aktivno obojestransko sodelovanje z lokalno skupnostjo. To sodelovanje je obenem predpogoj za umestitev lokalnih skupnosti ter turisti\u010dnih ponudnikov v sistem Zelene sheme slovenskega turizma (ZSST), ki je nacionalni program in certifikacijska shema pod krovno znamko SLOVENIA GREEN. Shema (1) zdru\u017euje vsa prizadevanja za trajnostni razvoj turizma v Sloveniji, (2) destinacijam in ponudnikom ponuja konkretna orodja za oceno in izbolj\u0161anje trajnostnega delovanja, (3) skozi znamko Slovenia Green to zeleno delovanje tudi promovira. Dokazali smo tudi aktivno sodelovanje in spodbujanje dele\u017enikov ter odgovornost, da zeleno politiko \u0161irimo mednje ter na ta na\u010din postajamo ambasadorji zelene politike.<\/p>\n\n\n\n<p>S pridobitvijo znaka Green Key \/ Zeleni klju\u010d &#8211; enega izmed v ZSST priznanih mednarodno veljavnih trajnostnih ali okoljskih znakov &#8211; ter podpisu ZELENE POLITIKE SLOVENSKEGA TURIZMA, je HOTEL ZVEZDA izpolnil tudi pogoje za pridobitev znaka Slovenia Green Accommodation (v postopku vklju\u010ditve v sistem ZSST), s \u010dimer se bomo na savinjskem, slovenskem, evropskem in globalnem trgu tudi formalno pozicionirali kot okolju in dru\u017ebi prijazna namestitev.<\/p>\n","protected":false},"excerpt":{"rendered":"<p>PONOSNI SMO, DA SMO PRIDOBILI OKOLJSKI\/TRAJNOSTNI ZNAK GREEN KEY, S \u010cIMER SOUSTVARJAMO ZELENO ZGODBO TRAJNOSTNEGA TURIZMA Vodstvo in zaposleni v HOTELU ZVEZDA smo \u017ee pred \u010dasom sprejeli odlo\u010ditev, da svojo obstoje\u010do ZELENO POLITIKO nadgradimo in jo tudi formalno umestimo v<\/p>\n","protected":false},"author":2,"featured_media":0,"parent":0,"menu_order":0,"comment_status":"closed","ping_status":"closed","template":"","meta":[],"_links":{"self":[{"href":"http:\/\/www.hotel-zvezda.si\/it\/index.php\/wp-json\/wp\/v2\/pages\/3260"}],"collection":[{"href":"http:\/\/www.hotel-zvezda.si\/it\/index.php\/wp-json\/wp\/v2\/pages"}],"about":[{"href":"http:\/\/www.hotel-zvezda.si\/it\/index.php\/wp-json\/wp\/v2\/types\/page"}],"author":[{"embeddable":true,"href":"http:\/\/www.hotel-zvezda.si\/it\/index.php\/wp-json\/wp\/v2\/users\/2"}],"replies":[{"embeddable":true,"href":"http:\/\/www.hotel-zvezda.si\/it\/index.php\/wp-json\/wp\/v2\/comments?post=3260"}],"version-history":[{"count":7,"href":"http:\/\/www.hotel-zvezda.si\/it\/index.php\/wp-json\/wp\/v2\/pages\/3260\/revisions"}],"predecessor-version":[{"id":3272,"href":"http:\/\/www.hotel-zvezda.si\/it\/index.php\/wp-json\/wp\/v2\/pages\/3260\/revisions\/3272"}],"wp:attachment":[{"href":"http:\/\/www.hotel-zvezda.si\/it\/index.php\/wp-json\/wp\/v2\/media?parent=3260"}],"curies":[{"name":"wp","href":"https:\/\/api.w.org\/{rel}","templated":true}]}}