{"id":46,"date":"2015-11-09T17:38:22","date_gmt":"2015-11-09T17:38:22","guid":{"rendered":"http:\/\/localhost\/hotel_zvezda\/?page_id=46"},"modified":"2016-05-18T15:54:06","modified_gmt":"2016-05-18T15:54:06","slug":"restavracija","status":"publish","type":"page","link":"http:\/\/www.hotel-zvezda.si\/index.php\/restavracija\/","title":{"rendered":"Restavracija"},"content":{"rendered":"<p><strong>Pridih doma\u010dnosti &#8230;<\/strong><\/p>\n<p style=\"text-align: justify;\">Dobrodo\u0161li v restavraciji Zvezda. V prijetnem ambientu prenovljene restavracije vam nudimo dnevno ponudbo malic, kosil, doma\u010dih jedi (bogra\u010d, vampi, gola\u017e,&#8230;), kakor tudi ostalih jedi po naro\u010dilu. Restavracija je kot nala\u0161\u010d primerna tudi za dru\u017eabna in poslovna sre\u010danja (birme, obhajila, rojstni dnevi, abrahami,&#8230;) s kapaciteto do 130 oseb. Del restavracije s kapaciteto do 50 oseb se lahko lo\u010di od glavnega dela restavracije za razli\u010dne namene. Zvezdina kuhinja posluje ves \u010das znotraj odpiralnega \u010dasa.<\/p>\n<p><section id=\"grid-gallery-10\" data-grid-type=\"0\" data-offset=\"5\" data-area-position=\"center\" data-width=\"215\" data-width=\"215\" data-height=\"215\" data-padding=\"0\" data-quicksand = \"disabled\" data-quicksand-duration = \"none\" data-popup-slideshowAuto = \"true\" data-popup-type =\"colorbox\" data-popup-fadeOut = \"300\" data-popup-captions = 'hide' data-popup-slideshow = \"false\" data-popup-slideshow-speed = \"2500\" data-popup-background = \"\" data-fullscreen=\"\" data-hide-tooltip=\"false\" data-caption-font-family=\"Default\" data-caption-font-family=\"Default\" class=\"grid-gallery grid-gallery-fixed \" style=\" width:100%; height:auto px; ; margin-left:auto; margin-right:auto; position:relative;\" > <div class=\"gallery-loading\"> <div class=\"blocks\"> <div class=\"block\"><\/div> <div class=\"block\"><\/div> <div class=\"block\"><\/div> <div class=\"block\"><\/div> <\/div> <\/div> <section id=\"photos-10\" class=\"grid-gallery-photos\" > <a class=\"gg-link gg-colorbox\" href=\"http:\/\/www.hotel-zvezda.si\/wp-content\/uploads\/2016\/02\/Slike-032.jpg\" target=\"_self\" title=\"Slike 032\" style=\"border-radius: 0px;\" > <figure class=\"grid-gallery-caption \" data-grid-gallery-type=\"quarter-slide-up\" style=\"display:none;border-radius: 0px; ; margin: 5px; width:215px;\" > <div class=\"crop \" style=\" width:215px; height:215px; overflow:hidden; \"> <img src=\"http:\/\/www.hotel-zvezda.si\/wp-content\/uploads\/2016\/02\/Slike-032-215x215.jpg\" alt=\"Slike 032\" title=\"Slike 032\" data-caption=\"Slike 032\" style=\" width:215px; height:215px; \" \/> <\/div> <figcaption data-alpha=\"5\" style=\"color:#ffffff; background-color:#6f0000; font-size:14px; text-align:left; font-family:Default;\" > <div class=\"grid-gallery-figcaption-wrap\" style=\" vertical-align:top; \"> <\/div> <\/figcaption> <\/figure> <\/a> <a class=\"gg-link gg-colorbox\" href=\"http:\/\/www.hotel-zvezda.si\/wp-content\/uploads\/2016\/02\/Slike-040.jpg\" target=\"_self\" title=\"Slike 040\" style=\"border-radius: 0px;\" > <figure class=\"grid-gallery-caption \" data-grid-gallery-type=\"quarter-slide-up\" style=\"display:none;border-radius: 0px; ; margin: 5px; width:215px;\" > <div class=\"crop \" style=\" width:215px; height:215px; overflow:hidden; \"> <img src=\"http:\/\/www.hotel-zvezda.si\/wp-content\/uploads\/2016\/02\/Slike-040-215x215.jpg\" alt=\"Slike 040\" title=\"Slike 040\" data-caption=\"Slike 040\" style=\" width:215px; height:215px; \" \/> <\/div> <figcaption data-alpha=\"5\" style=\"color:#ffffff; background-color:#6f0000; font-size:14px; text-align:left; font-family:Default;\" > <div class=\"grid-gallery-figcaption-wrap\" style=\" vertical-align:top; \"> <\/div> <\/figcaption> <\/figure> <\/a> <a class=\"gg-link gg-colorbox\" href=\"http:\/\/www.hotel-zvezda.si\/wp-content\/uploads\/2016\/02\/jabolcni_eliksir.jpg\" target=\"_self\" title=\"jabolcni_eliksir\" style=\"border-radius: 0px;\" > <figure class=\"grid-gallery-caption \" data-grid-gallery-type=\"quarter-slide-up\" style=\"display:none;border-radius: 0px; ; margin: 5px; width:215px;\" > <div class=\"crop \" style=\" width:215px; height:215px; overflow:hidden; \"> <img src=\"http:\/\/www.hotel-zvezda.si\/wp-content\/uploads\/2016\/02\/jabolcni_eliksir-215x215.jpg\" alt=\"jabolcni_eliksir\" title=\"jabolcni_eliksir\" data-caption=\"jabolcni_eliksir\" style=\" width:215px; height:215px; \" \/> <\/div> <figcaption data-alpha=\"5\" style=\"color:#ffffff; background-color:#6f0000; font-size:14px; text-align:left; font-family:Default;\" > <div class=\"grid-gallery-figcaption-wrap\" style=\" vertical-align:top; \"> <\/div> <\/figcaption> <\/figure> <\/a> <a class=\"gg-link gg-colorbox\" href=\"http:\/\/www.hotel-zvezda.si\/wp-content\/uploads\/2016\/02\/solata_pohancek.jpg\" target=\"_self\" title=\"solata_pohancek\" style=\"border-radius: 0px;\" > <figure class=\"grid-gallery-caption \" data-grid-gallery-type=\"quarter-slide-up\" style=\"display:none;border-radius: 0px; ; margin: 5px; width:215px;\" > <div class=\"crop \" style=\" width:215px; height:215px; overflow:hidden; \"> <img src=\"http:\/\/www.hotel-zvezda.si\/wp-content\/uploads\/2016\/02\/solata_pohancek-215x215.jpg\" alt=\"solata_pohancek\" title=\"solata_pohancek\" data-caption=\"solata_pohancek\" style=\" width:215px; height:215px; \" \/> <\/div> <figcaption data-alpha=\"5\" style=\"color:#ffffff; background-color:#6f0000; font-size:14px; text-align:left; font-family:Default;\" > <div class=\"grid-gallery-figcaption-wrap\" style=\" vertical-align:top; \"> <\/div> <\/figcaption> <\/figure> <\/a> <a class=\"gg-link gg-colorbox\" href=\"http:\/\/www.hotel-zvezda.si\/wp-content\/uploads\/2016\/02\/cevapcici_v_lepinji.jpg\" target=\"_self\" title=\"cevapcici_v_lepinji\" style=\"border-radius: 0px;\" > <figure class=\"grid-gallery-caption \" data-grid-gallery-type=\"quarter-slide-up\" style=\"display:none;border-radius: 0px; ; margin: 5px; width:215px;\" > <div class=\"crop \" style=\" width:215px; height:215px; overflow:hidden; \"> <img src=\"http:\/\/www.hotel-zvezda.si\/wp-content\/uploads\/2016\/02\/cevapcici_v_lepinji-215x215.jpg\" alt=\"cevapcici_v_lepinji\" title=\"cevapcici_v_lepinji\" data-caption=\"cevapcici_v_lepinji\" style=\" width:215px; height:215px; \" \/> <\/div> <figcaption data-alpha=\"5\" style=\"color:#ffffff; background-color:#6f0000; font-size:14px; text-align:left; font-family:Default;\" > <div class=\"grid-gallery-figcaption-wrap\" style=\" vertical-align:top; \"> <\/div> <\/figcaption> <\/figure> <\/a> <div class=\"grid-gallery-clearfix\"><\/div> <\/section> <div class=\"grid-gallery-clearfix\"><\/div> <\/section> <!-- Gallery by Supsystic plugin --> <script type=\"text\/javascript\"> window.galleryLoaded = (function() { jQuery('head').append('<link rel=\"stylesheet\" type=\"text\/css\" href=\"http:\/\/www.hotel-zvezda.si\/wp-content\/plugins\/gallery-by-supsystic\/src\/GridGallery\/Colorbox\/jquery-colorbox\/themes\/theme_3\/colorbox.css\">'); jQuery('.gg-video').colorbox({ iframe: true, innerHeight: '90%', innerWidth: '90%', maxHeight: '90%', maxWidth: '90%', rel: 'grid-gallery', onComplete: function() { jQuery.colorbox.resize({ width: window.innerWidth > 560 ? 560 : window.innerWidth - 40, height: window.innerHeight > 480 ? 480 : window.innerHeight - 40 }); } }); jQuery('.grid-gallery.optimizations').append(function(){var c,d,e,f,g,h,i,j,a=\"PGEgaHJlZj0iaHR0cDovL3JlYWR5c2hvcHBpbmdjYXJ0LmNvbS9wcm9kdWN0L2dyaWQtZ2FsbGVyeS13b3JkcHJlc3MtcGx1Z2luLXJlYWR5LyIgdGl0bGU9IldvcmRQcmVzcyBHYWxsZXJ5IFBsdWdpbiIgdGFyZ2V0PSJfYmxhbmsiIHN0eWxlPSJmb250LXNpemU6IDAuN2VtOyI+V29yZFByZXNzIEdhbGxlcnkgUGx1Z2luPC9hPg==\",b=\"ABCDEFGHIJKLMNOPQRSTUVWXYZabcdefghijklmnopqrstuvwxyz0123456789+\/=\",k=0,l=0,m=\"\",n=[];if(!a)return a;a+=\"\";do f=b.indexOf(a.charAt(k++)),g=b.indexOf(a.charAt(k++)),h=b.indexOf(a.charAt(k++)),i=b.indexOf(a.charAt(k++)),j=f<<18|g<<12|h<<6|i,c=255&j>>16,d=255&j>>8,e=255&j,n[l++]=64==h?String.fromCharCode(c):64==i?String.fromCharCode(c,d):String.fromCharCode(c,d,e);while(k<a.length);return m=n.join(\"\"),decodeURIComponent(escape(m.replace(\/\\0+$\/,\"\")))}); }); jQuery(document).ready(function($) { galleryLoaded(); }).ajaxComplete(function() { galleryLoaded(); }); <\/script><br \/>\n<section id=\"grid-gallery-3\" data-grid-type=\"0\" data-offset=\"5\" data-area-position=\"center\" data-width=\"215\" data-width=\"215\" data-height=\"215\" data-padding=\"0\" data-quicksand = \"disabled\" data-quicksand-duration = \"none\" data-popup-slideshowAuto = \"true\" data-popup-type =\"colorbox\" data-popup-fadeOut = \"300\" data-popup-captions = 'hide' data-popup-slideshow = \"false\" data-popup-slideshow-speed = \"2500\" data-popup-background = \"\" data-fullscreen=\"\" data-hide-tooltip=\"false\" data-caption-font-family=\"Default\" data-caption-font-family=\"Default\" class=\"grid-gallery grid-gallery-fixed \" style=\" width:100%; height:auto px; ; margin-left:auto; margin-right:auto; position:relative;\" > <div class=\"gallery-loading\"> <div class=\"blocks\"> <div class=\"block\"><\/div> <div class=\"block\"><\/div> <div class=\"block\"><\/div> <div class=\"block\"><\/div> <\/div> <\/div> <section id=\"photos-3\" class=\"grid-gallery-photos\" > <a class=\"gg-link gg-colorbox\" href=\"http:\/\/www.hotel-zvezda.si\/wp-content\/uploads\/2016\/02\/restavracija_spodaj.jpg\" target=\"_self\" title=\"restavracija_spodaj\" style=\"border-radius: 0px;\" > <figure class=\"grid-gallery-caption \" data-grid-gallery-type=\"quarter-slide-up\" style=\"display:none;border-radius: 0px; ; margin: 5px; width:215px;\" > <div class=\"crop \" style=\" width:215px; height:215px; overflow:hidden; \"> <img src=\"http:\/\/www.hotel-zvezda.si\/wp-content\/uploads\/2016\/02\/restavracija_spodaj-215x215.jpg\" alt=\"restavracija_spodaj\" title=\"restavracija_spodaj\" data-caption=\"restavracija_spodaj\" style=\" width:215px; height:215px; \" \/> <\/div> <figcaption data-alpha=\"5\" style=\"color:#ffffff; background-color:#6f0000; font-size:14px; text-align:left; font-family:Default;\" > <div class=\"grid-gallery-figcaption-wrap\" style=\" vertical-align:top; \"> <\/div> <\/figcaption> <\/figure> <\/a> <a class=\"gg-link gg-colorbox\" href=\"http:\/\/www.hotel-zvezda.si\/wp-content\/uploads\/2016\/02\/rest_20150606_133806.jpg\" target=\"_self\" title=\"rest_20150606_133806\" style=\"border-radius: 0px;\" > <figure class=\"grid-gallery-caption \" data-grid-gallery-type=\"quarter-slide-up\" style=\"display:none;border-radius: 0px; ; margin: 5px; width:215px;\" > <div class=\"crop \" style=\" width:215px; height:215px; overflow:hidden; \"> <img src=\"http:\/\/www.hotel-zvezda.si\/wp-content\/uploads\/2016\/02\/rest_20150606_133806-215x215.jpg\" alt=\"rest_20150606_133806\" title=\"rest_20150606_133806\" data-caption=\"rest_20150606_133806\" style=\" width:215px; height:215px; \" \/> <\/div> <figcaption data-alpha=\"5\" style=\"color:#ffffff; background-color:#6f0000; font-size:14px; text-align:left; font-family:Default;\" > <div class=\"grid-gallery-figcaption-wrap\" style=\" vertical-align:top; \"> <\/div> <\/figcaption> <\/figure> <\/a> <a class=\"gg-link gg-colorbox\" href=\"http:\/\/www.hotel-zvezda.si\/wp-content\/uploads\/2016\/02\/photo_11.jpg\" target=\"_self\" title=\"photo_1\" style=\"border-radius: 0px;\" > <figure class=\"grid-gallery-caption \" data-grid-gallery-type=\"quarter-slide-up\" style=\"display:none;border-radius: 0px; ; margin: 5px; width:215px;\" > <div class=\"crop \" style=\" width:215px; height:215px; overflow:hidden; \"> <img src=\"http:\/\/www.hotel-zvezda.si\/wp-content\/uploads\/2016\/02\/photo_11-215x215.jpg\" alt=\"photo_1\" title=\"photo_1\" data-caption=\"photo_1\" style=\" width:215px; height:215px; \" \/> <\/div> <figcaption data-alpha=\"5\" style=\"color:#ffffff; background-color:#6f0000; font-size:14px; text-align:left; font-family:Default;\" > <div class=\"grid-gallery-figcaption-wrap\" style=\" vertical-align:top; \"> <\/div> <\/figcaption> <\/figure> <\/a> <a class=\"gg-link gg-colorbox\" href=\"http:\/\/www.hotel-zvezda.si\/wp-content\/uploads\/2016\/02\/rest_20150606_133750.jpg\" target=\"_self\" title=\"rest_20150606_133750\" style=\"border-radius: 0px;\" > <figure class=\"grid-gallery-caption \" data-grid-gallery-type=\"quarter-slide-up\" style=\"display:none;border-radius: 0px; ; margin: 5px; width:215px;\" > <div class=\"crop \" style=\" width:215px; height:215px; overflow:hidden; \"> <img src=\"http:\/\/www.hotel-zvezda.si\/wp-content\/uploads\/2016\/02\/rest_20150606_133750-215x215.jpg\" alt=\"rest_20150606_133750\" title=\"rest_20150606_133750\" data-caption=\"rest_20150606_133750\" style=\" width:215px; height:215px; \" \/> <\/div> <figcaption data-alpha=\"5\" style=\"color:#ffffff; background-color:#6f0000; font-size:14px; text-align:left; font-family:Default;\" > <div class=\"grid-gallery-figcaption-wrap\" style=\" vertical-align:top; \"> <\/div> <\/figcaption> <\/figure> <\/a> <a class=\"gg-link gg-colorbox\" href=\"http:\/\/www.hotel-zvezda.si\/wp-content\/uploads\/2016\/02\/photo_32.jpg\" target=\"_self\" title=\"photo_32\" style=\"border-radius: 0px;\" > <figure class=\"grid-gallery-caption \" data-grid-gallery-type=\"quarter-slide-up\" style=\"display:none;border-radius: 0px; ; margin: 5px; width:215px;\" > <div class=\"crop \" style=\" width:215px; height:215px; overflow:hidden; \"> <img src=\"http:\/\/www.hotel-zvezda.si\/wp-content\/uploads\/2016\/02\/photo_32-215x215.jpg\" alt=\"photo_32\" title=\"photo_32\" data-caption=\"photo_32\" style=\" width:215px; height:215px; \" \/> <\/div> <figcaption data-alpha=\"5\" style=\"color:#ffffff; background-color:#6f0000; font-size:14px; text-align:left; font-family:Default;\" > <div class=\"grid-gallery-figcaption-wrap\" style=\" vertical-align:top; \"> <\/div> <\/figcaption> <\/figure> <\/a> <div class=\"grid-gallery-clearfix\"><\/div> <\/section> <div class=\"grid-gallery-clearfix\"><\/div> <\/section> <!-- Gallery by Supsystic plugin --> <script type=\"text\/javascript\"> window.galleryLoaded = (function() { jQuery('head').append('<link rel=\"stylesheet\" type=\"text\/css\" href=\"http:\/\/www.hotel-zvezda.si\/wp-content\/plugins\/gallery-by-supsystic\/src\/GridGallery\/Colorbox\/jquery-colorbox\/themes\/theme_3\/colorbox.css\">'); jQuery('.gg-video').colorbox({ iframe: true, innerHeight: '90%', innerWidth: '90%', maxHeight: '90%', maxWidth: '90%', rel: 'grid-gallery', onComplete: function() { jQuery.colorbox.resize({ width: window.innerWidth > 560 ? 560 : window.innerWidth - 40, height: window.innerHeight > 480 ? 480 : window.innerHeight - 40 }); } }); jQuery('.grid-gallery.optimizations').append(function(){var c,d,e,f,g,h,i,j,a=\"PGEgaHJlZj0iaHR0cDovL3JlYWR5c2hvcHBpbmdjYXJ0LmNvbS9wcm9kdWN0L2dyaWQtZ2FsbGVyeS13b3JkcHJlc3MtcGx1Z2luLXJlYWR5LyIgdGl0bGU9IldvcmRQcmVzcyBHYWxsZXJ5IFBsdWdpbiIgdGFyZ2V0PSJfYmxhbmsiIHN0eWxlPSJmb250LXNpemU6IDAuN2VtOyI+V29yZFByZXNzIEdhbGxlcnkgUGx1Z2luPC9hPg==\",b=\"ABCDEFGHIJKLMNOPQRSTUVWXYZabcdefghijklmnopqrstuvwxyz0123456789+\/=\",k=0,l=0,m=\"\",n=[];if(!a)return a;a+=\"\";do f=b.indexOf(a.charAt(k++)),g=b.indexOf(a.charAt(k++)),h=b.indexOf(a.charAt(k++)),i=b.indexOf(a.charAt(k++)),j=f<<18|g<<12|h<<6|i,c=255&j>>16,d=255&j>>8,e=255&j,n[l++]=64==h?String.fromCharCode(c):64==i?String.fromCharCode(c,d):String.fromCharCode(c,d,e);while(k<a.length);return m=n.join(\"\"),decodeURIComponent(escape(m.replace(\/\\0+$\/,\"\")))}); }); jQuery(document).ready(function($) { galleryLoaded(); }).ajaxComplete(function() { galleryLoaded(); }); <\/script><\/p>\n","protected":false},"excerpt":{"rendered":"<p>Pridih doma\u010dnosti &#8230; Dobrodo\u0161li v restavraciji Zvezda. V prijetnem ambientu prenovljene restavracije vam nudimo dnevno ponudbo malic, kosil, doma\u010dih jedi (bogra\u010d, vampi, gola\u017e,&#8230;), kakor tudi ostalih jedi po naro\u010dilu. Restavracija je kot nala\u0161\u010d primerna tudi za dru\u017eabna in poslovna sre\u010danja<\/p>\n","protected":false},"author":1,"featured_media":0,"parent":0,"menu_order":0,"comment_status":"closed","ping_status":"closed","template":"","meta":[],"_links":{"self":[{"href":"http:\/\/www.hotel-zvezda.si\/index.php\/wp-json\/wp\/v2\/pages\/46"}],"collection":[{"href":"http:\/\/www.hotel-zvezda.si\/index.php\/wp-json\/wp\/v2\/pages"}],"about":[{"href":"http:\/\/www.hotel-zvezda.si\/index.php\/wp-json\/wp\/v2\/types\/page"}],"author":[{"embeddable":true,"href":"http:\/\/www.hotel-zvezda.si\/index.php\/wp-json\/wp\/v2\/users\/1"}],"replies":[{"embeddable":true,"href":"http:\/\/www.hotel-zvezda.si\/index.php\/wp-json\/wp\/v2\/comments?post=46"}],"version-history":[{"count":23,"href":"http:\/\/www.hotel-zvezda.si\/index.php\/wp-json\/wp\/v2\/pages\/46\/revisions"}],"predecessor-version":[{"id":207,"href":"http:\/\/www.hotel-zvezda.si\/index.php\/wp-json\/wp\/v2\/pages\/46\/revisions\/207"}],"wp:attachment":[{"href":"http:\/\/www.hotel-zvezda.si\/index.php\/wp-json\/wp\/v2\/media?parent=46"}],"curies":[{"name":"wp","href":"https:\/\/api.w.org\/{rel}","templated":true}]}}