{"id":1503,"date":"2016-02-13T22:35:59","date_gmt":"2016-02-13T22:35:59","guid":{"rendered":"http:\/\/localhost\/hotel_zvezda\/?page_id=1503"},"modified":"2016-05-18T15:28:15","modified_gmt":"2016-05-18T15:28:15","slug":"jadran","status":"publish","type":"page","link":"http:\/\/www.hotel-zvezda.si\/index.php\/jadran\/","title":{"rendered":"Jadran"},"content":{"rendered":"<table>\n<tbody>\n<tr>\n<td style=\"border: #F8F8F8;\" width=\"760px\">\n<table>\n<tr>\n<td style=\"border: #F8F8F8;\">\n<img decoding=\"async\" src=\"http:\/\/www.hotel-zvezda.si\/wp-content\/uploads\/2016\/02\/jadran1.jpg\"\/>\n<\/td>\n<\/tr>\n<tr>\n<td style=\"border: #F8F8F8;\">\n<span style=\"color: #333333;\"><\/p>\n<p style=\"text-align: justify;\">Na Jadranu se \u010das ustavi. Ne\u017eno \u0161umenje valov in zvoki galebov pri\u010darajo prav posebno vzdu\u0161je, medtem ko opazujete son\u010dni zahod, iz sosednje konobe pa odzvanjajo dalmatinske pesmi. \u017divljenje na jadranski obali je druga\u010dno. Bolj preprosto in neobremenjeno. \u017diveti v miru, imeti svoj ko\u0161\u010dek zemlje, u\u017eivati ob kozarcu \u00bbbevande\u00ab in biti v dobri dru\u017ebi.<\/p>\n<p style=\"text-align: justify;\">Kot va\u0161i osebni svetovalci po\u010ditnic na Jadranu resni\u010dno u\u017eivamo in z veseljem prisluhnemo va\u0161im \u017eeljam. Za vas smo pripravili pestro ponudbo hotelov, buti\u010dnih resortov, aparthotelov, apartmajev, penzionov in mobilnih hi\u0161ic. Veliko \u010dasa posvetimo usklajevanju najbolj\u0161ih cen, saj je na\u0161a najpomembnej\u0161a vrednota ponuditi najve\u010d za va\u0161 denar.<\/p>\n<p><\/span>\n<\/td>\n<\/tr>\n<tr>\n<td style=\"border: #F8F8F8;\">\n<img decoding=\"async\" src=\"http:\/\/www.hotel-zvezda.si\/wp-content\/uploads\/2016\/02\/jadran2.jpg\"\/>\n<\/td>\n<\/tr>\n<tr>\n<td style=\"border: #F8F8F8; padding:0px;\">\n<table>\n<tr>\n<td style=\"border: #F8F8F8; padding:0px;\">\n<ul style=\"list-style-type:none; background-color: #0033CC; color:#FFFFFF; margin-bottom:0px;\"><strong>KRI\u017dARJENJA<\/strong>\n<\/ul>\n<\/td>\n<\/tr>\n<tr>\n<td style=\"border: #F8F8F8;\">\n<p style=\"text-align: justify;\"><span style=\"color: #333333;\">Sprostite se in pustite, da kapitan in njegova posadka (\u0161e posebej kuhar) poskrbijo za vas. \u010cez dan lahko plavate, se son\u010dite in raziskujete podzemni svet jadranskega morja, ve\u010dere pa imate na voljo za obisk dobre restavracije, zabavo ali ogledovanje znamenitosti &#8230;<\/span><\/p>\n<\/td>\n<\/tr>\n<tr>\n<td style=\"border: #F8F8F8; padding:0px;\">\n<ul style=\"list-style-type:none; background-color: #CC0000; color:#FFFFFF; margin-bottom:0px;\"><strong>IZLETI<\/strong><\/p>\n<li style=\"background-color: #FF0000; color:#FFFFFF\">Dalmacija in nacionalni park Kornati<\/li>\n<li style=\"background-color: #FF0000; color:#FFFFFF\">Potepanje po otoku Pagu<\/li>\n<li style=\"background-color: #FF0000; color:#FFFFFF\">Kjer sonce greje topleje<\/li>\n<\/ul>\n<\/td>\n<\/tr>\n<\/table>\n<table>\n<tr>\n<td style=\"border: #F8F8F8; padding:0px; width:150px;\">\n<ul style=\"list-style-type:none; background-color: #0066CC; color:#FFFFFF; margin-bottom:0px;\"><strong>ISTRA<\/strong><\/p>\n<li style=\"background-color: #0066FF; color:#FFFFFF\">Kanegra<\/li>\n<li style=\"background-color: #0066FF; color:#FFFFFF\">Savudrija<\/li>\n<li style=\"background-color: #0066FF; color:#FFFFFF\">Umag<\/li>\n<li style=\"background-color: #0066FF; color:#FFFFFF\">Novigrad<\/li>\n<li style=\"background-color: #0066FF; color:#FFFFFF\">Pore\u010d<\/li>\n<li style=\"background-color: #0066FF; color:#FFFFFF\">Vrsar<\/li>\n<li style=\"background-color: #0066FF; color:#FFFFFF\">Rovinj<\/li>\n<li style=\"background-color: #0066FF; color:#FFFFFF\">Pula<\/li>\n<li style=\"background-color: #0066FF; color:#FFFFFF\">Medulin<\/li>\n<li style=\"background-color: #0066FF; color:#FFFFFF\">Ka\u017eela<\/li>\n<li style=\"background-color: #0066FF; color:#FFFFFF\">Premantura<\/li>\n<li style=\"background-color: #0066FF; color:#FFFFFF\">Duga Uvala<\/li>\n<li style=\"background-color: #0066FF; color:#FFFFFF\">Rabac<\/li>\n<\/ul>\n<ul style=\"list-style-type:none; background-color: #009999; color:#FFFFFF; margin-bottom:0px;\"><strong>KVARNER<\/strong><\/p>\n<li style=\"background-color: #00BBBB; color:#FFFFFF\">Mo\u0161\u010deni\u010dka Draga<\/li>\n<li style=\"background-color: #00BBBB; color:#FFFFFF\">Lovran<\/li>\n<li style=\"background-color: #00BBBB; color:#FFFFFF\">Opatija<\/li>\n<li style=\"background-color: #00BBBB; color:#FFFFFF\">Kraljevica<\/li>\n<li style=\"background-color: #00BBBB; color:#FFFFFF\">Otok Krk<\/li>\n<li style=\"background-color: #00BBBB; color:#FFFFFF\">Otok Cres<\/li>\n<li style=\"background-color: #00BBBB; color:#FFFFFF\">Mali Lo\u0161inj<\/li>\n<li style=\"background-color: #00BBBB; color:#FFFFFF\">Veli Lo\u0161inj<\/li>\n<li style=\"background-color: #00BBBB; color:#FFFFFF\">Crikvenica<\/li>\n<li style=\"background-color: #00BBBB; color:#FFFFFF\">Dramalj<\/li>\n<li style=\"background-color: #00BBBB; color:#FFFFFF\">Selce<\/li>\n<li style=\"background-color: #00BBBB; color:#FFFFFF\">Novi Vinodolski<\/li>\n<li style=\"background-color: #00BBBB; color:#FFFFFF\">Otok Rab<\/li>\n<li style=\"background-color: #00BBBB; color:#FFFFFF\">Otok Pag<\/li>\n<\/ul>\n<\/td>\n<td style=\"border: #F8F8F8; padding:0px; width:150px;\">\n<ul style=\"list-style-type:none; background-color: #3399CC; color:#FFFFFF; margin-bottom:0px;\"><strong>DALMACIJA<\/strong><\/p>\n<li style=\"background-color: #3399FF; color:#FFFFFF\">Starigrad<\/li>\n<li style=\"background-color: #3399FF; color:#FFFFFF\">Privlaka<\/li>\n<li style=\"background-color: #3399FF; color:#FFFFFF\">Zaton<\/li>\n<li style=\"background-color: #3399FF; color:#FFFFFF\">Petr\u010dane<\/li>\n<li style=\"background-color: #3399FF; color:#FFFFFF\">Punta Skala<\/li>\n<li style=\"background-color: #3399FF; color:#FFFFFF\">Zadar\/Borik<\/li>\n<li style=\"background-color: #3399FF; color:#FFFFFF\">Dugi otok<\/li>\n<li style=\"background-color: #3399FF; color:#FFFFFF\">Otok Ugljan<\/li>\n<li style=\"background-color: #3399FF; color:#FFFFFF\">Sv. Filip in Jakov<\/li>\n<li style=\"background-color: #3399FF; color:#FFFFFF\">Biograd<\/li>\n<li style=\"background-color: #3399FF; color:#FFFFFF\">Pako\u0161tane<\/li>\n<li style=\"background-color: #3399FF; color:#FFFFFF\">Pirovac<\/li>\n<li style=\"background-color: #3399FF; color:#FFFFFF\">Vodice<\/li>\n<li style=\"background-color: #3399FF; color:#FFFFFF\">\u0160ibenik<\/li>\n<li style=\"background-color: #3399FF; color:#FFFFFF\">Primo\u0161ten<\/li>\n<li style=\"background-color: #3399FF; color:#FFFFFF\">Trogir<\/li>\n<li style=\"background-color: #3399FF; color:#FFFFFF\">Otok Bra\u010d<\/li>\n<li style=\"background-color: #3399FF; color:#FFFFFF\">Otok Hvar<\/li>\n<li style=\"background-color: #3399FF; color:#FFFFFF\">Otok Vis<\/li>\n<li style=\"background-color: #3399FF; color:#FFFFFF\">Omi\u0161<\/li>\n<li style=\"background-color: #3399FF; color:#FFFFFF\">Brela<\/li>\n<li style=\"background-color: #3399FF; color:#FFFFFF\">Ba\u0161ka Voda<\/li>\n<li style=\"background-color: #3399FF; color:#FFFFFF\">Ba\u0161ko Polje<\/li>\n<li style=\"background-color: #3399FF; color:#FFFFFF\">Makarska<\/li>\n<li style=\"background-color: #3399FF; color:#FFFFFF\">Tu\u010depi<\/li>\n<li style=\"background-color: #3399FF; color:#FFFFFF\">Gradac<\/li>\n<li style=\"background-color: #3399FF; color:#FFFFFF\">Pelje\u0161ac<\/li>\n<li style=\"background-color: #3399FF; color:#FFFFFF\">Otok Kor\u010dula<\/li>\n<li style=\"background-color: #3399FF; color:#FFFFFF\">Otok Mljet<\/li>\n<li style=\"background-color: #3399FF; color:#FFFFFF\">Otok Lastovo<\/li>\n<li style=\"background-color: #3399FF; color:#FFFFFF\">Slano<\/li>\n<li style=\"background-color: #3399FF; color:#FFFFFF\">Mlini<\/li>\n<\/ul>\n<\/td>\n<td style=\"border: #F8F8F8; padding:0px; width:150px;\">\n<ul style=\"list-style-type:none; background-color: #CC0000; color:#FFFFFF; margin-bottom:0px;\"><strong>BOSNA IN HERCEGOVINA<\/strong><\/p>\n<li style=\"background-color: #FF0000; color:#FFFFFF\">Neum<\/li>\n<\/ul>\n<ul style=\"list-style-type:none; background-color: #660000; color:#FFFFFF; margin-bottom:0px;\"><strong>\u010cRNA GORA<\/strong><\/p>\n<li style=\"background-color: #990000; color:#FFFFFF\">Budva<\/li>\n<li style=\"background-color: #990000; color:#FFFFFF\">Be\u010di\u0107i<\/li>\n<\/ul>\n<ul style=\"list-style-type:none; background-color: #666600; color:#FFFFFF; margin-bottom:0px;\"><strong>MOBILNE HI\u0160ICE V KAMPIH<\/strong><\/p>\n<li style=\"background-color: #999900; color:#FFFFFF\">Novigrad<\/li>\n<li style=\"background-color: #999900; color:#FFFFFF\">Pore\u010d<\/li>\n<li style=\"background-color: #999900; color:#FFFFFF\">Vrsar<\/li>\n<li style=\"background-color: #999900; color:#FFFFFF\">Rovinj<\/li>\n<li style=\"background-color: #999900; color:#FFFFFF\">Pula<\/li>\n<li style=\"background-color: #999900; color:#FFFFFF\">Medulin<\/li>\n<li style=\"background-color: #999900; color:#FFFFFF\">Ka\u017eela<\/li>\n<li style=\"background-color: #999900; color:#FFFFFF\">Premantura<\/li>\n<li style=\"background-color: #999900; color:#FFFFFF\">Rabac<\/li>\n<li style=\"background-color: #999900; color:#FFFFFF\">Mali Lo\u0161inj<\/li>\n<li style=\"background-color: #999900; color:#FFFFFF\">Selce<\/li>\n<li style=\"background-color: #999900; color:#FFFFFF\">Otok Pag<\/li>\n<li style=\"background-color: #999900; color:#FFFFFF\">Zaton<\/li>\n<li style=\"background-color: #999900; color:#FFFFFF\">Biograd<\/li>\n<li style=\"background-color: #999900; color:#FFFFFF\">Pako\u0161tane<\/li>\n<li style=\"background-color: #999900; color:#FFFFFF\">Vodice<\/li>\n<li style=\"background-color: #999900; color:#FFFFFF\">\u0160ibenik<\/li>\n<li style=\"background-color: #999900; color:#FFFFFF\">Ba\u0161ko Polje<\/li>\n<li style=\"background-color: #999900; color:#FFFFFF\">Pelje\u0161ac<\/li>\n<\/ul>\n<\/td>\n<\/tr>\n<\/table>\n<\/td>\n<\/tr>\n<\/table>\n<\/td>\n<td style=\"border: #F8F8F8; vertical-align: top;\">\n<table>\n<tbody>\n<tr>\n<td style=\"border: #F8F8F8; text-align: left;\">\n<ul id=\"vmenu\">\n<li id=\"vmenu\"><a href=\"http:\/\/www.hotel-zvezda.si\/index.php\/enodnevni-izlet-po-pomurju\/\">Potep po Pomurju<\/a><\/li>\n<li id=\"vmenu\"><a href=\"http:\/\/www.hotel-zvezda.si\/index.php\/dve-republiki\/\">Dve republiki v dveh dneh<\/a><\/li>\n<li id=\"vmenu\"><a href=\"http:\/\/www.hotel-zvezda.si\/index.php\/evropa\/\">Evropa<\/a><\/li>\n<li id=\"vmenu\"><a href=\"http:\/\/www.hotel-zvezda.si\/index.php\/mediteran\/\">Mediteran<\/a><\/li>\n<li id=\"vmenu\"><a style=\"background-color: #D7D5C8; color: #23201B;\">Jadran<\/a><\/li>\n<\/ul>\n<\/td>\n<\/tr>\n<tr>\n<td style=\"border: #F8F8F8;\">\n<img decoding=\"async\" src=\"http:\/\/www.hotel-zvezda.si\/wp-content\/uploads\/2016\/02\/palma_logo2.png\"\/>\n<\/td>\n<\/tr>\n<\/tbody>\n<\/table>\n<\/td>\n<\/tr>\n<\/tbody>\n<\/table>\n","protected":false},"excerpt":{"rendered":"<p>Na Jadranu se \u010das ustavi. Ne\u017eno \u0161umenje valov in zvoki galebov pri\u010darajo prav posebno vzdu\u0161je, medtem ko opazujete son\u010dni zahod, iz sosednje konobe pa odzvanjajo dalmatinske pesmi. \u017divljenje na jadranski obali je druga\u010dno. Bolj preprosto in neobremenjeno. \u017diveti v miru,<\/p>\n","protected":false},"author":1,"featured_media":0,"parent":0,"menu_order":0,"comment_status":"closed","ping_status":"closed","template":"","meta":[],"_links":{"self":[{"href":"http:\/\/www.hotel-zvezda.si\/index.php\/wp-json\/wp\/v2\/pages\/1503"}],"collection":[{"href":"http:\/\/www.hotel-zvezda.si\/index.php\/wp-json\/wp\/v2\/pages"}],"about":[{"href":"http:\/\/www.hotel-zvezda.si\/index.php\/wp-json\/wp\/v2\/types\/page"}],"author":[{"embeddable":true,"href":"http:\/\/www.hotel-zvezda.si\/index.php\/wp-json\/wp\/v2\/users\/1"}],"replies":[{"embeddable":true,"href":"http:\/\/www.hotel-zvezda.si\/index.php\/wp-json\/wp\/v2\/comments?post=1503"}],"version-history":[{"count":39,"href":"http:\/\/www.hotel-zvezda.si\/index.php\/wp-json\/wp\/v2\/pages\/1503\/revisions"}],"predecessor-version":[{"id":2200,"href":"http:\/\/www.hotel-zvezda.si\/index.php\/wp-json\/wp\/v2\/pages\/1503\/revisions\/2200"}],"wp:attachment":[{"href":"http:\/\/www.hotel-zvezda.si\/index.php\/wp-json\/wp\/v2\/media?parent=1503"}],"curies":[{"name":"wp","href":"https:\/\/api.w.org\/{rel}","templated":true}]}}