{"id":1469,"date":"2016-02-13T16:43:46","date_gmt":"2016-02-13T16:43:46","guid":{"rendered":"http:\/\/localhost\/hotel_zvezda\/?page_id=1469"},"modified":"2016-05-18T15:29:25","modified_gmt":"2016-05-18T15:29:25","slug":"mediteran","status":"publish","type":"page","link":"http:\/\/www.hotel-zvezda.si\/index.php\/mediteran\/","title":{"rendered":"Mediteran"},"content":{"rendered":"<table>\n<tbody>\n<tr>\n<td style=\"border: #F8F8F8;\" width=\"760px\">\n<table>\n<tr>\n<td style=\"border: #F8F8F8;\">\n<img decoding=\"async\" src=\"http:\/\/www.hotel-zvezda.si\/wp-content\/uploads\/2016\/02\/med1.jpg\"\/>\n<\/td>\n<\/tr>\n<tr>\n<td style=\"border: #F8F8F8;\">\n<span style=\"color: #333333;\"><\/p>\n<p style=\"text-align: justify;\">Naj vas najlep\u0161e pe\u0161\u010dene pla\u017ee, vrhunski all-inclusive hoteli, dolga dru\u017eenja, prepolne mize in pogledovanje na morski horizont s sanjskimi son\u010dnimi zahodi napolnijo z novo energijo.<\/p>\n<p style=\"text-align: justify;\">V Gr\u010diji vabita mediteranska spro\u0161\u010denost in odli\u010dna kuhinja v doma\u010dih tavernah. Na gr\u0161ki celini in na otokih so razdalje majhne, sanjske pla\u017ee pa kar kli\u010dejo, da jih odkrijete. Temperamentna in \u017eivahna \u0160panija navdu\u0161uje z le\u017eernostjo, ki se je hitro nalezete. Vrhunska all-inclusive ponudba je doma v Tur\u010diji, Tuniziji in v Egiptu. Na Malti in Severnem Cipru oto\u0161ko vzdu\u0161je zdru\u017euje bogato zgodovino in ljubezen do u\u017eivanja.<\/p>\n<p><\/span>\n<\/td>\n<\/tr>\n<tr>\n<td style=\"border: #F8F8F8;\">\n<img decoding=\"async\" src=\"http:\/\/www.hotel-zvezda.si\/wp-content\/uploads\/2016\/02\/med2.jpg\"\/>\n<\/td>\n<\/tr>\n<tr>\n<td style=\"border: #F8F8F8; padding:0px;\">\n<table>\n<tr>\n<td style=\"border: #F8F8F8; padding:0px; width:150px;\">\n<ul style=\"list-style-type:none; background-color: #0099FF; color:#FFFFFF; margin-bottom:0px;\"><strong>GR\u010cIJA<\/strong><\/p>\n<li style=\"background-color: #00AAFF; color:#FFFFFF\">HALKIDIKI<\/li>\n<li style=\"background-color: #00AAFF; color:#FFFFFF\">KALAMATA<\/li>\n<li style=\"background-color: #00AAFF; color:#FFFFFF\">LEFKAS<\/li>\n<li style=\"background-color: #00AAFF; color:#FFFFFF\">KEFALONIJA<\/li>\n<li style=\"background-color: #00AAFF; color:#FFFFFF\">ZAKINTOS<\/li>\n<li style=\"background-color: #00AAFF; color:#FFFFFF\">CHIOS<\/li>\n<li style=\"background-color: #00AAFF; color:#FFFFFF\">LEZBOS<\/li>\n<li style=\"background-color: #00AAFF; color:#FFFFFF\">SAMOS<\/li>\n<li style=\"background-color: #00AAFF; color:#FFFFFF\">KARPATOS<\/li>\n<li style=\"background-color: #00AAFF; color:#FFFFFF\">SANTORINI<\/li>\n<li style=\"background-color: #00AAFF; color:#FFFFFF\">KRETA<\/li>\n<li style=\"background-color: #00AAFF; color:#FFFFFF\">RODOS<\/li>\n<li style=\"background-color: #00AAFF; color:#FFFFFF\">KOS<\/li>\n<\/ul>\n<\/td>\n<td style=\"border: #F8F8F8; padding:0px; width:150px;\">\n<ul style=\"list-style-type:none; background-color: #CC3300; color:#FFFFFF; margin-bottom:0px;\"><strong>\u0160PANIJA<\/strong><\/p>\n<li style=\"background-color: #EE3300; color:#FFFFFF\">COSTA BRAVA<\/li>\n<\/ul>\n<ul style=\"list-style-type:none; background-color: #FF3366; color:#FFFFFF; margin-bottom:0px;\"><strong>MALTA<\/strong>\n<\/ul>\n<ul style=\"list-style-type:none; background-color: #009900; color:#FFFFFF; margin-bottom:0px;\"><strong>TUR\u010cIJA<\/strong><\/p>\n<li style=\"background-color: #00AA00; color:#FFFFFF\">ALANYA<\/li>\n<li style=\"background-color: #00AA00; color:#FFFFFF\">SIDE<\/li>\n<li style=\"background-color: #00AA00; color:#FFFFFF\">BELEK<\/li>\n<li style=\"background-color: #00AA00; color:#FFFFFF\">ANTALYA<\/li>\n<li style=\"background-color: #00AA00; color:#FFFFFF\">KEMER<\/li>\n<\/ul>\n<ul style=\"list-style-type:none; background-color: #006600; color:#FFFFFF; margin-bottom:0px;\"><strong>SEVERNI CIPER<\/strong>\n<\/ul>\n<ul style=\"list-style-type:none; background-color: #669900; color:#FFFFFF; margin-bottom:0px;\"><strong>TUNIZIJA<\/strong><\/p>\n<li style=\"background-color: #66AA00; color:#FFFFFF\">CELINSKA TUNIZIJA<\/li>\n<li style=\"background-color: #66AA00; color:#FFFFFF\">DJERBA<\/li>\n<\/ul>\n<\/td>\n<td style=\"border: #F8F8F8; padding:0px; width:150px;\">\n<ul style=\"list-style-type:none; background-color: #FF6600; color:#FFFFFF; margin-bottom:0px;\"><strong>EGIPT<\/strong><\/p>\n<li style=\"background-color: #FF9900; color:#FFFFFF\">MAKADI BAY<\/li>\n<li style=\"background-color: #FF9900; color:#FFFFFF\">HURGADA<\/li>\n<li style=\"background-color: #FF9900; color:#FFFFFF\">EL GOUNA<\/li>\n<li style=\"background-color: #FF9900; color:#FFFFFF\">SAHL HASHEESH<\/li>\n<li style=\"background-color: #FF9900; color:#FFFFFF\">SOMA BAY<\/li>\n<li style=\"background-color: #FF9900; color:#FFFFFF\">MARSA ALAM<\/li>\n<li style=\"background-color: #FF9900; color:#FFFFFF\">SHARM EL SHEIKH<\/li>\n<li style=\"background-color: #FF9900; color:#FFFFFF\">DAHAB<\/li>\n<\/ul>\n<\/td>\n<\/tr>\n<\/table>\n<\/td>\n<\/tr>\n<\/table>\n<\/td>\n<td style=\"border: #F8F8F8; vertical-align: top;\">\n<table>\n<tbody>\n<tr>\n<td style=\"border: #F8F8F8; text-align: left;\">\n<ul id=\"vmenu\">\n<li id=\"vmenu\"><a href=\"http:\/\/www.hotel-zvezda.si\/index.php\/enodnevni-izlet-po-pomurju\/\">Potep po Pomurju<\/a><\/li>\n<li id=\"vmenu\"><a href=\"http:\/\/www.hotel-zvezda.si\/index.php\/dve-republiki\/\">Dve republiki v dveh dneh<\/a><\/li>\n<li id=\"vmenu\"><a href=\"http:\/\/www.hotel-zvezda.si\/index.php\/evropa\/\">Evropa<\/a><\/li>\n<li id=\"vmenu\"><a style=\"background-color: #D7D5C8; color: #23201B;\">Mediteran<\/a><\/li>\n<li id=\"vmenu\"><a href=\"http:\/\/www.hotel-zvezda.si\/index.php\/jadran\/\">Jadran<\/a><\/li>\n<\/ul>\n<\/td>\n<\/tr>\n<tr>\n<td style=\"border: #F8F8F8;\">\n<img decoding=\"async\" src=\"http:\/\/www.hotel-zvezda.si\/wp-content\/uploads\/2016\/02\/palma_logo2.png\"\/>\n<\/td>\n<\/tr>\n<\/tbody>\n<\/table>\n<\/td>\n<\/tr>\n<\/tbody>\n<\/table>\n","protected":false},"excerpt":{"rendered":"<p>Naj vas najlep\u0161e pe\u0161\u010dene pla\u017ee, vrhunski all-inclusive hoteli, dolga dru\u017eenja, prepolne mize in pogledovanje na morski horizont s sanjskimi son\u010dnimi zahodi napolnijo z novo energijo. V Gr\u010diji vabita mediteranska spro\u0161\u010denost in odli\u010dna kuhinja v doma\u010dih tavernah. Na gr\u0161ki celini in<\/p>\n","protected":false},"author":1,"featured_media":0,"parent":0,"menu_order":0,"comment_status":"closed","ping_status":"closed","template":"","meta":[],"_links":{"self":[{"href":"http:\/\/www.hotel-zvezda.si\/index.php\/wp-json\/wp\/v2\/pages\/1469"}],"collection":[{"href":"http:\/\/www.hotel-zvezda.si\/index.php\/wp-json\/wp\/v2\/pages"}],"about":[{"href":"http:\/\/www.hotel-zvezda.si\/index.php\/wp-json\/wp\/v2\/types\/page"}],"author":[{"embeddable":true,"href":"http:\/\/www.hotel-zvezda.si\/index.php\/wp-json\/wp\/v2\/users\/1"}],"replies":[{"embeddable":true,"href":"http:\/\/www.hotel-zvezda.si\/index.php\/wp-json\/wp\/v2\/comments?post=1469"}],"version-history":[{"count":44,"href":"http:\/\/www.hotel-zvezda.si\/index.php\/wp-json\/wp\/v2\/pages\/1469\/revisions"}],"predecessor-version":[{"id":2202,"href":"http:\/\/www.hotel-zvezda.si\/index.php\/wp-json\/wp\/v2\/pages\/1469\/revisions\/2202"}],"wp:attachment":[{"href":"http:\/\/www.hotel-zvezda.si\/index.php\/wp-json\/wp\/v2\/media?parent=1469"}],"curies":[{"name":"wp","href":"https:\/\/api.w.org\/{rel}","templated":true}]}}