{"id":1437,"date":"2016-02-13T01:05:33","date_gmt":"2016-02-13T01:05:33","guid":{"rendered":"http:\/\/localhost\/hotel_zvezda\/?page_id=1437"},"modified":"2016-05-18T15:21:28","modified_gmt":"2016-05-18T15:21:28","slug":"evropa","status":"publish","type":"page","link":"http:\/\/www.hotel-zvezda.si\/index.php\/evropa\/","title":{"rendered":"Evropa"},"content":{"rendered":"<table>\n<tbody>\n<tr>\n<td style=\"border: #F8F8F8;\" width=\"760px\">\n<table>\n<tr>\n<td style=\"border: #F8F8F8;\">\n<img decoding=\"async\" src=\"http:\/\/www.hotel-zvezda.si\/wp-content\/uploads\/2016\/02\/evr2.jpg\"\/>\n<\/td>\n<\/tr>\n<tr>\n<td style=\"border: #F8F8F8;\">\n<span style=\"color: #333333;\"><\/p>\n<p style=\"text-align: justify;\">Z navdu\u0161enjem ustvarjamo programe izletov in potovanj po Evropi, pa naj gre za enodnevni skok v lepa bli\u017enja mesta, vikend oddih v eni od prestolnic ali kro\u017eno potovanje z avtobusom.<\/p>\n<p style=\"text-align: justify;\">Pojdite z nami na potep v najlep\u0161e evropske prestolnice, v slikovita mesta, po ravnicah, hribih in dolinah, na obale mediteranskih de\u017eel, na sever in jug, v ritmih polke, flamenka, val\u010dka, kola, sirtakija v vse evropske smeri.<\/p>\n<p><\/span>\n<\/td>\n<\/tr>\n<tr>\n<td style=\"border: #F8F8F8; text-align:center;\">\n<img decoding=\"async\" src=\"http:\/\/www.hotel-zvezda.si\/wp-content\/uploads\/2016\/02\/evr3.jpg\"\/>\n<\/td>\n<\/tr>\n<tr>\n<td style=\"border: #F8F8F8; padding:0px;\">\n<table>\n<tr>\n<td style=\"border: #F8F8F8; padding:0px; width:150px;\">\n<ul style=\"padding:0px; list-style-type:none;\">\n<li style=\"background-color: #0099FF; color:#FFFFFF\"><strong>ITALIJA<\/strong><\/li>\n<li style=\"background-color: #FF3300; color:#FFFFFF\"><strong>\u0160PANIJA<\/strong><\/li>\n<li style=\"background-color: #FF6633; color:#FFFFFF\"><strong>PORTUGALSKA<\/strong><\/li>\n<li style=\"background-color: #663399; color:#FFFFFF\"><strong>FRANCIJA<\/strong><\/li>\n<li style=\"background-color: #009900; color:#FFFFFF\"><strong>TUR\u010cIJA<\/strong><\/li>\n<li style=\"background-color: #0033FF; color:#FFFFFF\"><strong>AVSTRIJA<\/strong><\/li>\n<li style=\"background-color: #0099FF; color:#FFFFFF\"><strong>NEM\u010cIJA<\/strong><\/li>\n<li style=\"background-color: #FF3300; color:#FFFFFF\"><strong>\u0160VICA<\/strong><\/li>\n<li style=\"background-color: #FF6633; color:#FFFFFF\"><strong>NIZOZEMSKA IN BELGIJA<\/strong><\/li>\n<li style=\"background-color: #663399; color:#FFFFFF\"><strong>MAD\u017dARSKA<\/strong><\/li>\n<\/ul>\n<\/td>\n<td style=\"border: #F8F8F8; padding:0px; width:150px;\">\n<ul style=\"padding:0px; list-style-type:none;\">\n<li style=\"background-color: #009900; color:#FFFFFF\"><strong>\u010cE\u0160KA IN SLOVA\u0160KA<\/strong><\/li>\n<li style=\"background-color: #0033FF; color:#FFFFFF\"><strong>POLJSKA<\/strong><\/li>\n<li style=\"background-color: #0099FF; color:#FFFFFF\"><strong>SLOVENIJA<\/strong><\/li>\n<li style=\"background-color: #FF3300; color:#FFFFFF\"><strong>HRVA\u0160KA<\/strong><\/li>\n<li style=\"background-color: #FF6633; color:#FFFFFF\"><strong>SRBIJA<\/strong><\/li>\n<li style=\"background-color: #663399; color:#FFFFFF\"><strong>BOSNA IN HERCEGOVINA<\/strong><\/li>\n<li style=\"background-color: #009900; color:#FFFFFF\"><strong>\u010cRNA GORA<\/strong><\/li>\n<li style=\"background-color: #0033FF; color:#FFFFFF\"><strong>MAKEDONIJA<\/strong><\/li>\n<li style=\"background-color: #0099FF; color:#FFFFFF\"><strong>GR\u010cIJA<\/strong><\/li>\n<li style=\"background-color: #FF3300; color:#FFFFFF\"><strong>CIPER<\/strong><\/li>\n<\/ul>\n<\/td>\n<td style=\"border: #F8F8F8; padding:0px; width:150px;\">\n<ul style=\"padding:0px; list-style-type:none;\">\n<li style=\"background-color: #FF6633; color:#FFFFFF\"><strong>ALBANIJA<\/strong><\/li>\n<li style=\"background-color: #663399; color:#FFFFFF\"><strong>MALTA<\/strong><\/li>\n<li style=\"background-color: #009900; color:#FFFFFF\"><strong>BOLGARIJA<\/strong><\/li>\n<li style=\"background-color: #0033FF; color:#FFFFFF\"><strong>ROMUNIJA<\/strong><\/li>\n<li style=\"background-color: #0099FF; color:#FFFFFF\"><strong>VELIKA BRITANIJA<\/strong><\/li>\n<li style=\"background-color: #FF3300; color:#FFFFFF\"><strong>\u0160KOTSKA IN IRSKA<\/strong><\/li>\n<li style=\"background-color: #FF6633; color:#FFFFFF\"><strong>SKANDINAVIJA<\/strong><\/li>\n<li style=\"background-color: #663399; color:#FFFFFF\"><strong>ISLANDIJA<\/strong><\/li>\n<li style=\"background-color: #009900; color:#FFFFFF\"><strong>BALTSKE DR\u017dAVE<\/strong><\/li>\n<li style=\"background-color: #0033FF; color:#FFFFFF\"><strong>RUSIJA<\/strong><\/li>\n<\/ul>\n<\/td>\n<\/tr>\n<\/table>\n<\/td>\n<\/tr>\n<\/table>\n<\/td>\n<td style=\"border: #F8F8F8; vertical-align: top;\">\n<table>\n<tbody>\n<tr>\n<td style=\"border: #F8F8F8; text-align: left;\">\n<ul id=\"vmenu\">\n<li id=\"vmenu\"><a href=\"http:\/\/www.hotel-zvezda.si\/index.php\/enodnevni-izlet-po-pomurju\/\">Potep po Pomurju<\/a><\/li>\n<li id=\"vmenu\"><a href=\"http:\/\/www.hotel-zvezda.si\/index.php\/dve-republiki\/\">Dve republiki v dveh dneh<\/a><\/li>\n<li id=\"vmenu\"><a style=\"background-color: #D7D5C8; color: #23201B;\">Evropa<\/a><\/li>\n<li id=\"vmenu\"><a href=\"http:\/\/www.hotel-zvezda.si\/index.php\/mediteran\/\">Mediteran<\/a><\/li>\n<li id=\"vmenu\"><a href=\"http:\/\/www.hotel-zvezda.si\/index.php\/jadran\/\">Jadran<\/a><\/li>\n<\/ul>\n<\/td>\n<\/tr>\n<tr>\n<td style=\"border: #F8F8F8;\">\n<img decoding=\"async\" src=\"http:\/\/www.hotel-zvezda.si\/wp-content\/uploads\/2016\/02\/palma_logo2.png\"\/>\n<\/td>\n<\/tr>\n<\/tbody>\n<\/table>\n<\/td>\n<\/tr>\n<\/tbody>\n<\/table>\n","protected":false},"excerpt":{"rendered":"<p>Z navdu\u0161enjem ustvarjamo programe izletov in potovanj po Evropi, pa naj gre za enodnevni skok v lepa bli\u017enja mesta, vikend oddih v eni od prestolnic ali kro\u017eno potovanje z avtobusom. Pojdite z nami na potep v najlep\u0161e evropske prestolnice, v<\/p>\n","protected":false},"author":1,"featured_media":0,"parent":0,"menu_order":0,"comment_status":"closed","ping_status":"closed","template":"","meta":[],"_links":{"self":[{"href":"http:\/\/www.hotel-zvezda.si\/index.php\/wp-json\/wp\/v2\/pages\/1437"}],"collection":[{"href":"http:\/\/www.hotel-zvezda.si\/index.php\/wp-json\/wp\/v2\/pages"}],"about":[{"href":"http:\/\/www.hotel-zvezda.si\/index.php\/wp-json\/wp\/v2\/types\/page"}],"author":[{"embeddable":true,"href":"http:\/\/www.hotel-zvezda.si\/index.php\/wp-json\/wp\/v2\/users\/1"}],"replies":[{"embeddable":true,"href":"http:\/\/www.hotel-zvezda.si\/index.php\/wp-json\/wp\/v2\/comments?post=1437"}],"version-history":[{"count":50,"href":"http:\/\/www.hotel-zvezda.si\/index.php\/wp-json\/wp\/v2\/pages\/1437\/revisions"}],"predecessor-version":[{"id":2192,"href":"http:\/\/www.hotel-zvezda.si\/index.php\/wp-json\/wp\/v2\/pages\/1437\/revisions\/2192"}],"wp:attachment":[{"href":"http:\/\/www.hotel-zvezda.si\/index.php\/wp-json\/wp\/v2\/media?parent=1437"}],"curies":[{"name":"wp","href":"https:\/\/api.w.org\/{rel}","templated":true}]}}