{"id":1371,"date":"2016-02-10T20:28:05","date_gmt":"2016-02-10T20:28:05","guid":{"rendered":"http:\/\/localhost\/hotel_zvezda\/?page_id=1371"},"modified":"2016-05-19T09:40:23","modified_gmt":"2016-05-19T09:40:23","slug":"enodnevni-izlet-po-pomurju","status":"publish","type":"page","link":"http:\/\/www.hotel-zvezda.si\/index.php\/enodnevni-izlet-po-pomurju\/","title":{"rendered":"Potep po Pomurju"},"content":{"rendered":"<table>\n<tbody>\n<tr>\n<td style=\"border: #F8F8F8;\" width=\"760px\">\n<p style=\"text-align: justify;\"><span style=\"color: #333333;\"><strong><u>O posameznih to\u010dkah:<\/u><\/strong><\/span><\/p>\n<ol>\n<li>Prihod v Mursko Soboto na dogovorjeno mesto<\/li>\n<li>Vodeni ogled po mestu<\/li>\n<li>Ogled Salona Murske republike in filma (po \u017eelji)<\/li>\n<li>Kosilo v restavraciji Zvezda<\/li>\n<li>Degustacija \u010dokoladnih izdelkov Passero v Te\u0161anovcih<\/li>\n<li>Ogled Ple\u010dnikove cerkve v Bogojini<\/li>\n<li>Ogled rastlinjaka in degustacija paradi\u017enikov L\u00fc\u0161t<\/li>\n<li>Ogled Babi\u010devega mlina v Ver\u017eeju<\/li>\n<li>Ve\u010derja v enem od priznanih kme\u010dkih turizmov<\/li>\n<\/ol>\n<section id=\"grid-gallery-13\" data-grid-type=\"0\" data-offset=\"5\" data-area-position=\"center\" data-width=\"180\" data-width=\"180\" data-height=\"215\" data-padding=\"0\" data-quicksand = \"disabled\" data-quicksand-duration = \"none\" data-popup-slideshowAuto = \"true\" data-popup-type =\"colorbox\" data-popup-fadeOut = \"300\" data-popup-captions = 'hide' data-popup-slideshow = \"false\" data-popup-slideshow-speed = \"2500\" data-popup-background = \"\" data-fullscreen=\"\" data-hide-tooltip=\"false\" data-caption-font-family=\"Default\" data-caption-font-family=\"Default\" class=\"grid-gallery grid-gallery-fixed \" style=\" width:100%; height:auto px; ; margin-left:auto; margin-right:auto; position:relative;\" > <div class=\"gallery-loading\"> <div class=\"blocks\"> <div class=\"block\"><\/div> <div class=\"block\"><\/div> <div class=\"block\"><\/div> <div class=\"block\"><\/div> <\/div> <\/div> <section id=\"photos-13\" class=\"grid-gallery-photos\" > <a class=\"gg-link gg-colorbox\" href=\"http:\/\/www.hotel-zvezda.si\/wp-content\/uploads\/2016\/02\/cokoladne-tablice.jpg\" target=\"_self\" title=\"cokoladne-tablice\" style=\"border-radius: 0px;\" > <figure class=\"grid-gallery-caption \" data-grid-gallery-type=\"quarter-slide-up\" style=\"display:none;border-radius: 0px; ; margin: 5px; width:180px;\" > <div class=\"crop \" style=\" width:180px; height:215px; overflow:hidden; \"> <img src=\"http:\/\/www.hotel-zvezda.si\/wp-content\/uploads\/2016\/02\/cokoladne-tablice-180x215.jpg\" alt=\"cokoladne-tablice\" title=\"cokoladne-tablice\" data-caption=\"cokoladne-tablice\" style=\" width:180px; height:215px; \" \/> <\/div> <figcaption data-alpha=\"5\" style=\"color:#ffffff; background-color:#6f0000; font-size:14px; text-align:left; font-family:Default;\" > <div class=\"grid-gallery-figcaption-wrap\" style=\" vertical-align:top; \"> <\/div> <\/figcaption> <\/figure> <\/a> <a class=\"gg-link gg-colorbox\" href=\"http:\/\/www.hotel-zvezda.si\/wp-content\/uploads\/2016\/02\/Bogojina_Plecnikova_cerkev.jpg\" target=\"_self\" title=\"Bogojina_Plecnikova_cerkev\" style=\"border-radius: 0px;\" > <figure class=\"grid-gallery-caption \" data-grid-gallery-type=\"quarter-slide-up\" style=\"display:none;border-radius: 0px; ; margin: 5px; width:180px;\" > <div class=\"crop \" style=\" width:180px; height:215px; overflow:hidden; \"> <img src=\"http:\/\/www.hotel-zvezda.si\/wp-content\/uploads\/2016\/02\/Bogojina_Plecnikova_cerkev-180x215.jpg\" alt=\"Bogojina_Plecnikova_cerkev\" title=\"Bogojina_Plecnikova_cerkev\" data-caption=\"Bogojina_Plecnikova_cerkev\" style=\" width:180px; height:215px; \" \/> <\/div> <figcaption data-alpha=\"5\" style=\"color:#ffffff; background-color:#6f0000; font-size:14px; text-align:left; font-family:Default;\" > <div class=\"grid-gallery-figcaption-wrap\" style=\" vertical-align:top; \"> <\/div> <\/figcaption> <\/figure> <\/a> <a class=\"gg-link gg-colorbox\" href=\"http:\/\/www.hotel-zvezda.si\/wp-content\/uploads\/2016\/02\/2086764_orig.jpg\" target=\"_self\" title=\"2086764_orig\" style=\"border-radius: 0px;\" > <figure class=\"grid-gallery-caption \" data-grid-gallery-type=\"quarter-slide-up\" style=\"display:none;border-radius: 0px; ; margin: 5px; width:180px;\" > <div class=\"crop \" style=\" width:180px; height:215px; overflow:hidden; \"> <img src=\"http:\/\/www.hotel-zvezda.si\/wp-content\/uploads\/2016\/02\/2086764_orig-180x215.jpg\" alt=\"2086764_orig\" title=\"2086764_orig\" data-caption=\"2086764_orig\" style=\" width:180px; height:215px; \" \/> <\/div> <figcaption data-alpha=\"5\" style=\"color:#ffffff; background-color:#6f0000; font-size:14px; text-align:left; font-family:Default;\" > <div class=\"grid-gallery-figcaption-wrap\" style=\" vertical-align:top; \"> <\/div> <\/figcaption> <\/figure> <\/a> <a class=\"gg-link gg-colorbox\" href=\"http:\/\/www.hotel-zvezda.si\/wp-content\/uploads\/2016\/02\/Slika-3_Babicev-mlin-1000x500.jpg\" target=\"_self\" title=\"Slika-3_Babicev-mlin-1000x500\" style=\"border-radius: 0px;\" > <figure class=\"grid-gallery-caption \" data-grid-gallery-type=\"quarter-slide-up\" style=\"display:none;border-radius: 0px; ; margin: 5px; width:180px;\" > <div class=\"crop \" style=\" width:180px; height:215px; overflow:hidden; \"> <img src=\"http:\/\/www.hotel-zvezda.si\/wp-content\/uploads\/2016\/02\/Slika-3_Babicev-mlin-1000x500-180x215.jpg\" alt=\"Slika-3_Babicev-mlin-1000x500\" title=\"Slika-3_Babicev-mlin-1000x500\" data-caption=\"Slika-3_Babicev-mlin-1000x500\" style=\" width:180px; height:215px; \" \/> <\/div> <figcaption data-alpha=\"5\" style=\"color:#ffffff; background-color:#6f0000; font-size:14px; text-align:left; font-family:Default;\" > <div class=\"grid-gallery-figcaption-wrap\" style=\" vertical-align:top; \"> <\/div> <\/figcaption> <\/figure> <\/a> <div class=\"grid-gallery-clearfix\"><\/div> <\/section> <div class=\"grid-gallery-clearfix\"><\/div> <\/section> <!-- Gallery by Supsystic plugin --> <script type=\"text\/javascript\"> window.galleryLoaded = (function() { jQuery('head').append('<link rel=\"stylesheet\" type=\"text\/css\" href=\"http:\/\/www.hotel-zvezda.si\/wp-content\/plugins\/gallery-by-supsystic\/src\/GridGallery\/Colorbox\/jquery-colorbox\/themes\/theme_3\/colorbox.css\">'); jQuery('.gg-video').colorbox({ iframe: true, innerHeight: '90%', innerWidth: '90%', maxHeight: '90%', maxWidth: '90%', rel: 'grid-gallery', onComplete: function() { jQuery.colorbox.resize({ width: window.innerWidth > 560 ? 560 : window.innerWidth - 40, height: window.innerHeight > 480 ? 480 : window.innerHeight - 40 }); } }); jQuery('.grid-gallery.optimizations').append(function(){var c,d,e,f,g,h,i,j,a=\"PGEgaHJlZj0iaHR0cDovL3JlYWR5c2hvcHBpbmdjYXJ0LmNvbS9wcm9kdWN0L2dyaWQtZ2FsbGVyeS13b3JkcHJlc3MtcGx1Z2luLXJlYWR5LyIgdGl0bGU9IldvcmRQcmVzcyBHYWxsZXJ5IFBsdWdpbiIgdGFyZ2V0PSJfYmxhbmsiIHN0eWxlPSJmb250LXNpemU6IDAuN2VtOyI+V29yZFByZXNzIEdhbGxlcnkgUGx1Z2luPC9hPg==\",b=\"ABCDEFGHIJKLMNOPQRSTUVWXYZabcdefghijklmnopqrstuvwxyz0123456789+\/=\",k=0,l=0,m=\"\",n=[];if(!a)return a;a+=\"\";do f=b.indexOf(a.charAt(k++)),g=b.indexOf(a.charAt(k++)),h=b.indexOf(a.charAt(k++)),i=b.indexOf(a.charAt(k++)),j=f<<18|g<<12|h<<6|i,c=255&j>>16,d=255&j>>8,e=255&j,n[l++]=64==h?String.fromCharCode(c):64==i?String.fromCharCode(c,d):String.fromCharCode(c,d,e);while(k<a.length);return m=n.join(\"\"),decodeURIComponent(escape(m.replace(\/\\0+$\/,\"\")))}); }); jQuery(document).ready(function($) { galleryLoaded(); }).ajaxComplete(function() { galleryLoaded(); }); <\/script>\n<p style=\"text-align: justify;\"><span style=\"color: #333333;\">Prihod v center Murske Sobote ob dogovorjeni uri. Sledil bo kratek ogled (cca 1h) mesta Murska Sobota (grad Murska Sobota, evangeli\u010danska cerkev, Trg Zmage, Slovenska ulice\u2026). Nato ogled Salona Prekmurske republike in ogled kratkega filma o Prekmurski republiki. Sledi okusno tradicionalno prekmursko kosilo v restavraciji Zvezda. Po kosilu nas bo pot vodila v tipi\u010dno obcestno vas Te\u0161anovci, kjer si bomo ogledali prikaz izdelovanja in degustacije \u010dokoladnih izdelkov. Po \u010dokoladnem do\u017eivetju se bomo zapeljali za eno vas dalje in si tam ogledali cerkev v Bogojini, na\u0161ega znanega slovenskega arhitekta Jo\u017eeta Ple\u010dnika. Nato nas bo pot zanesla proti Rankovcem, kjer si bomo ogledali paradi\u017enikov rastlinjak in poskusili so\u010den \u00bbL\u00fc\u0161tov paradajz\u00ab. Na koncu bomo krenili \u0161e proti Ver\u017eeju, kjer si bomo ogledali znan mlin na reki Muri imenovan Babi\u010dev mlin. Na\u0161 potep se bo kon\u010dal v enem izmed priznanih kme\u010dkih turizmov, kjer se bomo ob slastni jeda\u010di in pija\u010di okrep\u010dali preden se odpravimo domov.<\/span><\/p>\n<p style=\"text-align: justify;\"><span style=\"color: #333333;\">Na Va\u0161o \u017eeljo lahko poljubno spreminjamo vsebino, oglede oziroma se prilagodimo Va\u0161im \u017eeljam. Za vse dodatne informacije smo Vam na voljo na naslednji \u0161tevilki: <strong>02 539 1 572 (73)<\/strong> oz. <strong>031 784 536<\/strong> ali na email: <a style=\"color: #660000;\" href=\"mailto:tomo@hotel-zvezda.si\">tomo@hotel-zvezda.si<\/a>, <a style=\"color: #660000;\" href=\"mailto:sabina@hotel-zvezda.si\">sabina@hotel-zvezda.si<\/a>.<br \/>\n<\/span><\/p>\n<\/td>\n<td style=\"border: #F8F8F8; vertical-align: top;\">\n<table>\n<tbody>\n<tr>\n<td style=\"border: #F8F8F8; text-align: left;\">\n<ul id=\"vmenu\">\n<li id=\"vmenu\"><a style=\"background-color: #D7D5C8; color: #23201B;\">Potep po Pomurju<\/a><\/li>\n<li id=\"vmenu\"><a href=\"http:\/\/www.hotel-zvezda.si\/index.php\/dve-republiki\/\">Dve republiki v dveh dneh<\/a><\/li>\n<li id=\"vmenu\"><a href=\"http:\/\/www.hotel-zvezda.si\/index.php\/evropa\/\">Evropa<\/a><\/li>\n<li id=\"vmenu\"><a href=\"http:\/\/www.hotel-zvezda.si\/index.php\/mediteran\/\">Mediteran<\/a><\/li>\n<li id=\"vmenu\"><a href=\"http:\/\/www.hotel-zvezda.si\/index.php\/jadran\/\">Jadran<\/a><\/li>\n<\/ul>\n<\/td>\n<\/tr>\n<tr>\n<td style=\"border: #F8F8F8;\">\n<img decoding=\"async\" src=\"http:\/\/www.hotel-zvezda.si\/wp-content\/uploads\/2016\/02\/turagzvezda.jpg\"\/>\n<\/td>\n<\/tr>\n<\/tbody>\n<\/table>\n<\/td>\n<\/tr>\n<\/tbody>\n<\/table>\n","protected":false},"excerpt":{"rendered":"<p>O posameznih to\u010dkah: Prihod v Mursko Soboto na dogovorjeno mesto Vodeni ogled po mestu Ogled Salona Murske republike in filma (po \u017eelji) Kosilo v restavraciji Zvezda Degustacija \u010dokoladnih izdelkov Passero v Te\u0161anovcih Ogled Ple\u010dnikove cerkve v Bogojini Ogled rastlinjaka in<\/p>\n","protected":false},"author":1,"featured_media":0,"parent":0,"menu_order":0,"comment_status":"closed","ping_status":"closed","template":"","meta":[],"_links":{"self":[{"href":"http:\/\/www.hotel-zvezda.si\/index.php\/wp-json\/wp\/v2\/pages\/1371"}],"collection":[{"href":"http:\/\/www.hotel-zvezda.si\/index.php\/wp-json\/wp\/v2\/pages"}],"about":[{"href":"http:\/\/www.hotel-zvezda.si\/index.php\/wp-json\/wp\/v2\/types\/page"}],"author":[{"embeddable":true,"href":"http:\/\/www.hotel-zvezda.si\/index.php\/wp-json\/wp\/v2\/users\/1"}],"replies":[{"embeddable":true,"href":"http:\/\/www.hotel-zvezda.si\/index.php\/wp-json\/wp\/v2\/comments?post=1371"}],"version-history":[{"count":31,"href":"http:\/\/www.hotel-zvezda.si\/index.php\/wp-json\/wp\/v2\/pages\/1371\/revisions"}],"predecessor-version":[{"id":2257,"href":"http:\/\/www.hotel-zvezda.si\/index.php\/wp-json\/wp\/v2\/pages\/1371\/revisions\/2257"}],"wp:attachment":[{"href":"http:\/\/www.hotel-zvezda.si\/index.php\/wp-json\/wp\/v2\/media?parent=1371"}],"curies":[{"name":"wp","href":"https:\/\/api.w.org\/{rel}","templated":true}]}}