{"id":1142,"date":"2016-02-06T21:05:34","date_gmt":"2016-02-06T21:05:34","guid":{"rendered":"http:\/\/localhost\/hotel_zvezda\/?page_id=1142"},"modified":"2024-11-25T09:24:17","modified_gmt":"2024-11-25T09:24:17","slug":"solate","status":"publish","type":"page","link":"http:\/\/www.hotel-zvezda.si\/index.php\/solate\/","title":{"rendered":"Ponudba kosil"},"content":{"rendered":"<p><\/p>\n<div id=\"tinder_content_1142\" class=\"tinder_content_preview\">\n<div id=\"tinder_content_1142\" class=\"tinder_content_preview\">\n<p><span style=\"color: #333333;\" data-mce-style=\"color: #333333;\">Na tej strani vam bo na voljo ponudba kosil, ki jih dnevno stre\u017eemo v restavraciji in pivnici Zvezda ter na letnem vrtu. Kosila so vam na voljo vsak dan med 11.00 in 16.00 uro.<\/span><\/p>\n<p>Kosilo zajema: dnevno samopostre\u017eno juho (dve vrsti), stre\u017eeno glavno jed, samopostre\u017eno solato in sladico.<\/p>\n<table class=\"mce-item-table\">\n<tbody>\n<tr>\n<td style=\"border: #F8F8F8;\" data-mce-style=\"border: #F8F8F8;\">\n<p><span style=\"color: #333333;\" data-mce-style=\"color: #333333;\"><span style=\"color: #333333;\" data-mce-style=\"color: #333333;\">Cena kosil:<\/span><\/span><\/p>\n<ul>\n<li>med tednom: 7,50 \u20ac<\/li>\n<li>ob nedeljah (samopostre\u017eno kosilo): 9,50 \u20ac<\/li>\n<\/ul>\n<\/td>\n<td style=\"border: #F8F8F8;\" data-mce-style=\"border: #F8F8F8;\">\n<table class=\"mce-item-table\">\n<tbody>\n<tr>\n<td style=\"border: #F8F8F8; padding: 0;\" data-mce-style=\"border: #F8F8F8; padding: 0;\">\n<ul id=\"meni\">\n<li><a href=\"http:\/\/www.hotel-zvezda.si\/index.php\/restavracija\/ponudba-kosil\/#title_48\" data-mce-href=\"http:\/\/www.hotel-zvezda.si\/index.php\/restavracija\/ponudba-kosil\/#title_48\">Zvezdine dobrote<\/a><\/li>\n<li><a href=\"http:\/\/www.hotel-zvezda.si\/index.php\/prekmurske-specialitete\/#title_1116\" data-mce-href=\"http:\/\/www.hotel-zvezda.si\/index.php\/prekmurske-specialitete\/#title_1116\">Prekmurske specialitete<\/a><\/li>\n<li><a href=\"http:\/\/www.hotel-zvezda.si\/index.php\/hladne-zacetne-jedi\/#title_1130\" data-mce-href=\"http:\/\/www.hotel-zvezda.si\/index.php\/hladne-zacetne-jedi\/#title_1130\">Hladne za\u010detne jedi<\/a><\/li>\n<li><a href=\"http:\/\/www.hotel-zvezda.si\/index.php\/juhe\/#title_1132\" data-mce-href=\"http:\/\/www.hotel-zvezda.si\/index.php\/juhe\/#title_1132\">Juhe<\/a><\/li>\n<li><a href=\"http:\/\/www.hotel-zvezda.si\/index.php\/ribe\/#title_1136\" data-mce-href=\"http:\/\/www.hotel-zvezda.si\/index.php\/ribe\/#title_1136\">Ribe<\/a><\/li>\n<\/ul>\n<\/td>\n<\/tr>\n<tr>\n<td style=\"border: #F8F8F8; padding: 0;\" data-mce-style=\"border: #F8F8F8; padding: 0;\">\n<ul id=\"meni\">\n<li><a href=\"http:\/\/www.hotel-zvezda.si\/index.php\/tople-zacetne-jedi\/#title_1134\" data-mce-href=\"http:\/\/www.hotel-zvezda.si\/index.php\/tople-zacetne-jedi\/#title_1134\">Tople za\u010detne jedi<\/a><\/li>\n<li><a href=\"http:\/\/www.hotel-zvezda.si\/index.php\/jedi-po-narocilu\/#title_1138\" data-mce-href=\"http:\/\/www.hotel-zvezda.si\/index.php\/jedi-po-narocilu\/#title_1138\">Jedi po naro\u010dilu<\/a><\/li>\n<li><a href=\"http:\/\/www.hotel-zvezda.si\/index.php\/priloge\/#title_1140\" data-mce-href=\"http:\/\/www.hotel-zvezda.si\/index.php\/priloge\/#title_1140\">Priloge<\/a><\/li>\n<li><a style=\"background-color: #d7d5c8; color: #23201b;\" data-mce-style=\"background-color: #d7d5c8; color: #23201b;\">Solate<\/a><\/li>\n<li><a href=\"http:\/\/www.hotel-zvezda.si\/index.php\/siri\/#title_1184\" data-mce-href=\"http:\/\/www.hotel-zvezda.si\/index.php\/siri\/#title_1184\">Siri<\/a><\/li>\n<li><a href=\"http:\/\/www.hotel-zvezda.si\/index.php\/sladice\/#title_1144\" data-mce-href=\"http:\/\/www.hotel-zvezda.si\/index.php\/sladice\/#title_1144\">Sladice<\/a><\/li>\n<\/ul>\n<\/td>\n<\/tr>\n<\/tbody>\n<\/table>\n<\/td>\n<\/tr>\n<\/tbody>\n<tbody>\n<tr>\n<td style=\"border: #F8F8F8; vertical-align: top; background-image: url('http:\/\/www.hotel-zvezda.si\/wp-content\/uploads\/2015\/11\/solatelevo.jpg'); background-position: top center; background-repeat: no-repeat;\" width=\"220px\" height=\"1000px\" data-mce-style=\"border: #F8F8F8; vertical-align: top; background-image: url('http:\/\/www.hotel-zvezda.si\/wp-content\/uploads\/2015\/11\/solatelevo.jpg'); background-position: top center; background-repeat: no-repeat;\"><\/td>\n<td style=\"border: #F8F8F8; vertical-align: top;\" data-mce-style=\"border: #F8F8F8; vertical-align: top;\">\n<div class=\"lunchmenu\">\n<table class=\"aligncenter mce-item-table\" style=\"width: 520px;\" data-mce-style=\"width: 520px;\">\n<tbody>\n<tr>\n<td style=\"text-align: left; border: #F8F8F8;\" data-mce-style=\"text-align: left; border: #F8F8F8;\"><br data-mce-bogus=\"1\"><\/td>\n<\/tr>\n<\/tbody>\n<\/table>\n<\/div>\n<\/td>\n<td style=\"border: #F8F8F8; vertical-align: top; background-image: url('http:\/\/www.hotel-zvezda.si\/wp-content\/uploads\/2015\/11\/solatedesno.jpg'); background-position: top center; background-repeat: no-repeat;\" width=\"220px\" height=\"1000px\" data-mce-style=\"border: #F8F8F8; vertical-align: top; background-image: url('http:\/\/www.hotel-zvezda.si\/wp-content\/uploads\/2015\/11\/solatedesno.jpg'); background-position: top center; background-repeat: no-repeat;\"><\/td>\n<\/tr>\n<\/tbody>\n<\/table>\n<\/div>\n<\/div>\n","protected":false},"excerpt":{"rendered":"<p>Na tej strani vam bo na voljo ponudba kosil, ki jih dnevno stre\u017eemo v restavraciji in pivnici Zvezda ter na letnem vrtu. Kosila so vam na voljo vsak dan med 11.00 in 16.00 uro. Kosilo zajema: dnevno samopostre\u017eno juho (dve<\/p>\n","protected":false},"author":1,"featured_media":0,"parent":0,"menu_order":0,"comment_status":"closed","ping_status":"closed","template":"","meta":[],"_links":{"self":[{"href":"http:\/\/www.hotel-zvezda.si\/index.php\/wp-json\/wp\/v2\/pages\/1142"}],"collection":[{"href":"http:\/\/www.hotel-zvezda.si\/index.php\/wp-json\/wp\/v2\/pages"}],"about":[{"href":"http:\/\/www.hotel-zvezda.si\/index.php\/wp-json\/wp\/v2\/types\/page"}],"author":[{"embeddable":true,"href":"http:\/\/www.hotel-zvezda.si\/index.php\/wp-json\/wp\/v2\/users\/1"}],"replies":[{"embeddable":true,"href":"http:\/\/www.hotel-zvezda.si\/index.php\/wp-json\/wp\/v2\/comments?post=1142"}],"version-history":[{"count":27,"href":"http:\/\/www.hotel-zvezda.si\/index.php\/wp-json\/wp\/v2\/pages\/1142\/revisions"}],"predecessor-version":[{"id":3237,"href":"http:\/\/www.hotel-zvezda.si\/index.php\/wp-json\/wp\/v2\/pages\/1142\/revisions\/3237"}],"wp:attachment":[{"href":"http:\/\/www.hotel-zvezda.si\/index.php\/wp-json\/wp\/v2\/media?parent=1142"}],"curies":[{"name":"wp","href":"https:\/\/api.w.org\/{rel}","templated":true}]}}