{"id":98,"date":"2015-11-09T18:06:09","date_gmt":"2015-11-09T18:06:09","guid":{"rendered":"http:\/\/localhost\/hotel_zvezda\/?page_id=98"},"modified":"2022-02-14T19:11:16","modified_gmt":"2022-02-14T19:11:16","slug":"o-nas","status":"publish","type":"page","link":"http:\/\/www.hotel-zvezda.si\/en\/index.php\/o-nas\/","title":{"rendered":"About us"},"content":{"rendered":"<div id=\"tinder_content_98\" class=\"tinder_content_preview\">\n<div id=\"tinder_content_98\" class=\"tinder_content_preview\">\n<div id=\"tinder_content_98\" class=\"tinder_content_preview\">\n<div id=\"tinder_content_98\" class=\"tinder_content_preview\">\n<p>Poslovanje kompleksa Zvezda se odvija v sklopu dru\u017ebe ZVEZDA TURIZEM, podjetje za gostinstvo in turizem d.o.o, ki bo nadaljevalo in razvijalo obstoje\u010do gostinsko in hotelsko ponudbo kompleksa.<\/p>\n<table class=\"mce-item-table\" data-mce-selected=\"1\">\n<tbody>\n<tr>\n<td style=\"border-color: #ffffff;\" data-mce-style=\"border-color: #ffffff;\"><img decoding=\"async\" loading=\"lazy\" class=\"mce-object mce-object-iframe\" style=\"border: 0px none;\" src=\"data:image\/gif;base64,R0lGODlhAQABAIAAAAAAAP\/\/\/yH5BAEAAAAALAAAAAABAAEAAAIBRAA7\" alt=\"\" width=\"600\" height=\"450\" data-mce-p-allowfullscreen=\"allowfullscreen\" data-mce-p-frameborder=\"0\" data-mce-p-src=\"https:\/\/www.google.com\/maps\/embed?pb=!1m18!1m12!1m3!1d13025.557443215865!2d16.154285030236306!3d46.66061157410243!2m3!1f0!2f0!3f0!3m2!1i1024!2i768!4f13.1!3m3!1m2!1s0x476f3ee57c2613a5%3A0x3cb94c41bdff5b66!2sZvezda!5e0!3m2!1sen!2ssi!4v1449678790308\" data-mce-object=\"iframe\" data-mce-style=\"border: 0px none;\" data-mce-src=\"data:image\/gif;base64,R0lGODlhAQABAIAAAAAAAP\/\/\/yH5BAEAAAAALAAAAAABAAEAAAIBRAA7\"><\/td>\n<td style=\"vertical-align: top; border-color: #ffffff;\" data-mce-style=\"vertical-align: top; border-color: #ffffff;\">\n<table class=\"mce-item-table\" data-mce-selected=\"1\">\n<tbody style=\"background-color: #eaeaea;\" data-mce-style=\"background-color: #eaeaea;\">\n<tr>\n<td style=\"text-align: center;\" data-mce-style=\"text-align: center;\"><strong>Polno ime:<\/strong><\/td>\n<td style=\"text-align: center;\" data-mce-style=\"text-align: center;\">ZVEZDA TURIZEM PODJETJE ZA GOSTINSTVO IN TURIZEM D.O.O.<\/td>\n<\/tr>\n<tr>\n<td style=\"text-align: center;\" data-mce-style=\"text-align: center;\"><strong>Kratko ime:<\/strong><\/td>\n<td style=\"text-align: center;\" data-mce-style=\"text-align: center;\">ZVEZDA TURIZEM D.O.O.<\/td>\n<\/tr>\n<tr>\n<td style=\"text-align: center;\" data-mce-style=\"text-align: center;\"><strong>Sede\u017e:<\/strong><\/td>\n<td style=\"text-align: center;\" data-mce-style=\"text-align: center;\">TRG ZMAGE 8, 9000 MURSKA SOBOTA<\/td>\n<\/tr>\n<tr>\n<td style=\"text-align: center;\" data-mce-style=\"text-align: center;\"><strong>Telefon:<\/strong><\/td>\n<td style=\"text-align: center;\" data-mce-style=\"text-align: center;\">02\/539 15 70, 02\/539 15 72<\/td>\n<\/tr>\n<tr>\n<td style=\"text-align: center;\" data-mce-style=\"text-align: center;\"><\/td>\n<td style=\"text-align: center;\" data-mce-style=\"text-align: center;\"><\/td>\n<\/tr>\n<tr>\n<td style=\"text-align: center;\" data-mce-style=\"text-align: center;\"><strong>ID za DDV:<\/strong><\/td>\n<td style=\"text-align: center;\" data-mce-style=\"text-align: center;\">SI53023811<\/td>\n<\/tr>\n<tr>\n<td style=\"text-align: center;\" data-mce-style=\"text-align: center;\"><strong>Mati\u010dna \u0161tevilka:<\/strong><\/td>\n<td style=\"text-align: center;\" data-mce-style=\"text-align: center;\">3512410000<\/td>\n<\/tr>\n<tr>\n<td style=\"text-align: center;\" data-mce-style=\"text-align: center;\"><strong>Transakcijski ra\u010dun:<\/strong><\/td>\n<td style=\"text-align: center;\" data-mce-style=\"text-align: center;\">SI56 0287 8026 2088 779, odprt pri NLB D.D.<\/td>\n<\/tr>\n<tr>\n<td style=\"text-align: center;\" data-mce-style=\"text-align: center;\"><strong>Ustanovitelj dru\u017ebe:<\/strong><\/td>\n<td style=\"text-align: center;\" data-mce-style=\"text-align: center;\">Sabina Gregorin\u010di\u010d<\/td>\n<\/tr>\n<tr>\n<td style=\"text-align: center;\" data-mce-style=\"text-align: center;\"><strong>Zakoniti zastopnik:<\/strong><\/td>\n<td style=\"text-align: center;\" data-mce-style=\"text-align: center;\">Sabina Gregorin\u010di\u010d, dir. \u2013 direktorica dru\u017ebe<\/td>\n<\/tr>\n<tr>\n<td style=\"text-align: center;\" data-mce-style=\"text-align: center;\"><strong>Osnovni kapital:<\/strong><\/td>\n<td style=\"text-align: center;\" data-mce-style=\"text-align: center;\">69.744,18 EUR<\/td>\n<\/tr>\n<tr>\n<td style=\"text-align: center;\" data-mce-style=\"text-align: center;\"><strong>Registracija:<\/strong><\/td>\n<td style=\"text-align: center;\" data-mce-style=\"text-align: center;\">Okro\u017eno sodi\u0161\u010de v Murski Soboti<\/td>\n<\/tr>\n<\/tbody>\n<\/table>\n<\/td>\n<\/tr>\n<\/tbody>\n<\/table>\n<p><strong>Kako do nas<\/strong><\/p>\n<p style=\"text-align: justify;\" data-mce-style=\"text-align: justify;\">Kompleks Zvezda se nahaja v samem sredi\u0161\u010du mesta Murska Sobota na naslovu Trg Zmage 8, ob kri\u017eanju Slovenske ulice ter Ulice \u0160tefana Kova\u010da. Doma\u010dinom ter Pomurcem je lokacija zelo poznana, saj gre za to\u010dko, okrog katere se prireja ve\u010dina manifestacij v mestu: bogra\u010dijada, sejmi, silvestrovanje \u2026 Edinstveno lokacijo krasijo kro\u0161nje stoletnih kostanjev pod katerimi se razprostira letni vrt.<\/p>\n<p style=\"text-align: justify;\" data-mce-style=\"text-align: justify;\">Izletnikom in ostalim turistom priporo\u010damo, da se zapeljejo v samo sredi\u0161\u010de Murske Sobote ter zapeljejo na Slovensko ulico. Kompleks Zvezda se nahaja pred kri\u017ei\u0161\u010dem na levi strani. Priporo\u010damo vam, da s Slovenske ulice pred hotelom zavijete na dvori\u0161\u010de-parkiri\u0161\u010de, ki je rezervirano za goste kompleksa.<\/p>\n<p style=\"text-align: justify;\" data-mce-style=\"text-align: justify;\">V kolikor prihajate iz smeri Avstrije in \u010cernelavcev se zapeljite do drugega semaforiziranega kri\u017ei\u0161\u010da v mestu. Kompleks Zvezda se nahaja na va\u0161i desni strani. Prepoznali ga boste po izraziti rumeni barvi.<\/p>\n<p><strong>Kontakti<\/strong><\/p>\n<table class=\"mce-item-table\" align=\"left\" data-mce-selected=\"1\">\n<tbody style=\"font-size: 14px; background-color: #eaeaea;\" data-mce-style=\"font-size: 14px; background-color: #eaeaea;\">\n<tr>\n<td>&nbsp;<\/td>\n<td><strong>Sabina Gregorin\u010di\u010d<\/strong><br \/> Direktorica dru\u017ebe<\/td>\n<td>&nbsp;<\/td>\n<td style=\"vertical-align: middle;\" data-mce-style=\"vertical-align: middle;\"><strong>Tajni\u0161tvo in ra\u010dunovodstvo<\/strong><\/td>\n<td>&nbsp;<\/td>\n<td style=\"vertical-align: middle;\" data-mce-style=\"vertical-align: middle;\"><strong>Restavracija, kuhinja Zvezda<br \/> ter naro\u010dila hrane<\/strong><\/td>\n<td>&nbsp;<\/td>\n<td style=\"vertical-align: middle;\" data-mce-style=\"vertical-align: middle;\"><strong><strong>Recepcija hotela Zvezda***<\/strong><\/strong><\/p>\n<p>&nbsp;<\/p>\n<\/td>\n<\/tr>\n<tr>\n<td style=\"text-align: right;\" data-mce-style=\"text-align: right;\">Email:<\/td>\n<td><a style=\"color: #660000;\" href=\"mailto:sabina@hotel-zvezda.si\" data-mce-href=\"mailto:sabina@hotel-zvezda.si\" data-mce-style=\"color: #660000;\">sabina@hotel-zvezda.si<\/a><\/td>\n<td style=\"text-align: right;\" data-mce-style=\"text-align: right;\">Email:<\/td>\n<td><a style=\"color: #660000;\" href=\"mailto:info@hotel-zvezda.si\" data-mce-href=\"mailto:info@hotel-zvezda.si\" data-mce-style=\"color: #660000;\">info@hotel-zvezda.si<\/a><\/td>\n<td style=\"text-align: right;\" data-mce-style=\"text-align: right;\">Email:<\/td>\n<td>\n<table class=\"mce-item-table\" align=\"left\" data-mce-selected=\"1\">\n<tbody style=\"font-size: 14px; background-color: #eaeaea;\" data-mce-style=\"font-size: 14px; background-color: #eaeaea;\">\n<tr>\n<td><a style=\"color: #660000;\" href=\"mailto:info@hotel-zvezda.si\" data-mce-href=\"mailto:info@hotel-zvezda.si\" data-mce-style=\"color: #660000;\">info@hotel-zvezda.si<\/a><\/td>\n<\/tr>\n<\/tbody>\n<\/table>\n<\/td>\n<td style=\"text-align: right;\" data-mce-style=\"text-align: right;\">Email:<\/td>\n<td><a style=\"color: #660000;\" href=\"mailto:recepcija@hotel-zvezda.si\" data-mce-href=\"mailto:recepcija@hotel-zvezda.si\" data-mce-style=\"color: #660000;\">recepcija@hotel-zvezda.si<\/a><\/td>\n<\/tr>\n<tr>\n<td style=\"text-align: right;\" data-mce-style=\"text-align: right;\">Tel:<\/td>\n<td>02\/539 15 70<\/td>\n<td style=\"text-align: right;\" data-mce-style=\"text-align: right;\">Tel:<\/td>\n<td>02\/539 15 70<\/td>\n<td style=\"text-align: right;\" data-mce-style=\"text-align: right;\">Tel:<\/td>\n<td>02\/539 15 72<\/td>\n<td style=\"text-align: right;\" data-mce-style=\"text-align: right;\">Tel:<\/td>\n<td>02\/539 15 73<\/td>\n<\/tr>\n<tr>\n<td style=\"text-align: right;\" data-mce-style=\"text-align: right;\"><\/td>\n<td><\/td>\n<td style=\"text-align: right;\" data-mce-style=\"text-align: right;\"><\/td>\n<td><\/td>\n<td>&nbsp;<\/td>\n<td>&nbsp;<\/td>\n<td>&nbsp;<\/td>\n<td>&nbsp;<\/td>\n<\/tr>\n<tr>\n<td style=\"text-align: right;\" data-mce-style=\"text-align: right;\">GSM:<\/td>\n<td>031 784 536<\/td>\n<td>&nbsp;<\/td>\n<td>&nbsp;<\/td>\n<td>&nbsp;<\/td>\n<td>&nbsp;<\/td>\n<td>&nbsp;<\/td>\n<td>&nbsp;<\/td>\n<\/tr>\n<\/tbody>\n<\/table>\n<p><em>Prosimo vas, da nas pokli\u010dete na eno izmed telefonskih \u0161tevilk, po\u0161ljete e-sporo\u010dilo ali izpolnite spodaj navedeni obrazec. Odgovorili vam bomo v najkraj\u0161em mo\u017enem \u010dasu.<\/em><\/p>\n<p><u>Izjava o zaupnosti<\/u><br \/> Zavedamo se, da so va\u0161i podatki zaupne narave in jih ne bomo nikomur niti oddali niti prodali brez va\u0161ega izrecnega dovoljenja.<\/p>\n<\/div>\n<\/div>\n<\/div>\n<\/div>\n<div id=\"mceResizeHandlen\" data-mce-bogus=\"all\" class=\"mce-resizehandle\" unselectable=\"true\" style=\"cursor: n-resize; margin: 0px; padding: 0px; left: 848.5px; top: 80.5px;\"><\/div>\n<div id=\"mceResizeHandlee\" data-mce-bogus=\"all\" class=\"mce-resizehandle\" unselectable=\"true\" style=\"cursor: e-resize; margin: 0px; padding: 0px; left: 1080.5px; top: 310.5px;\"><\/div>\n<div id=\"mceResizeHandles\" data-mce-bogus=\"all\" class=\"mce-resizehandle\" unselectable=\"true\" style=\"cursor: s-resize; margin: 0px; padding: 0px; left: 848.5px; top: 540.5px;\"><\/div>\n<div id=\"mceResizeHandlew\" data-mce-bogus=\"all\" class=\"mce-resizehandle\" unselectable=\"true\" style=\"cursor: w-resize; margin: 0px; padding: 0px; left: 616.5px; top: 310.5px;\"><\/div>\n<div id=\"mceResizeHandlenw\" data-mce-bogus=\"all\" class=\"mce-resizehandle\" unselectable=\"true\" style=\"cursor: nw-resize; margin: 0px; padding: 0px; left: 616.5px; top: 80.5px;\"><\/div>\n<div id=\"mceResizeHandlene\" data-mce-bogus=\"all\" class=\"mce-resizehandle\" unselectable=\"true\" style=\"cursor: ne-resize; margin: 0px; padding: 0px; left: 1080.5px; top: 80.5px;\"><\/div>\n<div id=\"mceResizeHandlese\" data-mce-bogus=\"all\" class=\"mce-resizehandle\" unselectable=\"true\" style=\"cursor: se-resize; margin: 0px; padding: 0px; left: 1080.5px; top: 540.5px;\"><\/div>\n<div id=\"mceResizeHandlesw\" data-mce-bogus=\"all\" class=\"mce-resizehandle\" unselectable=\"true\" style=\"cursor: sw-resize; margin: 0px; padding: 0px; left: 616.5px; top: 540.5px;\"><\/div>\n","protected":false},"excerpt":{"rendered":"<p>Poslovanje kompleksa Zvezda se odvija v sklopu dru\u017ebe ZVEZDA TURIZEM, podjetje za gostinstvo in turizem d.o.o, ki bo nadaljevalo in razvijalo obstoje\u010do gostinsko in hotelsko ponudbo kompleksa. Polno ime: ZVEZDA TURIZEM PODJETJE ZA GOSTINSTVO IN TURIZEM D.O.O. Kratko ime: ZVEZDA<\/p>\n","protected":false},"author":1,"featured_media":0,"parent":0,"menu_order":0,"comment_status":"closed","ping_status":"closed","template":"","meta":[],"_links":{"self":[{"href":"http:\/\/www.hotel-zvezda.si\/en\/index.php\/wp-json\/wp\/v2\/pages\/98"}],"collection":[{"href":"http:\/\/www.hotel-zvezda.si\/en\/index.php\/wp-json\/wp\/v2\/pages"}],"about":[{"href":"http:\/\/www.hotel-zvezda.si\/en\/index.php\/wp-json\/wp\/v2\/types\/page"}],"author":[{"embeddable":true,"href":"http:\/\/www.hotel-zvezda.si\/en\/index.php\/wp-json\/wp\/v2\/users\/1"}],"replies":[{"embeddable":true,"href":"http:\/\/www.hotel-zvezda.si\/en\/index.php\/wp-json\/wp\/v2\/comments?post=98"}],"version-history":[{"count":143,"href":"http:\/\/www.hotel-zvezda.si\/en\/index.php\/wp-json\/wp\/v2\/pages\/98\/revisions"}],"predecessor-version":[{"id":3261,"href":"http:\/\/www.hotel-zvezda.si\/en\/index.php\/wp-json\/wp\/v2\/pages\/98\/revisions\/3261"}],"wp:attachment":[{"href":"http:\/\/www.hotel-zvezda.si\/en\/index.php\/wp-json\/wp\/v2\/media?parent=98"}],"curies":[{"name":"wp","href":"https:\/\/api.w.org\/{rel}","templated":true}]}}