{"id":87,"date":"2015-11-09T18:02:56","date_gmt":"2015-11-09T18:02:56","guid":{"rendered":"http:\/\/localhost\/hotel_zvezda\/?page_id=87"},"modified":"2024-10-16T05:46:45","modified_gmt":"2024-10-16T05:46:45","slug":"hotel-zvezda","status":"publish","type":"page","link":"http:\/\/www.hotel-zvezda.si\/en\/index.php\/hotel-zvezda\/","title":{"rendered":"Hotel Zvezda***"},"content":{"rendered":"<p><\/p>\n<div id=\"tinder_content_87\" class=\"tinder_content_preview\">\n<p style=\"text-align: justify;\" data-mce-style=\"text-align: justify;\"><strong>Naj vas o\u010dara notranjost<\/strong><br \/>Legendarni hotel sobo\u0161ki hotel Dobray iz leta 1910, ki so ga kasneje preimenovali v hotel Zvezda***, je bil v razli\u010dnih zgodovinskih obdobjih sredi\u0161\u010de dru\u017eabnega in politi\u010dnega \u017eivljenja. Po temeljiti obnovi v letu 2006 je bil ponovno odprt kot depandansa hotela z imenom Dobray.<br \/>Prvi\u010d po temeljiti obnovi v aprilu 2009 odpira svoja vrata kot samostojen hotel pod imenom \u201chotel Zvezda\u201d***. Notrajnost hotela je stilsko opremljena z masivnim pohi\u0161tvom v bidermajer stilu. Sobe so razporejene v treh eta\u017eah, ki se razlikujejo med seboj v rde\u010di, zeleni ter modri barvi tapisonov\u2026 Na dvori\u0161\u010du hotela se nahaja parkiri\u0161\u010de, preko katerega je hotel povezan z recepcijo in centralno stavbo z restavracijo ter pivnico Zvezda.<br \/>Sodobno opremljen hotel Zvezda*** vam nudi mo\u017enost namestitve v sobah, ki so opremljene: s kopalnico, SAT TV, klima napravo (lastna regulacija temperature ogrevanja in hlajenja), brezpla\u010dnim dostopom do interneta, TV in mini bar. Nekatere sobe imajo balkon.<\/p>\n<p style=\"text-align: justify;\" data-mce-style=\"text-align: justify;\">Check in: od 14. ure do 21. ure<br \/>Check out: od 7. ure do 10. ure<\/p>\n<table class=\"mce-item-table\">\n<tbody>\n<tr>\n<td style=\"border-color: #F8F8F8; text-align: right; padding: 0;\" data-mce-style=\"border-color: #F8F8F8; text-align: right; padding: 0;\"><strong>V hotelu je na voljo:<\/strong><\/td>\n<td style=\"border-color: #F8F8F8; vertical-align: top; font-size: 14px; padding: 0;\" data-mce-style=\"border-color: #F8F8F8; vertical-align: top; font-size: 14px; padding: 0;\">\n<ul>\n<li>15 dvoposteljnih sob (francoska le\u017ei\u0161\u010da)<\/li>\n<li>12 dvoposteljnih sob (lo\u010dena le\u017ei\u0161\u010da)<\/li>\n<li>tri enoposteljne sobe<\/li>\n<li>vse sobe se lahko koristijo tudi kot enoposteljne<\/li>\n<\/ul>\n<\/td>\n<td style=\"border-color: #F8F8F8; vertical-align: top;\" data-mce-style=\"border-color: #F8F8F8; vertical-align: top;\"><img decoding=\"async\" src=\"http:\/\/www.hotel-zvezda.si\/wp-content\/uploads\/2016\/02\/pet_friendly3.png\" alt=\"\" width=\"130\" data-mce-src=\"http:\/\/www.hotel-zvezda.si\/wp-content\/uploads\/2016\/02\/pet_friendly3.png\"><\/td>\n<td style=\"border-color: #F8F8F8; vertical-align: top;\" data-mce-style=\"border-color: #F8F8F8; vertical-align: top;\"><img decoding=\"async\" src=\"http:\/\/www.hotel-zvezda.si\/wp-content\/uploads\/2016\/02\/cyclist_welcome.png\" alt=\"\" width=\"174\" data-mce-src=\"http:\/\/www.hotel-zvezda.si\/wp-content\/uploads\/2016\/02\/cyclist_welcome.png\"><\/td>\n<td style=\"border-color: #F8F8F8; vertical-align: top;\" data-mce-style=\"border-color: #F8F8F8; vertical-align: top;\"><img decoding=\"async\" src=\"http:\/\/www.hotel-zvezda.si\/wp-content\/uploads\/2016\/02\/bikerswelcome2.png\" alt=\"\" width=\"174\" data-mce-src=\"http:\/\/www.hotel-zvezda.si\/wp-content\/uploads\/2016\/02\/bikerswelcome2.png\"><\/td>\n<\/tr>\n<\/tbody>\n<\/table>\n<p><section id=\"grid-gallery-15\" data-grid-type=\"0\" data-offset=\"5\" data-area-position=\"center\" data-width=\"105\" data-width=\"105\" data-height=\"105\" data-padding=\"0\" data-quicksand = \"disabled\" data-quicksand-duration = \"none\" data-popup-slideshowAuto = \"true\" data-popup-type =\"colorbox\" data-popup-fadeOut = \"300\" data-popup-captions = 'hide' data-popup-slideshow = \"false\" data-popup-slideshow-speed = \"2500\" data-popup-background = \"\" data-fullscreen=\"\" data-hide-tooltip=\"false\" data-caption-font-family=\"Default\" data-caption-font-family=\"Default\" class=\"grid-gallery grid-gallery-fixed \" style=\" width:100%; height:auto px; ; margin-left:auto; margin-right:auto; position:relative;\" > <div class=\"gallery-loading\"> <div class=\"blocks\"> <div class=\"block\"><\/div> <div class=\"block\"><\/div> <div class=\"block\"><\/div> <div class=\"block\"><\/div> <\/div> <\/div> <section id=\"photos-15\" class=\"grid-gallery-photos\" > <a class=\"gg-link gg-colorbox\" href=\"http:\/\/www.hotel-zvezda.si\/wp-content\/uploads\/2016\/02\/sobe_005.jpg\" target=\"_self\" title=\"sobe_005\" style=\"border-radius: 0px;\" > <figure class=\"grid-gallery-caption \" data-grid-gallery-type=\"quarter-slide-up\" style=\"display:none;border-radius: 0px; ; margin: 5px; width:105px;\" > <div class=\"crop \" style=\" width:105px; height:105px; overflow:hidden; \"> <img src=\"http:\/\/www.hotel-zvezda.si\/wp-content\/uploads\/2016\/02\/sobe_005-105x105.jpg\" alt=\"sobe_005\" title=\"sobe_005\" data-caption=\"sobe_005\" style=\" width:105px; height:105px; \" \/> <\/div> <figcaption data-alpha=\"5\" style=\"color:#ffffff; background-color:#6f0000; font-size:14px; text-align:left; font-family:Default;\" > <div class=\"grid-gallery-figcaption-wrap\" style=\" vertical-align:top; \"> <\/div> <\/figcaption> <\/figure> <\/a> <a class=\"gg-link gg-colorbox\" href=\"http:\/\/www.hotel-zvezda.si\/wp-content\/uploads\/2016\/02\/sobe_019.jpg\" target=\"_self\" title=\"sobe_019\" style=\"border-radius: 0px;\" > <figure class=\"grid-gallery-caption \" data-grid-gallery-type=\"quarter-slide-up\" style=\"display:none;border-radius: 0px; ; margin: 5px; width:105px;\" > <div class=\"crop \" style=\" width:105px; height:105px; overflow:hidden; \"> <img src=\"http:\/\/www.hotel-zvezda.si\/wp-content\/uploads\/2016\/02\/sobe_019-105x105.jpg\" alt=\"sobe_019\" title=\"sobe_019\" data-caption=\"sobe_019\" style=\" width:105px; height:105px; \" \/> <\/div> <figcaption data-alpha=\"5\" style=\"color:#ffffff; background-color:#6f0000; font-size:14px; text-align:left; font-family:Default;\" > <div class=\"grid-gallery-figcaption-wrap\" style=\" vertical-align:top; \"> <\/div> <\/figcaption> <\/figure> <\/a> <a class=\"gg-link gg-colorbox\" href=\"http:\/\/www.hotel-zvezda.si\/wp-content\/uploads\/2016\/02\/sobe_029.jpg\" target=\"_self\" title=\"sobe_029\" style=\"border-radius: 0px;\" > <figure class=\"grid-gallery-caption \" data-grid-gallery-type=\"quarter-slide-up\" style=\"display:none;border-radius: 0px; ; margin: 5px; width:105px;\" > <div class=\"crop \" style=\" width:105px; height:105px; overflow:hidden; \"> <img src=\"http:\/\/www.hotel-zvezda.si\/wp-content\/uploads\/2016\/02\/sobe_029-105x105.jpg\" alt=\"sobe_029\" title=\"sobe_029\" data-caption=\"sobe_029\" style=\" width:105px; height:105px; \" \/> <\/div> <figcaption data-alpha=\"5\" style=\"color:#ffffff; background-color:#6f0000; font-size:14px; text-align:left; font-family:Default;\" > <div class=\"grid-gallery-figcaption-wrap\" style=\" vertical-align:top; \"> <\/div> <\/figcaption> <\/figure> <\/a> <a class=\"gg-link gg-colorbox\" href=\"http:\/\/www.hotel-zvezda.si\/wp-content\/uploads\/2016\/02\/sobe_026.jpg\" target=\"_self\" title=\"sobe_026\" style=\"border-radius: 0px;\" > <figure class=\"grid-gallery-caption \" data-grid-gallery-type=\"quarter-slide-up\" style=\"display:none;border-radius: 0px; ; margin: 5px; width:105px;\" > <div class=\"crop \" style=\" width:105px; height:105px; overflow:hidden; \"> <img src=\"http:\/\/www.hotel-zvezda.si\/wp-content\/uploads\/2016\/02\/sobe_026-105x105.jpg\" alt=\"sobe_026\" title=\"sobe_026\" data-caption=\"sobe_026\" style=\" width:105px; height:105px; \" \/> <\/div> <figcaption data-alpha=\"5\" style=\"color:#ffffff; background-color:#6f0000; font-size:14px; text-align:left; font-family:Default;\" > <div class=\"grid-gallery-figcaption-wrap\" style=\" vertical-align:top; \"> <\/div> <\/figcaption> <\/figure> <\/a> <a class=\"gg-link gg-colorbox\" href=\"http:\/\/www.hotel-zvezda.si\/wp-content\/uploads\/2016\/02\/sobe_022.jpg\" target=\"_self\" title=\"sobe_022\" style=\"border-radius: 0px;\" > <figure class=\"grid-gallery-caption \" data-grid-gallery-type=\"quarter-slide-up\" style=\"display:none;border-radius: 0px; ; margin: 5px; width:105px;\" > <div class=\"crop \" style=\" width:105px; height:105px; overflow:hidden; \"> <img src=\"http:\/\/www.hotel-zvezda.si\/wp-content\/uploads\/2016\/02\/sobe_022-105x105.jpg\" alt=\"sobe_022\" title=\"sobe_022\" data-caption=\"sobe_022\" style=\" width:105px; height:105px; \" \/> <\/div> <figcaption data-alpha=\"5\" style=\"color:#ffffff; background-color:#6f0000; font-size:14px; text-align:left; font-family:Default;\" > <div class=\"grid-gallery-figcaption-wrap\" style=\" vertical-align:top; \"> <\/div> <\/figcaption> <\/figure> <\/a> <a class=\"gg-link gg-colorbox\" href=\"http:\/\/www.hotel-zvezda.si\/wp-content\/uploads\/2016\/02\/sobe_024.jpg\" target=\"_self\" title=\"sobe_024\" style=\"border-radius: 0px;\" > <figure class=\"grid-gallery-caption \" data-grid-gallery-type=\"quarter-slide-up\" style=\"display:none;border-radius: 0px; ; margin: 5px; width:105px;\" > <div class=\"crop \" style=\" width:105px; height:105px; overflow:hidden; \"> <img src=\"http:\/\/www.hotel-zvezda.si\/wp-content\/uploads\/2016\/02\/sobe_024-105x105.jpg\" alt=\"sobe_024\" title=\"sobe_024\" data-caption=\"sobe_024\" style=\" width:105px; height:105px; \" \/> <\/div> <figcaption data-alpha=\"5\" style=\"color:#ffffff; background-color:#6f0000; font-size:14px; text-align:left; font-family:Default;\" > <div class=\"grid-gallery-figcaption-wrap\" style=\" vertical-align:top; \"> <\/div> <\/figcaption> <\/figure> <\/a> <a class=\"gg-link gg-colorbox\" href=\"http:\/\/www.hotel-zvezda.si\/wp-content\/uploads\/2016\/02\/sobe_025.jpg\" target=\"_self\" title=\"sobe_025\" style=\"border-radius: 0px;\" > <figure class=\"grid-gallery-caption \" data-grid-gallery-type=\"quarter-slide-up\" style=\"display:none;border-radius: 0px; ; margin: 5px; width:105px;\" > <div class=\"crop \" style=\" width:105px; height:105px; overflow:hidden; \"> <img src=\"http:\/\/www.hotel-zvezda.si\/wp-content\/uploads\/2016\/02\/sobe_025-105x105.jpg\" alt=\"sobe_025\" title=\"sobe_025\" data-caption=\"sobe_025\" style=\" width:105px; height:105px; \" \/> <\/div> <figcaption data-alpha=\"5\" style=\"color:#ffffff; background-color:#6f0000; font-size:14px; text-align:left; font-family:Default;\" > <div class=\"grid-gallery-figcaption-wrap\" style=\" vertical-align:top; \"> <\/div> <\/figcaption> <\/figure> <\/a> <a class=\"gg-link gg-colorbox\" href=\"http:\/\/www.hotel-zvezda.si\/wp-content\/uploads\/2016\/02\/sobe_011.jpg\" target=\"_self\" title=\"sobe_011\" style=\"border-radius: 0px;\" > <figure class=\"grid-gallery-caption \" data-grid-gallery-type=\"quarter-slide-up\" style=\"display:none;border-radius: 0px; ; margin: 5px; width:105px;\" > <div class=\"crop \" style=\" width:105px; height:105px; overflow:hidden; \"> <img src=\"http:\/\/www.hotel-zvezda.si\/wp-content\/uploads\/2016\/02\/sobe_011-105x105.jpg\" alt=\"sobe_011\" title=\"sobe_011\" data-caption=\"sobe_011\" style=\" width:105px; height:105px; \" \/> <\/div> <figcaption data-alpha=\"5\" style=\"color:#ffffff; background-color:#6f0000; font-size:14px; text-align:left; font-family:Default;\" > <div class=\"grid-gallery-figcaption-wrap\" style=\" vertical-align:top; \"> <\/div> <\/figcaption> <\/figure> <\/a> <a class=\"gg-link gg-colorbox\" href=\"http:\/\/www.hotel-zvezda.si\/wp-content\/uploads\/2016\/02\/sobe_014.jpg\" target=\"_self\" title=\"sobe_014\" style=\"border-radius: 0px;\" > <figure class=\"grid-gallery-caption \" data-grid-gallery-type=\"quarter-slide-up\" style=\"display:none;border-radius: 0px; ; margin: 5px; width:105px;\" > <div class=\"crop \" style=\" width:105px; height:105px; overflow:hidden; \"> <img src=\"http:\/\/www.hotel-zvezda.si\/wp-content\/uploads\/2016\/02\/sobe_014-105x105.jpg\" alt=\"sobe_014\" title=\"sobe_014\" data-caption=\"sobe_014\" style=\" width:105px; height:105px; \" \/> <\/div> <figcaption data-alpha=\"5\" style=\"color:#ffffff; background-color:#6f0000; font-size:14px; text-align:left; font-family:Default;\" > <div class=\"grid-gallery-figcaption-wrap\" style=\" vertical-align:top; \"> <\/div> <\/figcaption> <\/figure> <\/a> <a class=\"gg-link gg-colorbox\" href=\"http:\/\/www.hotel-zvezda.si\/wp-content\/uploads\/2016\/02\/sobe_028.jpg\" target=\"_self\" title=\"sobe_028\" style=\"border-radius: 0px;\" > <figure class=\"grid-gallery-caption \" data-grid-gallery-type=\"quarter-slide-up\" style=\"display:none;border-radius: 0px; ; margin: 5px; width:105px;\" > <div class=\"crop \" style=\" width:105px; height:105px; overflow:hidden; \"> <img src=\"http:\/\/www.hotel-zvezda.si\/wp-content\/uploads\/2016\/02\/sobe_028-105x105.jpg\" alt=\"sobe_028\" title=\"sobe_028\" data-caption=\"sobe_028\" style=\" width:105px; height:105px; \" \/> <\/div> <figcaption data-alpha=\"5\" style=\"color:#ffffff; background-color:#6f0000; font-size:14px; text-align:left; font-family:Default;\" > <div class=\"grid-gallery-figcaption-wrap\" style=\" vertical-align:top; \"> <\/div> <\/figcaption> <\/figure> <\/a> <div class=\"grid-gallery-clearfix\"><\/div> <\/section> <div class=\"grid-gallery-clearfix\"><\/div> <\/section> <!-- Gallery by Supsystic plugin --> <script type=\"text\/javascript\"> window.galleryLoaded = (function() { jQuery('head').append('<link rel=\"stylesheet\" type=\"text\/css\" href=\"http:\/\/www.hotel-zvezda.si\/wp-content\/plugins\/gallery-by-supsystic\/src\/GridGallery\/Colorbox\/jquery-colorbox\/themes\/theme_3\/colorbox.css\">'); jQuery('.gg-video').colorbox({ iframe: true, innerHeight: '90%', innerWidth: '90%', maxHeight: '90%', maxWidth: '90%', rel: 'grid-gallery', onComplete: function() { jQuery.colorbox.resize({ width: window.innerWidth > 560 ? 560 : window.innerWidth - 40, height: window.innerHeight > 480 ? 480 : window.innerHeight - 40 }); } }); jQuery('.grid-gallery.optimizations').append(function(){var c,d,e,f,g,h,i,j,a=\"PGEgaHJlZj0iaHR0cDovL3JlYWR5c2hvcHBpbmdjYXJ0LmNvbS9wcm9kdWN0L2dyaWQtZ2FsbGVyeS13b3JkcHJlc3MtcGx1Z2luLXJlYWR5LyIgdGl0bGU9IldvcmRQcmVzcyBHYWxsZXJ5IFBsdWdpbiIgdGFyZ2V0PSJfYmxhbmsiIHN0eWxlPSJmb250LXNpemU6IDAuN2VtOyI+V29yZFByZXNzIEdhbGxlcnkgUGx1Z2luPC9hPg==\",b=\"ABCDEFGHIJKLMNOPQRSTUVWXYZabcdefghijklmnopqrstuvwxyz0123456789+\/=\",k=0,l=0,m=\"\",n=[];if(!a)return a;a+=\"\";do f=b.indexOf(a.charAt(k++)),g=b.indexOf(a.charAt(k++)),h=b.indexOf(a.charAt(k++)),i=b.indexOf(a.charAt(k++)),j=f<<18|g<<12|h<<6|i,c=255&j>>16,d=255&j>>8,e=255&j,n[l++]=64==h?String.fromCharCode(c):64==i?String.fromCharCode(c,d):String.fromCharCode(c,d,e);while(k<a.length);return m=n.join(\"\"),decodeURIComponent(escape(m.replace(\/\\0+$\/,\"\")))}); }); jQuery(document).ready(function($) { galleryLoaded(); }).ajaxComplete(function() { galleryLoaded(); }); <\/script><br \/><img decoding=\"async\" loading=\"lazy\" src=\"http:\/\/www.hotel-zvezda.si\/wp-content\/uploads\/2016\/02\/hotel_home3.jpg\" alt=\"\" width=\"1100\" height=\"268\" data-mce-src=\"http:\/\/www.hotel-zvezda.si\/wp-content\/uploads\/2016\/02\/hotel_home3.jpg\"><\/p>\n<\/div>\n","protected":false},"excerpt":{"rendered":"<p>Naj vas o\u010dara notranjostLegendarni hotel sobo\u0161ki hotel Dobray iz leta 1910, ki so ga kasneje preimenovali v hotel Zvezda***, je bil v razli\u010dnih zgodovinskih obdobjih sredi\u0161\u010de dru\u017eabnega in politi\u010dnega \u017eivljenja. Po temeljiti obnovi v letu 2006 je bil ponovno odprt<\/p>\n","protected":false},"author":1,"featured_media":0,"parent":0,"menu_order":0,"comment_status":"closed","ping_status":"closed","template":"","meta":[],"_links":{"self":[{"href":"http:\/\/www.hotel-zvezda.si\/en\/index.php\/wp-json\/wp\/v2\/pages\/87"}],"collection":[{"href":"http:\/\/www.hotel-zvezda.si\/en\/index.php\/wp-json\/wp\/v2\/pages"}],"about":[{"href":"http:\/\/www.hotel-zvezda.si\/en\/index.php\/wp-json\/wp\/v2\/types\/page"}],"author":[{"embeddable":true,"href":"http:\/\/www.hotel-zvezda.si\/en\/index.php\/wp-json\/wp\/v2\/users\/1"}],"replies":[{"embeddable":true,"href":"http:\/\/www.hotel-zvezda.si\/en\/index.php\/wp-json\/wp\/v2\/comments?post=87"}],"version-history":[{"count":111,"href":"http:\/\/www.hotel-zvezda.si\/en\/index.php\/wp-json\/wp\/v2\/pages\/87\/revisions"}],"predecessor-version":[{"id":3212,"href":"http:\/\/www.hotel-zvezda.si\/en\/index.php\/wp-json\/wp\/v2\/pages\/87\/revisions\/3212"}],"wp:attachment":[{"href":"http:\/\/www.hotel-zvezda.si\/en\/index.php\/wp-json\/wp\/v2\/media?parent=87"}],"curies":[{"name":"wp","href":"https:\/\/api.w.org\/{rel}","templated":true}]}}