{"id":56,"date":"2015-11-09T17:39:56","date_gmt":"2015-11-09T17:39:56","guid":{"rendered":"http:\/\/localhost\/hotel_zvezda\/?page_id=56"},"modified":"2019-11-11T06:19:45","modified_gmt":"2019-11-11T06:19:45","slug":"ponudba-pizz","status":"publish","type":"page","link":"http:\/\/www.hotel-zvezda.si\/en\/index.php\/restavracija\/ponudba-pizz\/","title":{"rendered":"Pizza menu"},"content":{"rendered":"<div id=\"tinder_content_56\" class=\"tinder_content_preview\">\n<div id=\"tinder_content_56\" class=\"tinder_content_preview\">\n<table>\n<tbody>\n<tr>\n<td style=\"border: #F8F8F8; vertical-align: top; background-image: url('http:\/\/www.hotel-zvezda.si\/wp-content\/uploads\/2015\/11\/picelevo.jpg'); background-position: top center; background-repeat: no-repeat;\" width=\"147px\" height=\"720px\"><\/td>\n<td style=\"border-color: #F8F8F8;\">\n<table class=\"alignleft\">\n<tbody>\n<tr>\n<td style=\"border-color: #F8F8F8; background-color: #d7d5c8; color: #23201b; border-radius: 8px 20px 8px 20px;\" width=\"187px\">\n<div class=\"effectback\" style=\"background: url('http:\/\/www.hotel-zvezda.si\/wp-content\/uploads\/2016\/05\/pizza05L_sm.jpg') no-repeat;\"><img decoding=\"async\" loading=\"lazy\" class=\"effectfront\" src=\"http:\/\/www.hotel-zvezda.si\/wp-content\/uploads\/2016\/05\/pizza05L.jpg\" alt=\"\" width=\"140px\" height=\"93px\" \/><\/div>\n<p><strong style=\"font-size: 14px;\">Pizza klasik<\/strong><\/p>\n<ul>\n<li>pelati<\/li>\n<li>\u0161unka<\/li>\n<li>sir<\/li>\n<li>gobice<\/li>\n<\/ul>\n<\/td>\n<td style=\"border-color: #F8F8F8; background-color: #d7d5c8; color: #23201b; border-radius: 8px 20px 8px 20px;\" width=\"187px\">\n<div class=\"effectback\" style=\"background: url('http:\/\/www.hotel-zvezda.si\/wp-content\/uploads\/2016\/05\/pizza03L_sm.jpg') no-repeat;\"><img decoding=\"async\" loading=\"lazy\" class=\"effectfront\" src=\"http:\/\/www.hotel-zvezda.si\/wp-content\/uploads\/2016\/05\/pizza03L.jpg\" alt=\"\" width=\"140px\" height=\"93px\" \/><\/div>\n<p><strong style=\"font-size: 14px;\">Pizza z morskimi sade\u017ei<\/strong><\/p>\n<ul>\n<li>pelati<\/li>\n<li>sir<\/li>\n<li>morski sade\u017ei<\/li>\n<\/ul>\n<\/td>\n<td style=\"border-color: #F8F8F8; background-color: #d7d5c8; color: #23201b; border-radius: 8px 20px 8px 20px;\" width=\"187px\">\n<div class=\"effectback\" style=\"background: url('http:\/\/www.hotel-zvezda.si\/wp-content\/uploads\/2016\/05\/pizza01L_sm.jpg') no-repeat;\"><img decoding=\"async\" loading=\"lazy\" class=\"effectfront\" src=\"http:\/\/www.hotel-zvezda.si\/wp-content\/uploads\/2016\/05\/pizza01L.jpg\" alt=\"\" width=\"140px\" height=\"93px\" \/><\/div>\n<p><strong style=\"font-size: 14px;\">Pizza s tuno<\/strong><\/p>\n<ul>\n<li>pelati<\/li>\n<li>sir<\/li>\n<li>tuna<\/li>\n<\/ul>\n<\/td>\n<td style=\"border-color: #F8F8F8; background-color: #d7d5c8; color: #23201b; border-radius: 8px 20px 8px 20px;\" width=\"187px\">\n<div class=\"effectback\" style=\"background: url('http:\/\/www.hotel-zvezda.si\/wp-content\/uploads\/2016\/05\/pizza04L_sm.jpg') no-repeat;\"><img decoding=\"async\" loading=\"lazy\" class=\"effectfront\" src=\"http:\/\/www.hotel-zvezda.si\/wp-content\/uploads\/2016\/05\/pizza04L.jpg\" alt=\"\" width=\"140px\" height=\"93px\" \/><\/div>\n<p><strong style=\"font-size: 14px;\">Pizza margarita<\/strong><\/p>\n<ul>\n<li>pelati<\/li>\n<li>sir<\/li>\n<\/ul>\n<\/td>\n<\/tr>\n<tr>\n<td style=\"border-color: #F8F8F8; background-color: #d7d5c8; color: #23201b; border-radius: 8px 20px 8px 20px;\" width=\"187px\">\n<div class=\"effectback\" style=\"background: url('http:\/\/www.hotel-zvezda.si\/wp-content\/uploads\/2016\/05\/pizza06L_sm.jpg') no-repeat;\"><img decoding=\"async\" loading=\"lazy\" class=\"effectfront\" src=\"http:\/\/www.hotel-zvezda.si\/wp-content\/uploads\/2016\/05\/pizza06L.jpg\" alt=\"\" width=\"140px\" height=\"93px\" \/><\/div>\n<p><strong style=\"font-size: 14px;\">Pizza vegetarijanska<\/strong><\/p>\n<ul>\n<li>pelati<\/li>\n<li>sir<\/li>\n<li>zelenjava<\/li>\n<\/ul>\n<\/td>\n<td style=\"border-color: #F8F8F8; background-color: #d7d5c8; color: #23201b; border-radius: 8px 20px 8px 20px;\" width=\"187px\">\n<div class=\"effectback\" style=\"background: url('http:\/\/www.hotel-zvezda.si\/wp-content\/uploads\/2016\/05\/pizza08L_sm.jpg') no-repeat;\"><img decoding=\"async\" loading=\"lazy\" class=\"effectfront\" src=\"http:\/\/www.hotel-zvezda.si\/wp-content\/uploads\/2016\/05\/pizza08L.jpg\" alt=\"\" width=\"140px\" height=\"93px\" \/><\/div>\n<p><strong style=\"font-size: 14px;\">Pizza \u00bbZVEZDA\u00ab<\/strong><\/p>\n<ul>\n<li>pelati<\/li>\n<li>\u0161unka<\/li>\n<li>suha salama<\/li>\n<li>slanina<\/li>\n<li>paprika<\/li>\n<li>gobe<\/li>\n<\/ul>\n<\/td>\n<td style=\"border-color: #F8F8F8; background-color: #d7d5c8; color: #23201b; border-radius: 8px 20px 8px 20px;\" width=\"187px\">\n<div class=\"effectback\" style=\"background: url('http:\/\/www.hotel-zvezda.si\/wp-content\/uploads\/2016\/05\/pizza09L_sm.jpg') no-repeat;\"><img decoding=\"async\" loading=\"lazy\" class=\"effectfront\" src=\"http:\/\/www.hotel-zvezda.si\/wp-content\/uploads\/2016\/05\/pizza09L.jpg\" alt=\"\" width=\"140px\" height=\"93px\" \/><\/div>\n<p><strong style=\"font-size: 14px;\">Pizza cukini<\/strong><\/p>\n<ul>\n<li>suha salama<\/li>\n<li>sir<\/li>\n<li>bu\u010dke<\/li>\n<li>kisla smetana<\/li>\n<\/ul>\n<\/td>\n<td style=\"border-color: #F8F8F8; background-color: #d7d5c8; color: #23201b; border-radius: 8px 20px 8px 20px;\" width=\"187px\">\n<div class=\"effectback\" style=\"background: url('http:\/\/www.hotel-zvezda.si\/wp-content\/uploads\/2016\/05\/pizza12L_sm.jpg') no-repeat;\"><img decoding=\"async\" loading=\"lazy\" class=\"effectfront\" src=\"http:\/\/www.hotel-zvezda.si\/wp-content\/uploads\/2016\/05\/pizza12L.jpg\" alt=\"\" width=\"140px\" height=\"93px\" \/><\/div>\n<p><strong style=\"font-size: 14px;\">Pizza hawai<\/strong><\/p>\n<ul>\n<li>ananas<\/li>\n<li>\u0161unka<\/li>\n<li>sir<\/li>\n<li>gobe<\/li>\n<li>mozzarella<\/li>\n<\/ul>\n<\/td>\n<\/tr>\n<tr>\n<td style=\"border-color: #F8F8F8; background-color: #d7d5c8; color: #23201b; border-radius: 8px 20px 8px 20px;\" width=\"187px\">\n<div class=\"effectback\" style=\"background: url('http:\/\/www.hotel-zvezda.si\/wp-content\/uploads\/2016\/05\/pizza13L_sm.jpg') no-repeat;\"><img decoding=\"async\" loading=\"lazy\" class=\"effectfront\" src=\"http:\/\/www.hotel-zvezda.si\/wp-content\/uploads\/2016\/05\/pizza13L.jpg\" alt=\"\" width=\"140px\" height=\"93px\" \/><\/div>\n<p><strong style=\"font-size: 14px;\">Pizza \u0161tirje letni \u010dasi<\/strong><\/p>\n<ul>\n<li>pelati<\/li>\n<li>sir<\/li>\n<li>\u0161unka<\/li>\n<li>gobe<\/li>\n<li>salama<\/li>\n<li>arti\u010doke<\/li>\n<li>origano<\/li>\n<\/ul>\n<\/td>\n<td style=\"border-color: #F8F8F8; background-color: #d7d5c8; color: #23201b; border-radius: 8px 20px 8px 20px;\" width=\"187px\">\n<div class=\"effectback\" style=\"background: url('http:\/\/www.hotel-zvezda.si\/wp-content\/uploads\/2016\/05\/pizza07L_sm.jpg') no-repeat;\"><img decoding=\"async\" loading=\"lazy\" class=\"effectfront\" src=\"http:\/\/www.hotel-zvezda.si\/wp-content\/uploads\/2016\/05\/pizza07L.jpg\" alt=\"\" width=\"140px\" height=\"93px\" \/><\/div>\n<p><strong style=\"font-size: 14px;\">Pizza kme\u010dka<\/strong><\/p>\n<ul>\n<li>pelati<\/li>\n<li>sir<\/li>\n<li>gobe<\/li>\n<li>vratovina<\/li>\n<li>kisla smetana<\/li>\n<li>hren<\/li>\n<li>\u010debula<\/li>\n<li>doma\u010da klobasa<\/li>\n<\/ul>\n<\/td>\n<td style=\"border-color: #F8F8F8; background-color: #d7d5c8; color: #23201b; border-radius: 8px 20px 8px 20px;\" width=\"187px\">\n<div class=\"effectback\" style=\"background: url('http:\/\/www.hotel-zvezda.si\/wp-content\/uploads\/2016\/05\/pizza02L_sm.jpg') no-repeat;\"><img decoding=\"async\" loading=\"lazy\" class=\"effectfront\" src=\"http:\/\/www.hotel-zvezda.si\/wp-content\/uploads\/2016\/05\/pizza02L.jpg\" alt=\"\" width=\"140px\" height=\"93px\" \/><\/div>\n<p><strong style=\"font-size: 14px;\">Pizza kra\u0161ka<\/strong><\/p>\n<ul>\n<li>pelati<\/li>\n<li>sir<\/li>\n<li>pr\u0161ut<\/li>\n<li>olive<\/li>\n<li>origano<\/li>\n<\/ul>\n<\/td>\n<td style=\"border-color: #F8F8F8; background-color: #d7d5c8; color: #23201b; border-radius: 8px 20px 8px 20px;\" width=\"187px\">\n<div class=\"effectback\" style=\"background: url('http:\/\/www.hotel-zvezda.si\/wp-content\/uploads\/2016\/05\/pizza10L_sm.jpg') no-repeat;\"><img decoding=\"async\" loading=\"lazy\" class=\"effectfront\" src=\"http:\/\/www.hotel-zvezda.si\/wp-content\/uploads\/2016\/05\/pizza10L.jpg\" alt=\"\" width=\"140px\" height=\"93px\" \/><\/div>\n<p><strong style=\"font-size: 14px;\">Pizza mehi\u0161ka<\/strong><\/p>\n<ul>\n<li>pelati<\/li>\n<li>sir<\/li>\n<li>\u010dili<\/li>\n<li>salama<\/li>\n<li>fi\u017eol<\/li>\n<li>\u010debula<\/li>\n<li>koruza<\/li>\n<\/ul>\n<\/td>\n<\/tr>\n<tr>\n<td style=\"border-color: #F8F8F8; background-color: #d7d5c8; color: #23201b; border-radius: 8px 20px 8px 20px;\" width=\"187px\">\n<div class=\"effectback\" style=\"background: url('http:\/\/www.hotel-zvezda.si\/wp-content\/uploads\/2016\/05\/pizza11L_sm.jpg') no-repeat;\"><img decoding=\"async\" loading=\"lazy\" class=\"effectfront\" src=\"http:\/\/www.hotel-zvezda.si\/wp-content\/uploads\/2016\/05\/pizza11L.jpg\" alt=\"\" width=\"140px\" height=\"93px\" \/><\/div>\n<p><strong style=\"font-size: 14px;\">Pizza sir<\/strong><\/p>\n<ul>\n<li>pelati<\/li>\n<li>gorgonzola<\/li>\n<li>skuta<\/li>\n<li>gauda<\/li>\n<li>origano<\/li>\n<\/ul>\n<\/td>\n<td style=\"border-color: #F8F8F8; background-color: #d7d5c8; color: #23201b; border-radius: 8px 20px 8px 20px;\" width=\"187px\"><strong>Pizza 5 (dru\u017einska)<\/strong><br \/>\n<strong>Pizza 5 (me\u0161ana)<\/strong><\/td>\n<td style=\"border-color: #F8F8F8; background-color: #d7d5c8; color: #23201b; border-radius: 8px 20px 8px 20px;\" width=\"187px\"><strong>Pizza 3 (dru\u017einska)<\/strong><br \/>\n<strong>Pizza 3 (me\u0161ana)<\/strong><\/td>\n<td style=\"border-color: #F8F8F8; background-color: #d7d5c8; color: #23201b; border-radius: 8px 20px 8px 20px;\" width=\"187px\"><strong>Pizza navadna (raztegnjena)<\/strong><br \/>\n<strong>Pizza me\u0161ana (raztegnjena)<\/strong><\/td>\n<\/tr>\n<\/tbody>\n<\/table>\n<\/td>\n<td style=\"border: #F8F8F8; vertical-align: top; background-image: url('http:\/\/www.hotel-zvezda.si\/wp-content\/uploads\/2015\/11\/picedesno.jpg'); background-position: top center; background-repeat: no-repeat;\" width=\"147px\" height=\"720px\"><\/td>\n<\/tr>\n<\/tbody>\n<\/table>\n<\/div>\n<\/div>\n","protected":false},"excerpt":{"rendered":"<p>Pizza klasik pelati \u0161unka sir gobice Pizza z morskimi sade\u017ei pelati sir morski sade\u017ei Pizza s tuno pelati sir tuna Pizza margarita pelati sir Pizza vegetarijanska pelati sir zelenjava Pizza \u00bbZVEZDA\u00ab pelati \u0161unka suha salama slanina paprika gobe Pizza cukini<\/p>\n","protected":false},"author":1,"featured_media":0,"parent":46,"menu_order":0,"comment_status":"closed","ping_status":"closed","template":"","meta":[],"_links":{"self":[{"href":"http:\/\/www.hotel-zvezda.si\/en\/index.php\/wp-json\/wp\/v2\/pages\/56"}],"collection":[{"href":"http:\/\/www.hotel-zvezda.si\/en\/index.php\/wp-json\/wp\/v2\/pages"}],"about":[{"href":"http:\/\/www.hotel-zvezda.si\/en\/index.php\/wp-json\/wp\/v2\/types\/page"}],"author":[{"embeddable":true,"href":"http:\/\/www.hotel-zvezda.si\/en\/index.php\/wp-json\/wp\/v2\/users\/1"}],"replies":[{"embeddable":true,"href":"http:\/\/www.hotel-zvezda.si\/en\/index.php\/wp-json\/wp\/v2\/comments?post=56"}],"version-history":[{"count":81,"href":"http:\/\/www.hotel-zvezda.si\/en\/index.php\/wp-json\/wp\/v2\/pages\/56\/revisions"}],"predecessor-version":[{"id":2699,"href":"http:\/\/www.hotel-zvezda.si\/en\/index.php\/wp-json\/wp\/v2\/pages\/56\/revisions\/2699"}],"up":[{"embeddable":true,"href":"http:\/\/www.hotel-zvezda.si\/en\/index.php\/wp-json\/wp\/v2\/pages\/46"}],"wp:attachment":[{"href":"http:\/\/www.hotel-zvezda.si\/en\/index.php\/wp-json\/wp\/v2\/media?parent=56"}],"curies":[{"name":"wp","href":"https:\/\/api.w.org\/{rel}","templated":true}]}}