{"id":52,"date":"2015-11-09T17:39:29","date_gmt":"2015-11-09T17:39:29","guid":{"rendered":"http:\/\/localhost\/hotel_zvezda\/?page_id=52"},"modified":"2022-06-02T12:47:29","modified_gmt":"2022-06-02T12:47:29","slug":"studentska-kosila","status":"publish","type":"page","link":"http:\/\/www.hotel-zvezda.si\/en\/index.php\/restavracija\/studentska-kosila\/","title":{"rendered":"Student lunches"},"content":{"rendered":"<div id=\"tinder_content_52\" class=\"tinder_content_preview\">\n<div id=\"tinder_content_52\" class=\"tinder_content_preview\">\n<p><span style=\"color: #333333;\" data-mce-style=\"color: #333333;\">Vse \u0161tudente in \u0161tudentke vabimo na \u0161tudentska kosila.<\/span><\/p>\n<p><strong>Dopla\u010dilo le 2,48\u20ac.<\/strong><\/p>\n<p>Od ponedeljka do sobote so na voljo <strong>4 razli\u010dna \u0161tudentska kosila<\/strong>, ki zajemajo: juho, glavno jed, solato in sadje.<\/p>\n<p>V nedeljo \u0161tudentskih kosil NI!<\/p>\n<table class=\"mce-item-table\">\n<tbody>\n<tr>\n<td style=\"border: #F8F8F8; vertical-align: top; background-image: url('http:\/\/www.hotel-zvezda.si\/wp-content\/uploads\/2015\/11\/kosila6b.jpg'); background-position: top center; background-repeat: no-repeat;\" width=\"220px\" height=\"1000px\" data-mce-style=\"border: #F8F8F8; vertical-align: top; background-image: url('http:\/\/www.hotel-zvezda.si\/wp-content\/uploads\/2015\/11\/kosila6b.jpg'); background-position: top center; background-repeat: no-repeat;\">&nbsp;<\/td>\n<td style=\"border: #F8F8F8; vertical-align: top;\" data-mce-style=\"border: #F8F8F8; vertical-align: top;\">\n<div class=\"lunchmenu\">\n<table class=\"aligncenter mce-item-table\" style=\"width: 520px;\" data-mce-style=\"width: 520px;\">\n<tbody>\n<tr>\n<td style=\"text-align: left; width: 520px; border: #F8F8F8;\" data-mce-style=\"text-align: left; width: 520px; border: #F8F8F8;\">&nbsp;<\/td>\n<\/tr>\n<\/tbody>\n<\/table>\n<\/div>\n<\/td>\n<td style=\"border: #F8F8F8; vertical-align: top; background-image: url('http:\/\/www.hotel-zvezda.si\/wp-content\/uploads\/2015\/11\/kosila8b.jpg'); background-position: top center; background-repeat: no-repeat;\" width=\"220px\" height=\"1000px\" data-mce-style=\"border: #F8F8F8; vertical-align: top; background-image: url('http:\/\/www.hotel-zvezda.si\/wp-content\/uploads\/2015\/11\/kosila8b.jpg'); background-position: top center; background-repeat: no-repeat;\">&nbsp;<\/td>\n<\/tr>\n<\/tbody>\n<\/table>\n<\/div>\n<\/div>\n","protected":false},"excerpt":{"rendered":"<p>Vse \u0161tudente in \u0161tudentke vabimo na \u0161tudentska kosila. Dopla\u010dilo le 2,48\u20ac. Od ponedeljka do sobote so na voljo 4 razli\u010dna \u0161tudentska kosila, ki zajemajo: juho, glavno jed, solato in sadje. V nedeljo \u0161tudentskih kosil NI! &nbsp; &nbsp; &nbsp;<\/p>\n","protected":false},"author":1,"featured_media":0,"parent":46,"menu_order":0,"comment_status":"closed","ping_status":"closed","template":"","meta":[],"_links":{"self":[{"href":"http:\/\/www.hotel-zvezda.si\/en\/index.php\/wp-json\/wp\/v2\/pages\/52"}],"collection":[{"href":"http:\/\/www.hotel-zvezda.si\/en\/index.php\/wp-json\/wp\/v2\/pages"}],"about":[{"href":"http:\/\/www.hotel-zvezda.si\/en\/index.php\/wp-json\/wp\/v2\/types\/page"}],"author":[{"embeddable":true,"href":"http:\/\/www.hotel-zvezda.si\/en\/index.php\/wp-json\/wp\/v2\/users\/1"}],"replies":[{"embeddable":true,"href":"http:\/\/www.hotel-zvezda.si\/en\/index.php\/wp-json\/wp\/v2\/comments?post=52"}],"version-history":[{"count":19,"href":"http:\/\/www.hotel-zvezda.si\/en\/index.php\/wp-json\/wp\/v2\/pages\/52\/revisions"}],"predecessor-version":[{"id":2963,"href":"http:\/\/www.hotel-zvezda.si\/en\/index.php\/wp-json\/wp\/v2\/pages\/52\/revisions\/2963"}],"up":[{"embeddable":true,"href":"http:\/\/www.hotel-zvezda.si\/en\/index.php\/wp-json\/wp\/v2\/pages\/46"}],"wp:attachment":[{"href":"http:\/\/www.hotel-zvezda.si\/en\/index.php\/wp-json\/wp\/v2\/media?parent=52"}],"curies":[{"name":"wp","href":"https:\/\/api.w.org\/{rel}","templated":true}]}}