{"id":1387,"date":"2016-02-10T21:34:00","date_gmt":"2016-02-10T21:34:00","guid":{"rendered":"http:\/\/localhost\/hotel_zvezda\/?page_id=1387"},"modified":"2016-05-18T15:20:21","modified_gmt":"2016-05-18T15:20:21","slug":"dve-republiki","status":"publish","type":"page","link":"http:\/\/www.hotel-zvezda.si\/en\/index.php\/dve-republiki\/","title":{"rendered":"Two Republics in one day"},"content":{"rendered":"<table>\n<tbody>\n<tr>\n<td style=\"border: #F8F8F8;\" width=\"760px\">\n<p style=\"text-align: justify;\"><span style=\"color: #333333;\"><strong><u>On specific points:<\/u><\/strong><\/span><\/p>\n<ol>\n<li>1x half-board in a double room per person (1x tourist tax \/ per day \/ per person)<\/li>\n<li>Welcome drink<\/li>\n<li>1x lunch in hotel Zvezda***<\/li>\n<li>Tour of Babi\u010d mill in Ver\u017eej<\/li>\n<li>Tour of Prlekija Republic (customs, passport)<\/li>\n<li>Wine tasting &#8211; Wine road Jeruzalem<\/li>\n<li>Tour of Murska Republika saloon and projection of the movie (optional)<\/li>\n<li>Tour of Murska Sobota town (tour of town is included in case of taking our guide)<\/li>\n<li>Tour and tasting in oil mill in Mele<\/li>\n<li>Cold meats in tourist farm<\/li>\n<\/ol>\n<p><span style=\"color: #333333;\">Guidance is not included in the program.<br \/>\nTotal amount for the program per person in double-bed room is <strong>67,27 \u20ac.<\/strong><\/span><br \/>\n<section id=\"grid-gallery-14\" data-grid-type=\"0\" data-offset=\"5\" data-area-position=\"center\" data-width=\"180\" data-width=\"180\" data-height=\"215\" data-padding=\"0\" data-quicksand = \"disabled\" data-quicksand-duration = \"none\" data-popup-slideshowAuto = \"true\" data-popup-type =\"colorbox\" data-popup-fadeOut = \"300\" data-popup-captions = 'hide' data-popup-slideshow = \"false\" data-popup-slideshow-speed = \"2500\" data-popup-background = \"\" data-fullscreen=\"\" data-hide-tooltip=\"false\" data-caption-font-family=\"Default\" data-caption-font-family=\"Default\" class=\"grid-gallery grid-gallery-fixed \" style=\" width:100%; height:auto px; ; margin-left:auto; margin-right:auto; position:relative;\" > <div class=\"gallery-loading\"> <div class=\"blocks\"> <div class=\"block\"><\/div> <div class=\"block\"><\/div> <div class=\"block\"><\/div> <div class=\"block\"><\/div> <\/div> <\/div> <section id=\"photos-14\" class=\"grid-gallery-photos\" > <a class=\"gg-link gg-colorbox\" href=\"http:\/\/www.hotel-zvezda.si\/wp-content\/uploads\/2016\/02\/Slike-020.jpg\" target=\"_self\" title=\"Slike 020\" style=\"border-radius: 0px;\" > <figure class=\"grid-gallery-caption \" data-grid-gallery-type=\"quarter-slide-up\" style=\"display:none;border-radius: 0px; ; margin: 5px; width:180px;\" > <div class=\"crop \" style=\" width:180px; height:215px; overflow:hidden; \"> <img src=\"http:\/\/www.hotel-zvezda.si\/wp-content\/uploads\/2016\/02\/Slike-020-180x215.jpg\" alt=\"Slike 020\" title=\"Slike 020\" data-caption=\"Slike 020\" style=\" width:180px; height:215px; \" \/> <\/div> <figcaption data-alpha=\"5\" style=\"color:#ffffff; background-color:#6f0000; font-size:14px; text-align:left; font-family:Default;\" > <div class=\"grid-gallery-figcaption-wrap\" style=\" vertical-align:top; \"> <\/div> <\/figcaption> <\/figure> <\/a> <a class=\"gg-link gg-colorbox\" href=\"http:\/\/www.hotel-zvezda.si\/wp-content\/uploads\/2016\/02\/95092590.jpg\" target=\"_self\" title=\"95092590\" style=\"border-radius: 0px;\" > <figure class=\"grid-gallery-caption \" data-grid-gallery-type=\"quarter-slide-up\" style=\"display:none;border-radius: 0px; ; margin: 5px; width:180px;\" > <div class=\"crop \" style=\" width:180px; height:215px; overflow:hidden; \"> <img src=\"http:\/\/www.hotel-zvezda.si\/wp-content\/uploads\/2016\/02\/95092590-180x215.jpg\" alt=\"95092590\" title=\"95092590\" data-caption=\"95092590\" style=\" width:180px; height:215px; \" \/> <\/div> <figcaption data-alpha=\"5\" style=\"color:#ffffff; background-color:#6f0000; font-size:14px; text-align:left; font-family:Default;\" > <div class=\"grid-gallery-figcaption-wrap\" style=\" vertical-align:top; \"> <\/div> <\/figcaption> <\/figure> <\/a> <a class=\"gg-link gg-colorbox\" href=\"http:\/\/www.hotel-zvezda.si\/wp-content\/uploads\/2016\/02\/rep_prlekija.jpg\" target=\"_self\" title=\"rep_prlekija\" style=\"border-radius: 0px;\" > <figure class=\"grid-gallery-caption \" data-grid-gallery-type=\"quarter-slide-up\" style=\"display:none;border-radius: 0px; ; margin: 5px; width:180px;\" > <div class=\"crop \" style=\" width:180px; height:215px; overflow:hidden; \"> <img src=\"http:\/\/www.hotel-zvezda.si\/wp-content\/uploads\/2016\/02\/rep_prlekija-180x215.jpg\" alt=\"rep_prlekija\" title=\"rep_prlekija\" data-caption=\"rep_prlekija\" style=\" width:180px; height:215px; \" \/> <\/div> <figcaption data-alpha=\"5\" style=\"color:#ffffff; background-color:#6f0000; font-size:14px; text-align:left; font-family:Default;\" > <div class=\"grid-gallery-figcaption-wrap\" style=\" vertical-align:top; \"> <\/div> <\/figcaption> <\/figure> <\/a> <a class=\"gg-link gg-colorbox\" href=\"http:\/\/www.hotel-zvezda.si\/wp-content\/uploads\/2016\/02\/radomerscak.jpg\" target=\"_self\" title=\"radomerscak\" style=\"border-radius: 0px;\" > <figure class=\"grid-gallery-caption \" data-grid-gallery-type=\"quarter-slide-up\" style=\"display:none;border-radius: 0px; ; margin: 5px; width:180px;\" > <div class=\"crop \" style=\" width:180px; height:215px; overflow:hidden; \"> <img src=\"http:\/\/www.hotel-zvezda.si\/wp-content\/uploads\/2016\/02\/radomerscak-180x215.jpg\" alt=\"radomerscak\" title=\"radomerscak\" data-caption=\"radomerscak\" style=\" width:180px; height:215px; \" \/> <\/div> <figcaption data-alpha=\"5\" style=\"color:#ffffff; background-color:#6f0000; font-size:14px; text-align:left; font-family:Default;\" > <div class=\"grid-gallery-figcaption-wrap\" style=\" vertical-align:top; \"> <\/div> <\/figcaption> <\/figure> <\/a> <div class=\"grid-gallery-clearfix\"><\/div> <\/section> <div class=\"grid-gallery-clearfix\"><\/div> <\/section> <!-- Gallery by Supsystic plugin --> <script type=\"text\/javascript\"> window.galleryLoaded = (function() { jQuery('head').append('<link rel=\"stylesheet\" type=\"text\/css\" href=\"http:\/\/www.hotel-zvezda.si\/wp-content\/plugins\/gallery-by-supsystic\/src\/GridGallery\/Colorbox\/jquery-colorbox\/themes\/theme_3\/colorbox.css\">'); jQuery('.gg-video').colorbox({ iframe: true, innerHeight: '90%', innerWidth: '90%', maxHeight: '90%', maxWidth: '90%', rel: 'grid-gallery', onComplete: function() { jQuery.colorbox.resize({ width: window.innerWidth > 560 ? 560 : window.innerWidth - 40, height: window.innerHeight > 480 ? 480 : window.innerHeight - 40 }); } }); jQuery('.grid-gallery.optimizations').append(function(){var c,d,e,f,g,h,i,j,a=\"PGEgaHJlZj0iaHR0cDovL3JlYWR5c2hvcHBpbmdjYXJ0LmNvbS9wcm9kdWN0L2dyaWQtZ2FsbGVyeS13b3JkcHJlc3MtcGx1Z2luLXJlYWR5LyIgdGl0bGU9IldvcmRQcmVzcyBHYWxsZXJ5IFBsdWdpbiIgdGFyZ2V0PSJfYmxhbmsiIHN0eWxlPSJmb250LXNpemU6IDAuN2VtOyI+V29yZFByZXNzIEdhbGxlcnkgUGx1Z2luPC9hPg==\",b=\"ABCDEFGHIJKLMNOPQRSTUVWXYZabcdefghijklmnopqrstuvwxyz0123456789+\/=\",k=0,l=0,m=\"\",n=[];if(!a)return a;a+=\"\";do f=b.indexOf(a.charAt(k++)),g=b.indexOf(a.charAt(k++)),h=b.indexOf(a.charAt(k++)),i=b.indexOf(a.charAt(k++)),j=f<<18|g<<12|h<<6|i,c=255&j>>16,d=255&j>>8,e=255&j,n[l++]=64==h?String.fromCharCode(c):64==i?String.fromCharCode(c,d):String.fromCharCode(c,d,e);while(k<a.length);return m=n.join(\"\"),decodeURIComponent(escape(m.replace(\/\\0+$\/,\"\")))}); }); jQuery(document).ready(function($) { galleryLoaded(); }).ajaxComplete(function() { galleryLoaded(); }); <\/script><\/p>\n<p style=\"text-align: justify;\"><span style=\"color: #333333;\"><strong>1.\tDAY: Arrival, trip to Babi\u010d mill and tour of Prlekija Republic<\/strong><br \/>\nArrival to Murska Sobota in Hotel Zvezda *** around 12:00. Accommodation in rooms.  After a welcome drink lunch in ZVEZDA *** follows.  After lunch we head towards Ver\u017eej, where we visit famous Babi\u010d Mill on the Mura river. After visiting Babi\u010d mill head on to visit Our Republic of Prlekija on the beautiful Jeruzalem. Wine tasting at the House Malek follows. Satisfied and in good spirits, we leave the place to head towards hotel ZVEZDA***, where we enjoy good music and (optional) dinner in the Restaurant ZVZEDA*** and we celebrate late into the night.<\/span><\/p>\n<p style=\"text-align: justify;\"><span style=\"color: #333333;\"><strong>2.\tDAY: A stroll through Murska Sobota and tour of oil mill in Mele<\/strong><br \/>\nBreakfast at the restaurant ZVEZDA ***. After breakfast, a projection of a movie about the Republic of Prekmurje follows and guided tour (optional) through Murska Sobota, where you&#8217;ll find attractions and features of this Prekmurian town and its history. After a walk we enjoy a short pause with at great cup of coffee on the terrace of the hotel.  After the break we head towards Mele, where we visit the oil mill and taste some of their specialties. Your tour of Pomurje finishes with cold cuts on a rustic farm Kostanj.<\/span><\/p>\n<\/td>\n<td style=\"border: #F8F8F8; vertical-align: top;\">\n<table>\n<tbody>\n<tr>\n<td style=\"border: #F8F8F8; text-align: left;\">\n<ul id=\"vmenu\">\n<li id=\"vmenu\"><a href=\"http:\/\/www.hotel-zvezda.si\/en\/index.php\/enodnevni-izlet-po-pomurju\/\">Wandering around Pomurje<\/a><\/li>\n<li id=\"vmenu\"><a style=\"background-color: #D7D5C8; color: #23201B;\">Two Republics in one day<\/a><\/li>\n<li id=\"vmenu\"><a href=\"http:\/\/www.hotel-zvezda.si\/en\/index.php\/evropa\/\">Europe<\/a><\/li>\n<li id=\"vmenu\"><a href=\"http:\/\/www.hotel-zvezda.si\/en\/index.php\/mediteran\/\">Mediterranean<\/a><\/li>\n<li id=\"vmenu\"><a href=\"http:\/\/www.hotel-zvezda.si\/en\/index.php\/jadran\/\">Adriatic region<\/a><\/li>\n<\/ul>\n<\/td>\n<\/tr>\n<tr>\n<td style=\"border: #F8F8F8;\">\n<img decoding=\"async\" src=\"http:\/\/www.hotel-zvezda.si\/wp-content\/uploads\/2016\/02\/turagzvezda.jpg\"\/>\n<\/td>\n<\/tr>\n<\/tbody>\n<\/table>\n<\/td>\n<\/tr>\n<\/tbody>\n<\/table>\n","protected":false},"excerpt":{"rendered":"<p>On specific points: 1x half-board in a double room per person (1x tourist tax \/ per day \/ per person) Welcome drink 1x lunch in hotel Zvezda*** Tour of Babi\u010d mill in Ver\u017eej Tour of Prlekija Republic (customs, passport) Wine<\/p>\n","protected":false},"author":1,"featured_media":0,"parent":0,"menu_order":0,"comment_status":"closed","ping_status":"closed","template":"","meta":[],"_links":{"self":[{"href":"http:\/\/www.hotel-zvezda.si\/en\/index.php\/wp-json\/wp\/v2\/pages\/1387"}],"collection":[{"href":"http:\/\/www.hotel-zvezda.si\/en\/index.php\/wp-json\/wp\/v2\/pages"}],"about":[{"href":"http:\/\/www.hotel-zvezda.si\/en\/index.php\/wp-json\/wp\/v2\/types\/page"}],"author":[{"embeddable":true,"href":"http:\/\/www.hotel-zvezda.si\/en\/index.php\/wp-json\/wp\/v2\/users\/1"}],"replies":[{"embeddable":true,"href":"http:\/\/www.hotel-zvezda.si\/en\/index.php\/wp-json\/wp\/v2\/comments?post=1387"}],"version-history":[{"count":23,"href":"http:\/\/www.hotel-zvezda.si\/en\/index.php\/wp-json\/wp\/v2\/pages\/1387\/revisions"}],"predecessor-version":[{"id":2189,"href":"http:\/\/www.hotel-zvezda.si\/en\/index.php\/wp-json\/wp\/v2\/pages\/1387\/revisions\/2189"}],"wp:attachment":[{"href":"http:\/\/www.hotel-zvezda.si\/en\/index.php\/wp-json\/wp\/v2\/media?parent=1387"}],"curies":[{"name":"wp","href":"https:\/\/api.w.org\/{rel}","templated":true}]}}