{"id":1371,"date":"2016-02-10T20:28:05","date_gmt":"2016-02-10T20:28:05","guid":{"rendered":"http:\/\/localhost\/hotel_zvezda\/?page_id=1371"},"modified":"2016-05-19T09:40:23","modified_gmt":"2016-05-19T09:40:23","slug":"enodnevni-izlet-po-pomurju","status":"publish","type":"page","link":"http:\/\/www.hotel-zvezda.si\/en\/index.php\/enodnevni-izlet-po-pomurju\/","title":{"rendered":"Wandering around Pomurje"},"content":{"rendered":"<table>\n<tbody>\n<tr>\n<td style=\"border: #F8F8F8;\" width=\"760px\">\n<p style=\"text-align: justify;\"><span style=\"color: #333333;\"><strong><u>On specific points:<\/u><\/strong><\/span><\/p>\n<ol>\n<li>Arriving in Murska Sobota at the agreed place<\/li>\n<li>Guided tour of the town<\/li>\n<li>Visit Murska Republika saloon and the movie (Optional)<\/li>\n<li>Lunch in the restaurant Zvezda<\/li>\n<li>Tasting Passero chocolate products in Te\u0161anovci<\/li>\n<li>Tour of Ple\u010dnik church in Bogojina<\/li>\n<li>Tour of Greenhouses and tasting L\u00fc\u0161t tomatoes<\/li>\n<li>Tour of Babi\u010d mill in Ver\u017eej<\/li>\n<li>Dinner in one of the recognized tourist farms<\/li>\n<\/ol>\n<section id=\"grid-gallery-13\" data-grid-type=\"0\" data-offset=\"5\" data-area-position=\"center\" data-width=\"180\" data-width=\"180\" data-height=\"215\" data-padding=\"0\" data-quicksand = \"disabled\" data-quicksand-duration = \"none\" data-popup-slideshowAuto = \"true\" data-popup-type =\"colorbox\" data-popup-fadeOut = \"300\" data-popup-captions = 'hide' data-popup-slideshow = \"false\" data-popup-slideshow-speed = \"2500\" data-popup-background = \"\" data-fullscreen=\"\" data-hide-tooltip=\"false\" data-caption-font-family=\"Default\" data-caption-font-family=\"Default\" class=\"grid-gallery grid-gallery-fixed \" style=\" width:100%; height:auto px; ; margin-left:auto; margin-right:auto; position:relative;\" > <div class=\"gallery-loading\"> <div class=\"blocks\"> <div class=\"block\"><\/div> <div class=\"block\"><\/div> <div class=\"block\"><\/div> <div class=\"block\"><\/div> <\/div> <\/div> <section id=\"photos-13\" class=\"grid-gallery-photos\" > <a class=\"gg-link gg-colorbox\" href=\"http:\/\/www.hotel-zvezda.si\/wp-content\/uploads\/2016\/02\/cokoladne-tablice.jpg\" target=\"_self\" title=\"cokoladne-tablice\" style=\"border-radius: 0px;\" > <figure class=\"grid-gallery-caption \" data-grid-gallery-type=\"quarter-slide-up\" style=\"display:none;border-radius: 0px; ; margin: 5px; width:180px;\" > <div class=\"crop \" style=\" width:180px; height:215px; overflow:hidden; \"> <img src=\"http:\/\/www.hotel-zvezda.si\/wp-content\/uploads\/2016\/02\/cokoladne-tablice-180x215.jpg\" alt=\"cokoladne-tablice\" title=\"cokoladne-tablice\" data-caption=\"cokoladne-tablice\" style=\" width:180px; height:215px; \" \/> <\/div> <figcaption data-alpha=\"5\" style=\"color:#ffffff; background-color:#6f0000; font-size:14px; text-align:left; font-family:Default;\" > <div class=\"grid-gallery-figcaption-wrap\" style=\" vertical-align:top; \"> <\/div> <\/figcaption> <\/figure> <\/a> <a class=\"gg-link gg-colorbox\" href=\"http:\/\/www.hotel-zvezda.si\/wp-content\/uploads\/2016\/02\/Bogojina_Plecnikova_cerkev.jpg\" target=\"_self\" title=\"Bogojina_Plecnikova_cerkev\" style=\"border-radius: 0px;\" > <figure class=\"grid-gallery-caption \" data-grid-gallery-type=\"quarter-slide-up\" style=\"display:none;border-radius: 0px; ; margin: 5px; width:180px;\" > <div class=\"crop \" style=\" width:180px; height:215px; overflow:hidden; \"> <img src=\"http:\/\/www.hotel-zvezda.si\/wp-content\/uploads\/2016\/02\/Bogojina_Plecnikova_cerkev-180x215.jpg\" alt=\"Bogojina_Plecnikova_cerkev\" title=\"Bogojina_Plecnikova_cerkev\" data-caption=\"Bogojina_Plecnikova_cerkev\" style=\" width:180px; height:215px; \" \/> <\/div> <figcaption data-alpha=\"5\" style=\"color:#ffffff; background-color:#6f0000; font-size:14px; text-align:left; font-family:Default;\" > <div class=\"grid-gallery-figcaption-wrap\" style=\" vertical-align:top; \"> <\/div> <\/figcaption> <\/figure> <\/a> <a class=\"gg-link gg-colorbox\" href=\"http:\/\/www.hotel-zvezda.si\/wp-content\/uploads\/2016\/02\/2086764_orig.jpg\" target=\"_self\" title=\"2086764_orig\" style=\"border-radius: 0px;\" > <figure class=\"grid-gallery-caption \" data-grid-gallery-type=\"quarter-slide-up\" style=\"display:none;border-radius: 0px; ; margin: 5px; width:180px;\" > <div class=\"crop \" style=\" width:180px; height:215px; overflow:hidden; \"> <img src=\"http:\/\/www.hotel-zvezda.si\/wp-content\/uploads\/2016\/02\/2086764_orig-180x215.jpg\" alt=\"2086764_orig\" title=\"2086764_orig\" data-caption=\"2086764_orig\" style=\" width:180px; height:215px; \" \/> <\/div> <figcaption data-alpha=\"5\" style=\"color:#ffffff; background-color:#6f0000; font-size:14px; text-align:left; font-family:Default;\" > <div class=\"grid-gallery-figcaption-wrap\" style=\" vertical-align:top; \"> <\/div> <\/figcaption> <\/figure> <\/a> <a class=\"gg-link gg-colorbox\" href=\"http:\/\/www.hotel-zvezda.si\/wp-content\/uploads\/2016\/02\/Slika-3_Babicev-mlin-1000x500.jpg\" target=\"_self\" title=\"Slika-3_Babicev-mlin-1000x500\" style=\"border-radius: 0px;\" > <figure class=\"grid-gallery-caption \" data-grid-gallery-type=\"quarter-slide-up\" style=\"display:none;border-radius: 0px; ; margin: 5px; width:180px;\" > <div class=\"crop \" style=\" width:180px; height:215px; overflow:hidden; \"> <img src=\"http:\/\/www.hotel-zvezda.si\/wp-content\/uploads\/2016\/02\/Slika-3_Babicev-mlin-1000x500-180x215.jpg\" alt=\"Slika-3_Babicev-mlin-1000x500\" title=\"Slika-3_Babicev-mlin-1000x500\" data-caption=\"Slika-3_Babicev-mlin-1000x500\" style=\" width:180px; height:215px; \" \/> <\/div> <figcaption data-alpha=\"5\" style=\"color:#ffffff; background-color:#6f0000; font-size:14px; text-align:left; font-family:Default;\" > <div class=\"grid-gallery-figcaption-wrap\" style=\" vertical-align:top; \"> <\/div> <\/figcaption> <\/figure> <\/a> <div class=\"grid-gallery-clearfix\"><\/div> <\/section> <div class=\"grid-gallery-clearfix\"><\/div> <\/section> <!-- Gallery by Supsystic plugin --> <script type=\"text\/javascript\"> window.galleryLoaded = (function() { jQuery('head').append('<link rel=\"stylesheet\" type=\"text\/css\" href=\"http:\/\/www.hotel-zvezda.si\/wp-content\/plugins\/gallery-by-supsystic\/src\/GridGallery\/Colorbox\/jquery-colorbox\/themes\/theme_3\/colorbox.css\">'); jQuery('.gg-video').colorbox({ iframe: true, innerHeight: '90%', innerWidth: '90%', maxHeight: '90%', maxWidth: '90%', rel: 'grid-gallery', onComplete: function() { jQuery.colorbox.resize({ width: window.innerWidth > 560 ? 560 : window.innerWidth - 40, height: window.innerHeight > 480 ? 480 : window.innerHeight - 40 }); } }); jQuery('.grid-gallery.optimizations').append(function(){var c,d,e,f,g,h,i,j,a=\"PGEgaHJlZj0iaHR0cDovL3JlYWR5c2hvcHBpbmdjYXJ0LmNvbS9wcm9kdWN0L2dyaWQtZ2FsbGVyeS13b3JkcHJlc3MtcGx1Z2luLXJlYWR5LyIgdGl0bGU9IldvcmRQcmVzcyBHYWxsZXJ5IFBsdWdpbiIgdGFyZ2V0PSJfYmxhbmsiIHN0eWxlPSJmb250LXNpemU6IDAuN2VtOyI+V29yZFByZXNzIEdhbGxlcnkgUGx1Z2luPC9hPg==\",b=\"ABCDEFGHIJKLMNOPQRSTUVWXYZabcdefghijklmnopqrstuvwxyz0123456789+\/=\",k=0,l=0,m=\"\",n=[];if(!a)return a;a+=\"\";do f=b.indexOf(a.charAt(k++)),g=b.indexOf(a.charAt(k++)),h=b.indexOf(a.charAt(k++)),i=b.indexOf(a.charAt(k++)),j=f<<18|g<<12|h<<6|i,c=255&j>>16,d=255&j>>8,e=255&j,n[l++]=64==h?String.fromCharCode(c):64==i?String.fromCharCode(c,d):String.fromCharCode(c,d,e);while(k<a.length);return m=n.join(\"\"),decodeURIComponent(escape(m.replace(\/\\0+$\/,\"\")))}); }); jQuery(document).ready(function($) { galleryLoaded(); }).ajaxComplete(function() { galleryLoaded(); }); <\/script>\n<p style=\"text-align: justify;\"><span style=\"color: #333333;\">Arrival in the center of Murska Sobota on the agreed time. Followed by a short tour (approx. 1 hour) of Murska Sobota (Murska Sobota Castle, Protestant Church, Victory Square, Slovenska ulica street &#8230;). Tour of Prekmurska Republika saloon follows and a projection of a short movie about Prekmurje Republic. Delicious traditional Prekmurian lunch follows in Zvezda restaurant. After lunch we continue our trip to a typical roadside village Te\u0161anovci, where we enjoy the demonstration of manufacturing and tasting of chocolate products. After the chocolate experience, we drive one village further and take the tour of the church in Bogojina, of our famous Slovenian architect Joze Plecnik. Then we continue our way towards Rankovci, where we visit the tomato greenhouse and taste the juicy L\u00fc\u0161t tomato. In the end we walk further towards Ver\u017eej, where we visit the famous mill on the Mura river named Babi\u010d mill. Our tour ends in one of the recognized farm tourism where we have a delicious food and drink refreshments before heading home.<\/span><\/p>\n<p style=\"text-align: justify;\"><span style=\"color: #333333;\">Upon your request\/wish, we can change the content of planned tours. For any further information we are available at the following number: <strong>00386 (0)2 539 15 73<\/strong> or <strong>00386 (0) 31 444002<\/strong> or e-mail: <a style=\"color: #660000;\" href=\"mailto:tomo@hotel-zvezda.si\">tomo@hotel-zvezda.si<\/a>, <a style=\"color: #660000;\" href=\"mailto:sabina@hotel-zvezda.si\">sabina@hotel-zvezda.si<\/a>.<br \/>\n<\/span><\/p>\n<\/td>\n<td style=\"border: #F8F8F8; vertical-align: top;\">\n<table>\n<tbody>\n<tr>\n<td style=\"border: #F8F8F8; text-align: left;\">\n<ul id=\"vmenu\">\n<li id=\"vmenu\"><a style=\"background-color: #D7D5C8; color: #23201B;\">Wandering around Pomurje<\/a><\/li>\n<li id=\"vmenu\"><a href=\"http:\/\/www.hotel-zvezda.si\/en\/index.php\/dve-republiki\/\">Two Republics in one day<\/a><\/li>\n<li id=\"vmenu\"><a href=\"http:\/\/www.hotel-zvezda.si\/en\/index.php\/evropa\/\">Europe<\/a><\/li>\n<li id=\"vmenu\"><a href=\"http:\/\/www.hotel-zvezda.si\/en\/index.php\/mediteran\/\">Mediterranean<\/a><\/li>\n<li id=\"vmenu\"><a href=\"http:\/\/www.hotel-zvezda.si\/en\/index.php\/jadran\/\">Adriatic region<\/a><\/li>\n<\/ul>\n<\/td>\n<\/tr>\n<tr>\n<td style=\"border: #F8F8F8;\">\n<img decoding=\"async\" src=\"http:\/\/www.hotel-zvezda.si\/wp-content\/uploads\/2016\/02\/turagzvezda.jpg\"\/>\n<\/td>\n<\/tr>\n<\/tbody>\n<\/table>\n<\/td>\n<\/tr>\n<\/tbody>\n<\/table>\n","protected":false},"excerpt":{"rendered":"<p>On specific points: Arriving in Murska Sobota at the agreed place Guided tour of the town Visit Murska Republika saloon and the movie (Optional) Lunch in the restaurant Zvezda Tasting Passero chocolate products in Te\u0161anovci Tour of Ple\u010dnik church in<\/p>\n","protected":false},"author":1,"featured_media":0,"parent":0,"menu_order":0,"comment_status":"closed","ping_status":"closed","template":"","meta":[],"_links":{"self":[{"href":"http:\/\/www.hotel-zvezda.si\/en\/index.php\/wp-json\/wp\/v2\/pages\/1371"}],"collection":[{"href":"http:\/\/www.hotel-zvezda.si\/en\/index.php\/wp-json\/wp\/v2\/pages"}],"about":[{"href":"http:\/\/www.hotel-zvezda.si\/en\/index.php\/wp-json\/wp\/v2\/types\/page"}],"author":[{"embeddable":true,"href":"http:\/\/www.hotel-zvezda.si\/en\/index.php\/wp-json\/wp\/v2\/users\/1"}],"replies":[{"embeddable":true,"href":"http:\/\/www.hotel-zvezda.si\/en\/index.php\/wp-json\/wp\/v2\/comments?post=1371"}],"version-history":[{"count":31,"href":"http:\/\/www.hotel-zvezda.si\/en\/index.php\/wp-json\/wp\/v2\/pages\/1371\/revisions"}],"predecessor-version":[{"id":2257,"href":"http:\/\/www.hotel-zvezda.si\/en\/index.php\/wp-json\/wp\/v2\/pages\/1371\/revisions\/2257"}],"wp:attachment":[{"href":"http:\/\/www.hotel-zvezda.si\/en\/index.php\/wp-json\/wp\/v2\/media?parent=1371"}],"curies":[{"name":"wp","href":"https:\/\/api.w.org\/{rel}","templated":true}]}}