{"id":93,"date":"2015-11-09T18:03:41","date_gmt":"2015-11-09T18:03:41","guid":{"rendered":"http:\/\/localhost\/hotel_zvezda\/?page_id=93"},"modified":"2025-05-29T08:11:54","modified_gmt":"2025-05-29T08:11:54","slug":"cenik","status":"publish","type":"page","link":"http:\/\/www.hotel-zvezda.si\/de\/index.php\/hotel-zvezda\/cenik\/","title":{"rendered":"Preisliste"},"content":{"rendered":"<div id=\"tinder_content_93\" class=\"tinder_content_preview\">\n<div id=\"tinder_content_93\" class=\"tinder_content_preview\">\n<div id=\"tinder_content_93\" class=\"tinder_content_preview\">\n<div id=\"tinder_content_93\" class=\"tinder_content_preview\">\n<div id=\"tinder_content_93\" class=\"tinder_content_preview\">\n<div id=\"tinder_content_93\" class=\"tinder_content_preview\">\n<div id=\"tinder_content_93\" class=\"tinder_content_preview\">\n<div id=\"tinder_content_93\" class=\"tinder_content_preview\">\n<div id=\"tinder_content_93\" class=\"tinder_content_preview\">\n<div id=\"tinder_content_93\" class=\"tinder_content_preview\">\n<div id=\"tinder_content_93\" class=\"tinder_content_preview\">\n<div id=\"tinder_content_93\" class=\"tinder_content_preview\">\n<div id=\"tinder_content_93\" class=\"tinder_content_preview\">\n<p style=\"text-align: center;\"><strong>HOTEL ZVEZDA*** MURSKA SOBOTA<\/strong><br \/>\n<strong> CENIK STORITEV ZA LETO 2025<\/strong><\/p>\n<table>\n<tbody style=\"background-color: #eaeaea;\">\n<tr>\n<td style=\"border-bottom-color: #999999; border-right-color: #999999;\"><\/td>\n<td style=\"border-bottom-color: #999999; border-right-color: #999999;\"><span style=\"color: #660000;\"><strong>Enoposteljna soba<\/strong><\/span><br \/>\n<span style=\"color: #660000;\"> <strong> Po osebi na dan<\/strong><\/span><\/td>\n<td style=\"border-bottom-color: #999999;\"><span style=\"color: #660000;\"><strong>Dvoposteljna soba<\/strong><\/span><br \/>\n<span style=\"color: #660000;\"> <strong> Po osebi na dan<\/strong><\/span><\/td>\n<\/tr>\n<tr>\n<td style=\"border-bottom-color: #999999; border-right-color: #999999; text-align: right;\"><span style=\"color: #660000;\"><strong>No\u010ditev z zajtrkom<\/strong><\/span><\/td>\n<td style=\"border-bottom-color: #999999; border-right-color: #999999;\"><strong>54 \u20ac<\/strong><\/td>\n<td style=\"border-bottom-color: #999999;\"><strong>42\u20ac<\/strong><\/td>\n<\/tr>\n<tr>\n<td style=\"border-bottom-color: #999999; border-right-color: #999999; text-align: right;\"><span style=\"color: #660000;\"><strong>Polpenzion<\/strong><\/span><\/td>\n<td style=\"border-bottom-color: #999999; border-right-color: #999999;\"><strong>69 \u20ac<\/strong><\/td>\n<td style=\"border-bottom-color: #999999;\"><strong>57<\/strong><strong>\u00a0\u20ac<\/strong><\/td>\n<\/tr>\n<tr>\n<td style=\"border-right-color: #999999; text-align: right;\"><span style=\"color: #660000;\"><strong>Polni penzion<\/strong><\/span><\/td>\n<td style=\"border-right-color: #999999;\"><strong>84 \u20ac<\/strong><\/td>\n<td><strong>72 \u20ac<\/strong><\/td>\n<\/tr>\n<\/tbody>\n<\/table>\n<p><span style=\"color: #660000;\"><strong>Cena vklju\u010duje:<\/strong><\/span><br \/>\n\u2022 no\u010ditev z zajtrkom\/polpenzion po osebi v EUR<br \/>\n\u2022 neomejeno uporabo interneta v sobi<br \/>\n<span style=\"color: #660000;\"><strong>Dopla\u010dila:<\/strong><\/span><br \/>\n\u2022 turisti\u010dna taksa za odrasle 2,50 EUR po osebi na dan, otroci 7 \u2013 18 let 1,25 EUR po osebi na dan<br \/>\n<span style=\"color: #660000;\"><strong>Popusti:<\/strong><\/span><br \/>\n\u2022 otroci do 7. leta brez uslug \u2013 gratis<br \/>\n\u2022 otroci od 7. do 12. leta na dodatnem le\u017ei\u0161\u010du 50% popust<br \/>\n\u2022 otroci od 12. do 14. leta na osnovnem le\u017ei\u0161\u010du 30% popust<\/p>\n<p style=\"text-align: center;\">Cenik velja od 01.06.2025 do preklica.<br \/>\nPridru\u017eujemo si pravico do spremembe cenika brez obvestila!<\/p>\n<\/div>\n<\/div>\n<\/div>\n<\/div>\n<\/div>\n<\/div>\n<\/div>\n<\/div>\n<\/div>\n<\/div>\n<\/div>\n<\/div>\n<\/div>\n","protected":false},"excerpt":{"rendered":"<p>HOTEL ZVEZDA*** MURSKA SOBOTA CENIK STORITEV ZA LETO 2025 Enoposteljna soba Po osebi na dan Dvoposteljna soba Po osebi na dan No\u010ditev z zajtrkom 54 \u20ac 42\u20ac Polpenzion 69 \u20ac 57\u00a0\u20ac Polni penzion 84 \u20ac 72 \u20ac Cena vklju\u010duje: \u2022<\/p>\n","protected":false},"author":1,"featured_media":0,"parent":87,"menu_order":0,"comment_status":"closed","ping_status":"closed","template":"","meta":[],"_links":{"self":[{"href":"http:\/\/www.hotel-zvezda.si\/de\/index.php\/wp-json\/wp\/v2\/pages\/93"}],"collection":[{"href":"http:\/\/www.hotel-zvezda.si\/de\/index.php\/wp-json\/wp\/v2\/pages"}],"about":[{"href":"http:\/\/www.hotel-zvezda.si\/de\/index.php\/wp-json\/wp\/v2\/types\/page"}],"author":[{"embeddable":true,"href":"http:\/\/www.hotel-zvezda.si\/de\/index.php\/wp-json\/wp\/v2\/users\/1"}],"replies":[{"embeddable":true,"href":"http:\/\/www.hotel-zvezda.si\/de\/index.php\/wp-json\/wp\/v2\/comments?post=93"}],"version-history":[{"count":42,"href":"http:\/\/www.hotel-zvezda.si\/de\/index.php\/wp-json\/wp\/v2\/pages\/93\/revisions"}],"predecessor-version":[{"id":3314,"href":"http:\/\/www.hotel-zvezda.si\/de\/index.php\/wp-json\/wp\/v2\/pages\/93\/revisions\/3314"}],"up":[{"embeddable":true,"href":"http:\/\/www.hotel-zvezda.si\/de\/index.php\/wp-json\/wp\/v2\/pages\/87"}],"wp:attachment":[{"href":"http:\/\/www.hotel-zvezda.si\/de\/index.php\/wp-json\/wp\/v2\/media?parent=93"}],"curies":[{"name":"wp","href":"https:\/\/api.w.org\/{rel}","templated":true}]}}