{"id":89,"date":"2015-11-09T18:03:14","date_gmt":"2015-11-09T18:03:14","guid":{"rendered":"http:\/\/localhost\/hotel_zvezda\/?page_id=89"},"modified":"2025-04-02T09:41:15","modified_gmt":"2025-04-02T09:41:15","slug":"dnevni-oddih","status":"publish","type":"page","link":"http:\/\/www.hotel-zvezda.si\/de\/index.php\/hotel-zvezda\/dnevni-oddih\/","title":{"rendered":""},"content":{"rendered":"<p><\/p>\n<div id=\"tinder_content_89\" class=\"tinder_content_preview\">\n<div id=\"tinder_content_89\" class=\"tinder_content_preview\">\n<div id=\"tinder_content_89\" class=\"tinder_content_preview\">\n<div id=\"tinder_content_89\" class=\"tinder_content_preview\">\n<div id=\"tinder_content_89\" class=\"tinder_content_preview\">\n<div id=\"tinder_content_89\" class=\"tinder_content_preview\">\n<p><strong>Dnevni po\u010ditek v Hotelu Zvezda***<\/strong><\/p>\n<p>Za kori\u0161\u010denje sobe med 8.00 uro zjutraj in 19.00 uro zve\u010der zna\u0161a cena po sobi <strong>35<span style=\"text-decoration: underline;\" data-mce-style=\"text-decoration: underline;\">&nbsp;\u20ac<\/span>.<\/strong><br \/><section id=\"grid-gallery-16\" data-grid-type=\"0\" data-offset=\"5\" data-area-position=\"center\" data-width=\"265\" data-width=\"265\" data-height=\"215\" data-padding=\"0\" data-quicksand = \"disabled\" data-quicksand-duration = \"none\" data-popup-slideshowAuto = \"true\" data-popup-type =\"colorbox\" data-popup-fadeOut = \"300\" data-popup-captions = 'hide' data-popup-slideshow = \"false\" data-popup-slideshow-speed = \"2500\" data-popup-background = \"\" data-fullscreen=\"\" data-hide-tooltip=\"false\" data-caption-font-family=\"Default\" data-caption-font-family=\"Default\" class=\"grid-gallery grid-gallery-fixed \" style=\" width:100%; height:auto px; ; margin-left:auto; margin-right:auto; position:relative;\" > <div class=\"gallery-loading\"> <div class=\"blocks\"> <div class=\"block\"><\/div> <div class=\"block\"><\/div> <div class=\"block\"><\/div> <div class=\"block\"><\/div> <\/div> <\/div> <section id=\"photos-16\" class=\"grid-gallery-photos\" > <a class=\"gg-link gg-colorbox\" href=\"http:\/\/www.hotel-zvezda.si\/wp-content\/uploads\/2016\/02\/do_015.jpg\" target=\"_self\" title=\"do_015\" style=\"border-radius: 0px;\" > <figure class=\"grid-gallery-caption \" data-grid-gallery-type=\"quarter-slide-up\" style=\"display:none;border-radius: 0px; ; margin: 5px; width:265px;\" > <div class=\"crop \" style=\" width:265px; height:215px; overflow:hidden; \"> <img src=\"http:\/\/www.hotel-zvezda.si\/wp-content\/uploads\/2016\/02\/do_015-265x215.jpg\" alt=\"do_015\" title=\"do_015\" data-caption=\"do_015\" style=\" width:265px; height:215px; \" \/> <\/div> <figcaption data-alpha=\"5\" style=\"color:#ffffff; background-color:#6f0000; font-size:14px; text-align:left; font-family:Default;\" > <div class=\"grid-gallery-figcaption-wrap\" style=\" vertical-align:top; \"> <\/div> <\/figcaption> <\/figure> <\/a> <a class=\"gg-link gg-colorbox\" href=\"http:\/\/www.hotel-zvezda.si\/wp-content\/uploads\/2016\/02\/sobe_019.jpg\" target=\"_self\" title=\"sobe_019\" style=\"border-radius: 0px;\" > <figure class=\"grid-gallery-caption \" data-grid-gallery-type=\"quarter-slide-up\" style=\"display:none;border-radius: 0px; ; margin: 5px; width:265px;\" > <div class=\"crop \" style=\" width:265px; height:215px; overflow:hidden; \"> <img src=\"http:\/\/www.hotel-zvezda.si\/wp-content\/uploads\/2016\/02\/sobe_019-265x215.jpg\" alt=\"sobe_019\" title=\"sobe_019\" data-caption=\"sobe_019\" style=\" width:265px; height:215px; \" \/> <\/div> <figcaption data-alpha=\"5\" style=\"color:#ffffff; background-color:#6f0000; font-size:14px; text-align:left; font-family:Default;\" > <div class=\"grid-gallery-figcaption-wrap\" style=\" vertical-align:top; \"> <\/div> <\/figcaption> <\/figure> <\/a> <a class=\"gg-link gg-colorbox\" href=\"http:\/\/www.hotel-zvezda.si\/wp-content\/uploads\/2016\/02\/do_021.jpg\" target=\"_self\" title=\"do_021\" style=\"border-radius: 0px;\" > <figure class=\"grid-gallery-caption \" data-grid-gallery-type=\"quarter-slide-up\" style=\"display:none;border-radius: 0px; ; margin: 5px; width:265px;\" > <div class=\"crop \" style=\" width:265px; height:215px; overflow:hidden; \"> <img src=\"http:\/\/www.hotel-zvezda.si\/wp-content\/uploads\/2016\/02\/do_021-265x215.jpg\" alt=\"do_021\" title=\"do_021\" data-caption=\"do_021\" style=\" width:265px; height:215px; \" \/> <\/div> <figcaption data-alpha=\"5\" style=\"color:#ffffff; background-color:#6f0000; font-size:14px; text-align:left; font-family:Default;\" > <div class=\"grid-gallery-figcaption-wrap\" style=\" vertical-align:top; \"> <\/div> <\/figcaption> <\/figure> <\/a> <a class=\"gg-link gg-colorbox\" href=\"http:\/\/www.hotel-zvezda.si\/wp-content\/uploads\/2016\/02\/do_007.jpg\" target=\"_self\" title=\"do_007\" style=\"border-radius: 0px;\" > <figure class=\"grid-gallery-caption \" data-grid-gallery-type=\"quarter-slide-up\" style=\"display:none;border-radius: 0px; ; margin: 5px; width:265px;\" > <div class=\"crop \" style=\" width:265px; height:215px; overflow:hidden; \"> <img src=\"http:\/\/www.hotel-zvezda.si\/wp-content\/uploads\/2016\/02\/do_007-265x215.jpg\" alt=\"do_007\" title=\"do_007\" data-caption=\"do_007\" style=\" width:265px; height:215px; \" \/> <\/div> <figcaption data-alpha=\"5\" style=\"color:#ffffff; background-color:#6f0000; font-size:14px; text-align:left; font-family:Default;\" > <div class=\"grid-gallery-figcaption-wrap\" style=\" vertical-align:top; \"> <\/div> <\/figcaption> <\/figure> <\/a> <div class=\"grid-gallery-clearfix\"><\/div> <\/section> <div class=\"grid-gallery-clearfix\"><\/div> <\/section> <!-- Gallery by Supsystic plugin --> <script type=\"text\/javascript\"> window.galleryLoaded = (function() { jQuery('head').append('<link rel=\"stylesheet\" type=\"text\/css\" href=\"http:\/\/www.hotel-zvezda.si\/wp-content\/plugins\/gallery-by-supsystic\/src\/GridGallery\/Colorbox\/jquery-colorbox\/themes\/theme_3\/colorbox.css\">'); jQuery('.gg-video').colorbox({ iframe: true, innerHeight: '90%', innerWidth: '90%', maxHeight: '90%', maxWidth: '90%', rel: 'grid-gallery', onComplete: function() { jQuery.colorbox.resize({ width: window.innerWidth > 560 ? 560 : window.innerWidth - 40, height: window.innerHeight > 480 ? 480 : window.innerHeight - 40 }); } }); jQuery('.grid-gallery.optimizations').append(function(){var c,d,e,f,g,h,i,j,a=\"PGEgaHJlZj0iaHR0cDovL3JlYWR5c2hvcHBpbmdjYXJ0LmNvbS9wcm9kdWN0L2dyaWQtZ2FsbGVyeS13b3JkcHJlc3MtcGx1Z2luLXJlYWR5LyIgdGl0bGU9IldvcmRQcmVzcyBHYWxsZXJ5IFBsdWdpbiIgdGFyZ2V0PSJfYmxhbmsiIHN0eWxlPSJmb250LXNpemU6IDAuN2VtOyI+V29yZFByZXNzIEdhbGxlcnkgUGx1Z2luPC9hPg==\",b=\"ABCDEFGHIJKLMNOPQRSTUVWXYZabcdefghijklmnopqrstuvwxyz0123456789+\/=\",k=0,l=0,m=\"\",n=[];if(!a)return a;a+=\"\";do f=b.indexOf(a.charAt(k++)),g=b.indexOf(a.charAt(k++)),h=b.indexOf(a.charAt(k++)),i=b.indexOf(a.charAt(k++)),j=f<<18|g<<12|h<<6|i,c=255&j>>16,d=255&j>>8,e=255&j,n[l++]=64==h?String.fromCharCode(c):64==i?String.fromCharCode(c,d):String.fromCharCode(c,d,e);while(k<a.length);return m=n.join(\"\"),decodeURIComponent(escape(m.replace(\/\\0+$\/,\"\")))}); }); jQuery(document).ready(function($) { galleryLoaded(); }).ajaxComplete(function() { galleryLoaded(); }); <\/script><br \/><section id=\"grid-gallery-17\" data-grid-type=\"0\" data-offset=\"5\" data-area-position=\"center\" data-width=\"265\" data-width=\"265\" data-height=\"215\" data-padding=\"0\" data-quicksand = \"disabled\" data-quicksand-duration = \"none\" data-popup-slideshowAuto = \"true\" data-popup-type =\"colorbox\" data-popup-fadeOut = \"300\" data-popup-captions = 'hide' data-popup-slideshow = \"false\" data-popup-slideshow-speed = \"2500\" data-popup-background = \"\" data-fullscreen=\"\" data-hide-tooltip=\"false\" data-caption-font-family=\"Default\" data-caption-font-family=\"Default\" class=\"grid-gallery grid-gallery-fixed \" style=\" width:100%; height:auto px; ; margin-left:auto; margin-right:auto; position:relative;\" > <div class=\"gallery-loading\"> <div class=\"blocks\"> <div class=\"block\"><\/div> <div class=\"block\"><\/div> <div class=\"block\"><\/div> <div class=\"block\"><\/div> <\/div> <\/div> <section id=\"photos-17\" class=\"grid-gallery-photos\" > <a class=\"gg-link gg-colorbox\" href=\"http:\/\/www.hotel-zvezda.si\/wp-content\/uploads\/2016\/05\/sobe04L.jpg\" target=\"_self\" title=\"sobe04L\" style=\"border-radius: 0px;\" > <figure class=\"grid-gallery-caption \" data-grid-gallery-type=\"quarter-slide-up\" style=\"display:none;border-radius: 0px; ; margin: 5px; width:265px;\" > <div class=\"crop \" style=\" width:265px; height:215px; overflow:hidden; \"> <img src=\"http:\/\/www.hotel-zvezda.si\/wp-content\/uploads\/2016\/05\/sobe04L-265x215.jpg\" alt=\"sobe04L\" title=\"sobe04L\" data-caption=\"sobe04L\" style=\" width:265px; height:215px; \" \/> <\/div> <figcaption data-alpha=\"5\" style=\"color:#ffffff; background-color:#6f0000; font-size:14px; text-align:left; font-family:Default;\" > <div class=\"grid-gallery-figcaption-wrap\" style=\" vertical-align:top; \"> <\/div> <\/figcaption> <\/figure> <\/a> <a class=\"gg-link gg-colorbox\" href=\"http:\/\/www.hotel-zvezda.si\/wp-content\/uploads\/2016\/05\/sobe05L.jpg\" target=\"_self\" title=\"sobe05L\" style=\"border-radius: 0px;\" > <figure class=\"grid-gallery-caption \" data-grid-gallery-type=\"quarter-slide-up\" style=\"display:none;border-radius: 0px; ; margin: 5px; width:265px;\" > <div class=\"crop \" style=\" width:265px; height:215px; overflow:hidden; \"> <img src=\"http:\/\/www.hotel-zvezda.si\/wp-content\/uploads\/2016\/05\/sobe05L-265x215.jpg\" alt=\"sobe05L\" title=\"sobe05L\" data-caption=\"sobe05L\" style=\" width:265px; height:215px; \" \/> <\/div> <figcaption data-alpha=\"5\" style=\"color:#ffffff; background-color:#6f0000; font-size:14px; text-align:left; font-family:Default;\" > <div class=\"grid-gallery-figcaption-wrap\" style=\" vertical-align:top; \"> <\/div> <\/figcaption> <\/figure> <\/a> <a class=\"gg-link gg-colorbox\" href=\"http:\/\/www.hotel-zvezda.si\/wp-content\/uploads\/2016\/05\/sobe13L.jpg\" target=\"_self\" title=\"sobe13L\" style=\"border-radius: 0px;\" > <figure class=\"grid-gallery-caption \" data-grid-gallery-type=\"quarter-slide-up\" style=\"display:none;border-radius: 0px; ; margin: 5px; width:265px;\" > <div class=\"crop \" style=\" width:265px; height:215px; overflow:hidden; \"> <img src=\"http:\/\/www.hotel-zvezda.si\/wp-content\/uploads\/2016\/05\/sobe13L-265x215.jpg\" alt=\"sobe13L\" title=\"sobe13L\" data-caption=\"sobe13L\" style=\" width:265px; height:215px; \" \/> <\/div> <figcaption data-alpha=\"5\" style=\"color:#ffffff; background-color:#6f0000; font-size:14px; text-align:left; font-family:Default;\" > <div class=\"grid-gallery-figcaption-wrap\" style=\" vertical-align:top; \"> <\/div> <\/figcaption> <\/figure> <\/a> <a class=\"gg-link gg-colorbox\" href=\"http:\/\/www.hotel-zvezda.si\/wp-content\/uploads\/2016\/05\/sobe19L.jpg\" target=\"_self\" title=\"sobe19L\" style=\"border-radius: 0px;\" > <figure class=\"grid-gallery-caption \" data-grid-gallery-type=\"quarter-slide-up\" style=\"display:none;border-radius: 0px; ; margin: 5px; width:265px;\" > <div class=\"crop \" style=\" width:265px; height:215px; overflow:hidden; \"> <img src=\"http:\/\/www.hotel-zvezda.si\/wp-content\/uploads\/2016\/05\/sobe19L-265x215.jpg\" alt=\"sobe19L\" title=\"sobe19L\" data-caption=\"sobe19L\" style=\" width:265px; height:215px; \" \/> <\/div> <figcaption data-alpha=\"5\" style=\"color:#ffffff; background-color:#6f0000; font-size:14px; text-align:left; font-family:Default;\" > <div class=\"grid-gallery-figcaption-wrap\" style=\" vertical-align:top; \"> <\/div> <\/figcaption> <\/figure> <\/a> <div class=\"grid-gallery-clearfix\"><\/div> <\/section> <div class=\"grid-gallery-clearfix\"><\/div> <\/section> <!-- Gallery by Supsystic plugin --> <script type=\"text\/javascript\"> window.galleryLoaded = (function() { jQuery('head').append('<link rel=\"stylesheet\" type=\"text\/css\" href=\"http:\/\/www.hotel-zvezda.si\/wp-content\/plugins\/gallery-by-supsystic\/src\/GridGallery\/Colorbox\/jquery-colorbox\/themes\/theme_3\/colorbox.css\">'); jQuery('.gg-video').colorbox({ iframe: true, innerHeight: '90%', innerWidth: '90%', maxHeight: '90%', maxWidth: '90%', rel: 'grid-gallery', onComplete: function() { jQuery.colorbox.resize({ width: window.innerWidth > 560 ? 560 : window.innerWidth - 40, height: window.innerHeight > 480 ? 480 : window.innerHeight - 40 }); } }); jQuery('.grid-gallery.optimizations').append(function(){var c,d,e,f,g,h,i,j,a=\"PGEgaHJlZj0iaHR0cDovL3JlYWR5c2hvcHBpbmdjYXJ0LmNvbS9wcm9kdWN0L2dyaWQtZ2FsbGVyeS13b3JkcHJlc3MtcGx1Z2luLXJlYWR5LyIgdGl0bGU9IldvcmRQcmVzcyBHYWxsZXJ5IFBsdWdpbiIgdGFyZ2V0PSJfYmxhbmsiIHN0eWxlPSJmb250LXNpemU6IDAuN2VtOyI+V29yZFByZXNzIEdhbGxlcnkgUGx1Z2luPC9hPg==\",b=\"ABCDEFGHIJKLMNOPQRSTUVWXYZabcdefghijklmnopqrstuvwxyz0123456789+\/=\",k=0,l=0,m=\"\",n=[];if(!a)return a;a+=\"\";do f=b.indexOf(a.charAt(k++)),g=b.indexOf(a.charAt(k++)),h=b.indexOf(a.charAt(k++)),i=b.indexOf(a.charAt(k++)),j=f<<18|g<<12|h<<6|i,c=255&j>>16,d=255&j>>8,e=255&j,n[l++]=64==h?String.fromCharCode(c):64==i?String.fromCharCode(c,d):String.fromCharCode(c,d,e);while(k<a.length);return m=n.join(\"\"),decodeURIComponent(escape(m.replace(\/\\0+$\/,\"\")))}); }); jQuery(document).ready(function($) { galleryLoaded(); }).ajaxComplete(function() { galleryLoaded(); }); <\/script><\/p>\n<\/div>\n<\/div>\n<\/div>\n<\/div>\n<\/div>\n<\/div>\n","protected":false},"excerpt":{"rendered":"<p>Dnevni po\u010ditek v Hotelu Zvezda*** Za kori\u0161\u010denje sobe med 8.00 uro zjutraj in 19.00 uro zve\u010der zna\u0161a cena po sobi 35&nbsp;\u20ac.<\/p>\n","protected":false},"author":1,"featured_media":0,"parent":87,"menu_order":0,"comment_status":"closed","ping_status":"closed","template":"","meta":[],"_links":{"self":[{"href":"http:\/\/www.hotel-zvezda.si\/de\/index.php\/wp-json\/wp\/v2\/pages\/89"}],"collection":[{"href":"http:\/\/www.hotel-zvezda.si\/de\/index.php\/wp-json\/wp\/v2\/pages"}],"about":[{"href":"http:\/\/www.hotel-zvezda.si\/de\/index.php\/wp-json\/wp\/v2\/types\/page"}],"author":[{"embeddable":true,"href":"http:\/\/www.hotel-zvezda.si\/de\/index.php\/wp-json\/wp\/v2\/users\/1"}],"replies":[{"embeddable":true,"href":"http:\/\/www.hotel-zvezda.si\/de\/index.php\/wp-json\/wp\/v2\/comments?post=89"}],"version-history":[{"count":22,"href":"http:\/\/www.hotel-zvezda.si\/de\/index.php\/wp-json\/wp\/v2\/pages\/89\/revisions"}],"predecessor-version":[{"id":3300,"href":"http:\/\/www.hotel-zvezda.si\/de\/index.php\/wp-json\/wp\/v2\/pages\/89\/revisions\/3300"}],"up":[{"embeddable":true,"href":"http:\/\/www.hotel-zvezda.si\/de\/index.php\/wp-json\/wp\/v2\/pages\/87"}],"wp:attachment":[{"href":"http:\/\/www.hotel-zvezda.si\/de\/index.php\/wp-json\/wp\/v2\/media?parent=89"}],"curies":[{"name":"wp","href":"https:\/\/api.w.org\/{rel}","templated":true}]}}