{"id":81,"date":"2015-11-09T18:01:58","date_gmt":"2015-11-09T18:01:58","guid":{"rendered":"http:\/\/localhost\/hotel_zvezda\/?page_id=81"},"modified":"2018-03-07T13:18:10","modified_gmt":"2018-03-07T13:18:10","slug":"pivnica","status":"publish","type":"page","link":"http:\/\/www.hotel-zvezda.si\/de\/index.php\/pivnica\/","title":{"rendered":"Bierstube"},"content":{"rendered":"<div id=\"tinder_content_81\" class=\"tinder_content_preview\">\n<p><strong>Pivo, pivska ponev, bogra\u010d, \u2026<\/strong><\/p>\n<p>V pivnici nudimo bogato ponudbo tradicionalnih prekmurskih jedi, dnevno ponudbo malic, kosil, ostalih jedi po naro\u010dilu in 4 vrste varjenih piv.<br \/> <section id=\"grid-gallery-2\" data-grid-type=\"0\" data-offset=\"5\" data-area-position=\"center\" data-width=\"265\" data-width=\"265\" data-height=\"215\" data-padding=\"0\" data-quicksand = \"disabled\" data-quicksand-duration = \"none\" data-popup-slideshowAuto = \"true\" data-popup-type =\"colorbox\" data-popup-fadeOut = \"300\" data-popup-captions = 'hide' data-popup-slideshow = \"false\" data-popup-slideshow-speed = \"2500\" data-popup-background = \"\" data-fullscreen=\"\" data-hide-tooltip=\"false\" data-caption-font-family=\"Default\" data-caption-font-family=\"Default\" class=\"grid-gallery grid-gallery-fixed \" style=\" width:100%; height:auto px; ; margin-left:auto; margin-right:auto; position:relative;\" > <div class=\"gallery-loading\"> <div class=\"blocks\"> <div class=\"block\"><\/div> <div class=\"block\"><\/div> <div class=\"block\"><\/div> <div class=\"block\"><\/div> <\/div> <\/div> <section id=\"photos-2\" class=\"grid-gallery-photos\" > <a class=\"gg-link gg-colorbox\" href=\"http:\/\/www.hotel-zvezda.si\/wp-content\/uploads\/2016\/01\/Slike-048.jpg\" target=\"_self\" title=\"Slike 048\" style=\"border-radius: 0px;\" > <figure class=\"grid-gallery-caption \" data-grid-gallery-type=\"quarter-slide-up\" style=\"display:none;border-radius: 0px; ; margin: 5px; width:265px;\" > <div class=\"crop \" style=\" width:265px; height:215px; overflow:hidden; \"> <img src=\"http:\/\/www.hotel-zvezda.si\/wp-content\/uploads\/2016\/01\/Slike-048-265x215.jpg\" alt=\"Slike 048\" title=\"Slike 048\" data-caption=\"Slike 048\" style=\" width:265px; height:215px; \" \/> <\/div> <figcaption data-alpha=\"5\" style=\"color:#ffffff; background-color:#6f0000; font-size:14px; text-align:left; font-family:Default;\" > <div class=\"grid-gallery-figcaption-wrap\" style=\" vertical-align:top; \"> <\/div> <\/figcaption> <\/figure> <\/a> <a class=\"gg-link gg-colorbox\" href=\"http:\/\/www.hotel-zvezda.si\/wp-content\/uploads\/2016\/01\/Slike-047.jpg\" target=\"_self\" title=\"Slike 047\" style=\"border-radius: 0px;\" > <figure class=\"grid-gallery-caption \" data-grid-gallery-type=\"quarter-slide-up\" style=\"display:none;border-radius: 0px; ; margin: 5px; width:265px;\" > <div class=\"crop \" style=\" width:265px; height:215px; overflow:hidden; \"> <img src=\"http:\/\/www.hotel-zvezda.si\/wp-content\/uploads\/2016\/01\/Slike-047-265x215.jpg\" alt=\"Slike 047\" title=\"Slike 047\" data-caption=\"Slike 047\" style=\" width:265px; height:215px; \" \/> <\/div> <figcaption data-alpha=\"5\" style=\"color:#ffffff; background-color:#6f0000; font-size:14px; text-align:left; font-family:Default;\" > <div class=\"grid-gallery-figcaption-wrap\" style=\" vertical-align:top; \"> <\/div> <\/figcaption> <\/figure> <\/a> <a class=\"gg-link gg-colorbox\" href=\"http:\/\/www.hotel-zvezda.si\/wp-content\/uploads\/2016\/02\/slider_pivo.jpg\" target=\"_self\" title=\"slider_pivo\" style=\"border-radius: 0px;\" > <figure class=\"grid-gallery-caption \" data-grid-gallery-type=\"quarter-slide-up\" style=\"display:none;border-radius: 0px; ; margin: 5px; width:265px;\" > <div class=\"crop \" style=\" width:265px; height:215px; overflow:hidden; \"> <img src=\"http:\/\/www.hotel-zvezda.si\/wp-content\/uploads\/2016\/02\/slider_pivo-265x215.jpg\" alt=\"slider_pivo\" title=\"slider_pivo\" data-caption=\"slider_pivo\" style=\" width:265px; height:215px; \" \/> <\/div> <figcaption data-alpha=\"5\" style=\"color:#ffffff; background-color:#6f0000; font-size:14px; text-align:left; font-family:Default;\" > <div class=\"grid-gallery-figcaption-wrap\" style=\" vertical-align:top; \"> <\/div> <\/figcaption> <\/figure> <\/a> <a class=\"gg-link gg-colorbox\" href=\"http:\/\/www.hotel-zvezda.si\/wp-content\/uploads\/2016\/02\/Slike_032.jpg\" target=\"_self\" title=\"Slike_032\" style=\"border-radius: 0px;\" > <figure class=\"grid-gallery-caption \" data-grid-gallery-type=\"quarter-slide-up\" style=\"display:none;border-radius: 0px; ; margin: 5px; width:265px;\" > <div class=\"crop \" style=\" width:265px; height:215px; overflow:hidden; \"> <img src=\"http:\/\/www.hotel-zvezda.si\/wp-content\/uploads\/2016\/02\/Slike_032-265x215.jpg\" alt=\"Slike_032\" title=\"Slike_032\" data-caption=\"Slike_032\" style=\" width:265px; height:215px; \" \/> <\/div> <figcaption data-alpha=\"5\" style=\"color:#ffffff; background-color:#6f0000; font-size:14px; text-align:left; font-family:Default;\" > <div class=\"grid-gallery-figcaption-wrap\" style=\" vertical-align:top; \"> <\/div> <\/figcaption> <\/figure> <\/a> <div class=\"grid-gallery-clearfix\"><\/div> <\/section> <div class=\"grid-gallery-clearfix\"><\/div> <\/section> <!-- Gallery by Supsystic plugin --> <script type=\"text\/javascript\"> window.galleryLoaded = (function() { jQuery('head').append('<link rel=\"stylesheet\" type=\"text\/css\" href=\"http:\/\/www.hotel-zvezda.si\/wp-content\/plugins\/gallery-by-supsystic\/src\/GridGallery\/Colorbox\/jquery-colorbox\/themes\/theme_3\/colorbox.css\">'); jQuery('.gg-video').colorbox({ iframe: true, innerHeight: '90%', innerWidth: '90%', maxHeight: '90%', maxWidth: '90%', rel: 'grid-gallery', onComplete: function() { jQuery.colorbox.resize({ width: window.innerWidth > 560 ? 560 : window.innerWidth - 40, height: window.innerHeight > 480 ? 480 : window.innerHeight - 40 }); } }); jQuery('.grid-gallery.optimizations').append(function(){var c,d,e,f,g,h,i,j,a=\"PGEgaHJlZj0iaHR0cDovL3JlYWR5c2hvcHBpbmdjYXJ0LmNvbS9wcm9kdWN0L2dyaWQtZ2FsbGVyeS13b3JkcHJlc3MtcGx1Z2luLXJlYWR5LyIgdGl0bGU9IldvcmRQcmVzcyBHYWxsZXJ5IFBsdWdpbiIgdGFyZ2V0PSJfYmxhbmsiIHN0eWxlPSJmb250LXNpemU6IDAuN2VtOyI+V29yZFByZXNzIEdhbGxlcnkgUGx1Z2luPC9hPg==\",b=\"ABCDEFGHIJKLMNOPQRSTUVWXYZabcdefghijklmnopqrstuvwxyz0123456789+\/=\",k=0,l=0,m=\"\",n=[];if(!a)return a;a+=\"\";do f=b.indexOf(a.charAt(k++)),g=b.indexOf(a.charAt(k++)),h=b.indexOf(a.charAt(k++)),i=b.indexOf(a.charAt(k++)),j=f<<18|g<<12|h<<6|i,c=255&j>>16,d=255&j>>8,e=255&j,n[l++]=64==h?String.fromCharCode(c):64==i?String.fromCharCode(c,d):String.fromCharCode(c,d,e);while(k<a.length);return m=n.join(\"\"),decodeURIComponent(escape(m.replace(\/\\0+$\/,\"\")))}); }); jQuery(document).ready(function($) { galleryLoaded(); }).ajaxComplete(function() { galleryLoaded(); }); <\/script><br \/> <strong>Zvezdin letni vrt<\/strong><\/p>\n<p>Z na\u0161o gostinsko ponudbo vam z veseljem postre\u017eemo tudi na letnem vrtu, pod mogo\u010dnimi kro\u0161njami starih kostanjev. \u017divahno razpolo\u017eenje ob dobri hrani, glasbi in pija\u010di lahko traja dolgo v no\u010d.<br \/> <section id=\"grid-gallery-1\" data-grid-type=\"0\" data-offset=\"5\" data-area-position=\"center\" data-width=\"215\" data-width=\"215\" data-height=\"215\" data-padding=\"0\" data-quicksand = \"disabled\" data-quicksand-duration = \"none\" data-popup-slideshowAuto = \"true\" data-popup-type =\"colorbox\" data-popup-fadeOut = \"300\" data-popup-slideshow = \"false\" data-popup-slideshow-speed = \"2500\" data-popup-background = \"\" data-fullscreen=\"\" data-hide-tooltip=\"false\" data-caption-font-family=\"Default\" data-caption-font-family=\"Default\" class=\"grid-gallery grid-gallery-fixed \" style=\" width:100%; height:auto px; ; margin-left:auto; margin-right:auto; position:relative;\" > <div class=\"gallery-loading\"> <div class=\"blocks\"> <div class=\"block\"><\/div> <div class=\"block\"><\/div> <div class=\"block\"><\/div> <div class=\"block\"><\/div> <\/div> <\/div> <section id=\"photos-1\" class=\"grid-gallery-photos\" > <a class=\"gg-link gg-colorbox\" href=\"http:\/\/www.hotel-zvezda.si\/wp-content\/uploads\/2015\/11\/243177_124598714286666_100002096150417_188474_4110422_o.jpg\" target=\"_self\" title=\"243177_124598714286666_100002096150417_188474_4110422_o\" style=\"border-radius: 0px;\" > <figure class=\"grid-gallery-caption \" data-grid-gallery-type=\"quarter-slide-up\" style=\"display:none;border-radius: 0px; ; margin: 5px; width:215px;\" > <div class=\"crop \" style=\" width:215px; height:215px; overflow:hidden; \"> <img src=\"http:\/\/www.hotel-zvezda.si\/wp-content\/uploads\/2015\/11\/243177_124598714286666_100002096150417_188474_4110422_o-215x215.jpg\" alt=\"243177_124598714286666_100002096150417_188474_4110422_o\" title=\"243177_124598714286666_100002096150417_188474_4110422_o\" data-caption=\"243177_124598714286666_100002096150417_188474_4110422_o\" style=\" width:215px; height:215px; \" \/> <\/div> <figcaption data-alpha=\"5\" style=\"color:#ffffff; background-color:#6f0000; font-size:14px; text-align:left; font-family:Default;\" > <div class=\"grid-gallery-figcaption-wrap\" style=\" vertical-align:top; \"> <\/div> <\/figcaption> <\/figure> <\/a> <a class=\"gg-link gg-colorbox\" href=\"http:\/\/www.hotel-zvezda.si\/wp-content\/uploads\/2015\/11\/243177_124598717619999_100002096150417_188475_2275332_o.jpg\" target=\"_self\" title=\"243177_124598717619999_100002096150417_188475_2275332_o\" style=\"border-radius: 0px;\" > <figure class=\"grid-gallery-caption \" data-grid-gallery-type=\"quarter-slide-up\" style=\"display:none;border-radius: 0px; ; margin: 5px; width:215px;\" > <div class=\"crop \" style=\" width:215px; height:215px; overflow:hidden; \"> <img src=\"http:\/\/www.hotel-zvezda.si\/wp-content\/uploads\/2015\/11\/243177_124598717619999_100002096150417_188475_2275332_o-215x215.jpg\" alt=\"243177_124598717619999_100002096150417_188475_2275332_o\" title=\"243177_124598717619999_100002096150417_188475_2275332_o\" data-caption=\"243177_124598717619999_100002096150417_188475_2275332_o\" style=\" width:215px; height:215px; \" \/> <\/div> <figcaption data-alpha=\"5\" style=\"color:#ffffff; background-color:#6f0000; font-size:14px; text-align:left; font-family:Default;\" > <div class=\"grid-gallery-figcaption-wrap\" style=\" vertical-align:top; \"> <\/div> <\/figcaption> <\/figure> <\/a> <a class=\"gg-link gg-colorbox\" href=\"http:\/\/www.hotel-zvezda.si\/wp-content\/uploads\/2015\/11\/243177_124598720953332_100002096150417_188476_6384025_o.jpg\" target=\"_self\" title=\"243177_124598720953332_100002096150417_188476_6384025_o\" style=\"border-radius: 0px;\" > <figure class=\"grid-gallery-caption \" data-grid-gallery-type=\"quarter-slide-up\" style=\"display:none;border-radius: 0px; ; margin: 5px; width:215px;\" > <div class=\"crop \" style=\" width:215px; height:215px; overflow:hidden; \"> <img src=\"http:\/\/www.hotel-zvezda.si\/wp-content\/uploads\/2015\/11\/243177_124598720953332_100002096150417_188476_6384025_o-215x215.jpg\" alt=\"243177_124598720953332_100002096150417_188476_6384025_o\" title=\"243177_124598720953332_100002096150417_188476_6384025_o\" data-caption=\"243177_124598720953332_100002096150417_188476_6384025_o\" style=\" width:215px; height:215px; \" \/> <\/div> <figcaption data-alpha=\"5\" style=\"color:#ffffff; background-color:#6f0000; font-size:14px; text-align:left; font-family:Default;\" > <div class=\"grid-gallery-figcaption-wrap\" style=\" vertical-align:top; \"> <\/div> <\/figcaption> <\/figure> <\/a> <a class=\"gg-link gg-colorbox\" href=\"http:\/\/www.hotel-zvezda.si\/wp-content\/uploads\/2016\/05\/vrt2L.jpg\" target=\"_self\" title=\"vrt2L\" style=\"border-radius: 0px;\" > <figure class=\"grid-gallery-caption \" data-grid-gallery-type=\"quarter-slide-up\" style=\"display:none;border-radius: 0px; ; margin: 5px; width:215px;\" > <div class=\"crop \" style=\" width:215px; height:215px; overflow:hidden; \"> <img src=\"http:\/\/www.hotel-zvezda.si\/wp-content\/uploads\/2016\/05\/vrt2L-215x215.jpg\" alt=\"vrt2L\" title=\"vrt2L\" data-caption=\"vrt2L\" style=\" width:215px; height:215px; \" \/> <\/div> <figcaption data-alpha=\"5\" style=\"color:#ffffff; background-color:#6f0000; font-size:14px; text-align:left; font-family:Default;\" > <div class=\"grid-gallery-figcaption-wrap\" style=\" vertical-align:top; \"> <\/div> <\/figcaption> <\/figure> <\/a> <a class=\"gg-link gg-colorbox\" href=\"http:\/\/www.hotel-zvezda.si\/wp-content\/uploads\/2016\/05\/vrt5L.jpg\" target=\"_self\" title=\"vrt5L\" style=\"border-radius: 0px;\" > <figure class=\"grid-gallery-caption \" data-grid-gallery-type=\"quarter-slide-up\" style=\"display:none;border-radius: 0px; ; margin: 5px; width:215px;\" > <div class=\"crop \" style=\" width:215px; height:215px; overflow:hidden; \"> <img src=\"http:\/\/www.hotel-zvezda.si\/wp-content\/uploads\/2016\/05\/vrt5L-215x215.jpg\" alt=\"vrt5L\" title=\"vrt5L\" data-caption=\"vrt5L\" style=\" width:215px; height:215px; \" \/> <\/div> <figcaption data-alpha=\"5\" style=\"color:#ffffff; background-color:#6f0000; font-size:14px; text-align:left; font-family:Default;\" > <div class=\"grid-gallery-figcaption-wrap\" style=\" vertical-align:top; \"> <\/div> <\/figcaption> <\/figure> <\/a> <div class=\"grid-gallery-clearfix\"><\/div> <\/section> <div class=\"grid-gallery-clearfix\"><\/div> <\/section> <!-- Gallery by Supsystic plugin --> <script type=\"text\/javascript\"> window.galleryLoaded = (function() { jQuery('head').append('<link rel=\"stylesheet\" type=\"text\/css\" href=\"http:\/\/www.hotel-zvezda.si\/wp-content\/plugins\/gallery-by-supsystic\/src\/GridGallery\/Colorbox\/jquery-colorbox\/themes\/theme_3\/colorbox.css\">'); jQuery('.gg-video').colorbox({ iframe: true, innerHeight: '90%', innerWidth: '90%', maxHeight: '90%', maxWidth: '90%', rel: 'grid-gallery', onComplete: function() { jQuery.colorbox.resize({ width: window.innerWidth > 560 ? 560 : window.innerWidth - 40, height: window.innerHeight > 480 ? 480 : window.innerHeight - 40 }); } }); jQuery('.grid-gallery.optimizations').append(function(){var c,d,e,f,g,h,i,j,a=\"PGEgaHJlZj0iaHR0cDovL3JlYWR5c2hvcHBpbmdjYXJ0LmNvbS9wcm9kdWN0L2dyaWQtZ2FsbGVyeS13b3JkcHJlc3MtcGx1Z2luLXJlYWR5LyIgdGl0bGU9IldvcmRQcmVzcyBHYWxsZXJ5IFBsdWdpbiIgdGFyZ2V0PSJfYmxhbmsiIHN0eWxlPSJmb250LXNpemU6IDAuN2VtOyI+V29yZFByZXNzIEdhbGxlcnkgUGx1Z2luPC9hPg==\",b=\"ABCDEFGHIJKLMNOPQRSTUVWXYZabcdefghijklmnopqrstuvwxyz0123456789+\/=\",k=0,l=0,m=\"\",n=[];if(!a)return a;a+=\"\";do f=b.indexOf(a.charAt(k++)),g=b.indexOf(a.charAt(k++)),h=b.indexOf(a.charAt(k++)),i=b.indexOf(a.charAt(k++)),j=f<<18|g<<12|h<<6|i,c=255&j>>16,d=255&j>>8,e=255&j,n[l++]=64==h?String.fromCharCode(c):64==i?String.fromCharCode(c,d):String.fromCharCode(c,d,e);while(k<a.length);return m=n.join(\"\"),decodeURIComponent(escape(m.replace(\/\\0+$\/,\"\")))}); }); jQuery(document).ready(function($) { galleryLoaded(); }).ajaxComplete(function() { galleryLoaded(); }); <\/script><\/p>\n<\/div>\n","protected":false},"excerpt":{"rendered":"<p>Pivo, pivska ponev, bogra\u010d, \u2026 V pivnici nudimo bogato ponudbo tradicionalnih prekmurskih jedi, dnevno ponudbo malic, kosil, ostalih jedi po naro\u010dilu in 4 vrste varjenih piv. Zvezdin letni vrt Z na\u0161o gostinsko ponudbo vam z veseljem postre\u017eemo tudi na letnem<\/p>\n","protected":false},"author":1,"featured_media":0,"parent":0,"menu_order":0,"comment_status":"closed","ping_status":"closed","template":"","meta":[],"_links":{"self":[{"href":"http:\/\/www.hotel-zvezda.si\/de\/index.php\/wp-json\/wp\/v2\/pages\/81"}],"collection":[{"href":"http:\/\/www.hotel-zvezda.si\/de\/index.php\/wp-json\/wp\/v2\/pages"}],"about":[{"href":"http:\/\/www.hotel-zvezda.si\/de\/index.php\/wp-json\/wp\/v2\/types\/page"}],"author":[{"embeddable":true,"href":"http:\/\/www.hotel-zvezda.si\/de\/index.php\/wp-json\/wp\/v2\/users\/1"}],"replies":[{"embeddable":true,"href":"http:\/\/www.hotel-zvezda.si\/de\/index.php\/wp-json\/wp\/v2\/comments?post=81"}],"version-history":[{"count":38,"href":"http:\/\/www.hotel-zvezda.si\/de\/index.php\/wp-json\/wp\/v2\/pages\/81\/revisions"}],"predecessor-version":[{"id":2882,"href":"http:\/\/www.hotel-zvezda.si\/de\/index.php\/wp-json\/wp\/v2\/pages\/81\/revisions\/2882"}],"wp:attachment":[{"href":"http:\/\/www.hotel-zvezda.si\/de\/index.php\/wp-json\/wp\/v2\/media?parent=81"}],"curies":[{"name":"wp","href":"https:\/\/api.w.org\/{rel}","templated":true}]}}