{"id":1503,"date":"2016-02-13T22:35:59","date_gmt":"2016-02-13T22:35:59","guid":{"rendered":"http:\/\/localhost\/hotel_zvezda\/?page_id=1503"},"modified":"2016-05-18T15:28:15","modified_gmt":"2016-05-18T15:28:15","slug":"jadran","status":"publish","type":"page","link":"http:\/\/www.hotel-zvezda.si\/de\/index.php\/jadran\/","title":{"rendered":"Die Adria"},"content":{"rendered":"<table>\n<tbody>\n<tr>\n<td style=\"border: #F8F8F8;\" width=\"760px\">\n<table>\n<tr>\n<td style=\"border: #F8F8F8;\">\n<img decoding=\"async\" src=\"http:\/\/www.hotel-zvezda.si\/wp-content\/uploads\/2016\/02\/jadran1.jpg\"\/>\n<\/td>\n<\/tr>\n<tr>\n<td style=\"border: #F8F8F8;\">\n<span style=\"color: #333333;\"><\/p>\n<p style=\"text-align: justify;\">Hier bleibt die Zeit stehen. Das sanfte Rauschen der Meereswellen und der M\u00f6wengesang zaubern eine ganz besondere Atmosph\u00e4re hervor. W\u00e4hrend sie den Sonnenuntergang betrachten h\u00f6rt man aus der \u02ddKonoba\u02dd dalmatinische Musik. Das Leben an der Adria ist anders. Einfach und unbeschwert. Auf seinem St\u00fcckchen Erde, mit einem Glass \u02ddBevanda\u02dd und in guter Gesellschaft in Frieden leben.<\/p>\n<p style=\"text-align: justify;\">Als ihr pers\u00f6nlicher Adria- Berater h\u00f6ren wir allen ihren W\u00fcnschen zu. F\u00fcr sie haben wir eine abwechslungsreiche Auswahlvon Hotels, Resorts, Aparthotels, Apartments, Pensionen und Mobilh\u00e4usern. Da wir nur das Beste f\u00fcr ihr Geld finden wollen, widmen wir viel Zeit der Suche nach den besten Preisen.<\/p>\n<p><\/span>\n<\/td>\n<\/tr>\n<tr>\n<td style=\"border: #F8F8F8;\">\n<img decoding=\"async\" src=\"http:\/\/www.hotel-zvezda.si\/wp-content\/uploads\/2016\/02\/jadran2.jpg\"\/>\n<\/td>\n<\/tr>\n<tr>\n<td style=\"border: #F8F8F8; padding:0px;\">\n<table>\n<tr>\n<td style=\"border: #F8F8F8; padding:0px;\">\n<ul style=\"list-style-type:none; background-color: #0033CC; color:#FFFFFF; margin-bottom:0px;\"><strong>KREUZFAHRTEN<\/strong>\n<\/ul>\n<\/td>\n<\/tr>\n<tr>\n<td style=\"border: #F8F8F8;\">\n<p style=\"text-align: justify;\"><span style=\"color: #333333;\">Zur\u00fcck lehnen und sich vom Kapit\u00e4n und seiner Crew (besonders dem Koch) verw\u00f6hnen lassen. W\u00e4hrend des Tages k\u00f6nnen sie schwimmen gehen, sich in Ruhe sonnen oder die unterirdische Welt der Adria entdecken. Am Abend besuchen sie ein gutes Restaurant, gehen auf eine Party oder sehen sich Sehensw\u00fcrdigkeiten an.<\/span><\/p>\n<\/td>\n<\/tr>\n<tr>\n<td style=\"border: #F8F8F8; padding:0px;\">\n<ul style=\"list-style-type:none; background-color: #CC0000; color:#FFFFFF; margin-bottom:0px;\"><strong>AUSFL\u00dcGE<\/strong><\/p>\n<li style=\"background-color: #FF0000; color:#FFFFFF\">Dalmatien und Kornati Nationalpark<\/li>\n<li style=\"background-color: #FF0000; color:#FFFFFF\">Streifzug auf der Insel Pag<\/li>\n<li style=\"background-color: #FF0000; color:#FFFFFF\">Wo Sonne w\u00e4rmt w\u00e4rmer<\/li>\n<\/ul>\n<\/td>\n<\/tr>\n<\/table>\n<table>\n<tr>\n<td style=\"border: #F8F8F8; padding:0px; width:150px;\">\n<ul style=\"list-style-type:none; background-color: #0066CC; color:#FFFFFF; margin-bottom:0px;\"><strong>ISTRIA<\/strong><\/p>\n<li style=\"background-color: #0066FF; color:#FFFFFF\">Kanegra<\/li>\n<li style=\"background-color: #0066FF; color:#FFFFFF\">Savudrija<\/li>\n<li style=\"background-color: #0066FF; color:#FFFFFF\">Umag<\/li>\n<li style=\"background-color: #0066FF; color:#FFFFFF\">Novigrad<\/li>\n<li style=\"background-color: #0066FF; color:#FFFFFF\">Pore\u010d<\/li>\n<li style=\"background-color: #0066FF; color:#FFFFFF\">Vrsar<\/li>\n<li style=\"background-color: #0066FF; color:#FFFFFF\">Rovinj<\/li>\n<li style=\"background-color: #0066FF; color:#FFFFFF\">Pula<\/li>\n<li style=\"background-color: #0066FF; color:#FFFFFF\">Medulin<\/li>\n<li style=\"background-color: #0066FF; color:#FFFFFF\">Ka\u017eela<\/li>\n<li style=\"background-color: #0066FF; color:#FFFFFF\">Premantura<\/li>\n<li style=\"background-color: #0066FF; color:#FFFFFF\">Duga Uvala<\/li>\n<li style=\"background-color: #0066FF; color:#FFFFFF\">Rabac<\/li>\n<\/ul>\n<ul style=\"list-style-type:none; background-color: #009999; color:#FFFFFF; margin-bottom:0px;\"><strong>KVARNER<\/strong><\/p>\n<li style=\"background-color: #00BBBB; color:#FFFFFF\">Mo\u0161\u010deni\u010dka Draga<\/li>\n<li style=\"background-color: #00BBBB; color:#FFFFFF\">Lovran<\/li>\n<li style=\"background-color: #00BBBB; color:#FFFFFF\">Opatija<\/li>\n<li style=\"background-color: #00BBBB; color:#FFFFFF\">Kraljevica<\/li>\n<li style=\"background-color: #00BBBB; color:#FFFFFF\">Insel Krk<\/li>\n<li style=\"background-color: #00BBBB; color:#FFFFFF\">Insel Cres<\/li>\n<li style=\"background-color: #00BBBB; color:#FFFFFF\">Mali Lo\u0161inj<\/li>\n<li style=\"background-color: #00BBBB; color:#FFFFFF\">Veli Lo\u0161inj<\/li>\n<li style=\"background-color: #00BBBB; color:#FFFFFF\">Crikvenica<\/li>\n<li style=\"background-color: #00BBBB; color:#FFFFFF\">Dramalj<\/li>\n<li style=\"background-color: #00BBBB; color:#FFFFFF\">Selce<\/li>\n<li style=\"background-color: #00BBBB; color:#FFFFFF\">Novi Vinodolski<\/li>\n<li style=\"background-color: #00BBBB; color:#FFFFFF\">Insel Rab<\/li>\n<li style=\"background-color: #00BBBB; color:#FFFFFF\">Insel Pag<\/li>\n<\/ul>\n<\/td>\n<td style=\"border: #F8F8F8; padding:0px; width:150px;\">\n<ul style=\"list-style-type:none; background-color: #3399CC; color:#FFFFFF; margin-bottom:0px;\"><strong>DALMATIEN<\/strong><\/p>\n<li style=\"background-color: #3399FF; color:#FFFFFF\">Starigrad<\/li>\n<li style=\"background-color: #3399FF; color:#FFFFFF\">Privlaka<\/li>\n<li style=\"background-color: #3399FF; color:#FFFFFF\">Zaton<\/li>\n<li style=\"background-color: #3399FF; color:#FFFFFF\">Petr\u010dane<\/li>\n<li style=\"background-color: #3399FF; color:#FFFFFF\">Punta Skala<\/li>\n<li style=\"background-color: #3399FF; color:#FFFFFF\">Zadar\/Borik<\/li>\n<li style=\"background-color: #3399FF; color:#FFFFFF\">Dugi otok<\/li>\n<li style=\"background-color: #3399FF; color:#FFFFFF\">Insel Ugljan<\/li>\n<li style=\"background-color: #3399FF; color:#FFFFFF\">Sv. Filip i Jakov<\/li>\n<li style=\"background-color: #3399FF; color:#FFFFFF\">Biograd<\/li>\n<li style=\"background-color: #3399FF; color:#FFFFFF\">Pako\u0161tane<\/li>\n<li style=\"background-color: #3399FF; color:#FFFFFF\">Pirovac<\/li>\n<li style=\"background-color: #3399FF; color:#FFFFFF\">Vodice<\/li>\n<li style=\"background-color: #3399FF; color:#FFFFFF\">\u0160ibenik<\/li>\n<li style=\"background-color: #3399FF; color:#FFFFFF\">Primo\u0161ten<\/li>\n<li style=\"background-color: #3399FF; color:#FFFFFF\">Trogir<\/li>\n<li style=\"background-color: #3399FF; color:#FFFFFF\">Insel Bra\u010d<\/li>\n<li style=\"background-color: #3399FF; color:#FFFFFF\">Insel Hvar<\/li>\n<li style=\"background-color: #3399FF; color:#FFFFFF\">Insel Vis<\/li>\n<li style=\"background-color: #3399FF; color:#FFFFFF\">Omi\u0161<\/li>\n<li style=\"background-color: #3399FF; color:#FFFFFF\">Brela<\/li>\n<li style=\"background-color: #3399FF; color:#FFFFFF\">Ba\u0161ka Voda<\/li>\n<li style=\"background-color: #3399FF; color:#FFFFFF\">Ba\u0161ko Polje<\/li>\n<li style=\"background-color: #3399FF; color:#FFFFFF\">Makarska<\/li>\n<li style=\"background-color: #3399FF; color:#FFFFFF\">Tu\u010depi<\/li>\n<li style=\"background-color: #3399FF; color:#FFFFFF\">Gradac<\/li>\n<li style=\"background-color: #3399FF; color:#FFFFFF\">Pelje\u0161ac<\/li>\n<li style=\"background-color: #3399FF; color:#FFFFFF\">Insel Kor\u010dula<\/li>\n<li style=\"background-color: #3399FF; color:#FFFFFF\">Insel Mljet<\/li>\n<li style=\"background-color: #3399FF; color:#FFFFFF\">Insel Lastovo<\/li>\n<li style=\"background-color: #3399FF; color:#FFFFFF\">Slano<\/li>\n<li style=\"background-color: #3399FF; color:#FFFFFF\">Mlini<\/li>\n<\/ul>\n<\/td>\n<td style=\"border: #F8F8F8; padding:0px; width:150px;\">\n<ul style=\"list-style-type:none; background-color: #CC0000; color:#FFFFFF; margin-bottom:0px;\"><strong>BOSNIEN UND HERZEGOWINA<\/strong><\/p>\n<li style=\"background-color: #FF0000; color:#FFFFFF\">Neum<\/li>\n<\/ul>\n<ul style=\"list-style-type:none; background-color: #660000; color:#FFFFFF; margin-bottom:0px;\"><strong>MONTENEGRO<\/strong><\/p>\n<li style=\"background-color: #990000; color:#FFFFFF\">Budva<\/li>\n<li style=\"background-color: #990000; color:#FFFFFF\">Be\u010di\u0107i<\/li>\n<\/ul>\n<ul style=\"list-style-type:none; background-color: #666600; color:#FFFFFF; margin-bottom:0px;\"><strong>MOBILH\u00c4USER IM CAMPINGPLATZ<\/strong><\/p>\n<li style=\"background-color: #999900; color:#FFFFFF\">Novigrad<\/li>\n<li style=\"background-color: #999900; color:#FFFFFF\">Pore\u010d<\/li>\n<li style=\"background-color: #999900; color:#FFFFFF\">Vrsar<\/li>\n<li style=\"background-color: #999900; color:#FFFFFF\">Rovinj<\/li>\n<li style=\"background-color: #999900; color:#FFFFFF\">Pula<\/li>\n<li style=\"background-color: #999900; color:#FFFFFF\">Medulin<\/li>\n<li style=\"background-color: #999900; color:#FFFFFF\">Ka\u017eela<\/li>\n<li style=\"background-color: #999900; color:#FFFFFF\">Premantura<\/li>\n<li style=\"background-color: #999900; color:#FFFFFF\">Rabac<\/li>\n<li style=\"background-color: #999900; color:#FFFFFF\">Mali Lo\u0161inj<\/li>\n<li style=\"background-color: #999900; color:#FFFFFF\">Selce<\/li>\n<li style=\"background-color: #999900; color:#FFFFFF\">Insel Pag<\/li>\n<li style=\"background-color: #999900; color:#FFFFFF\">Zaton<\/li>\n<li style=\"background-color: #999900; color:#FFFFFF\">Biograd<\/li>\n<li style=\"background-color: #999900; color:#FFFFFF\">Pako\u0161tane<\/li>\n<li style=\"background-color: #999900; color:#FFFFFF\">Vodice<\/li>\n<li style=\"background-color: #999900; color:#FFFFFF\">\u0160ibenik<\/li>\n<li style=\"background-color: #999900; color:#FFFFFF\">Ba\u0161ko Polje<\/li>\n<li style=\"background-color: #999900; color:#FFFFFF\">Pelje\u0161ac<\/li>\n<\/ul>\n<\/td>\n<\/tr>\n<\/table>\n<\/td>\n<\/tr>\n<\/table>\n<\/td>\n<td style=\"border: #F8F8F8; vertical-align: top;\">\n<table>\n<tbody>\n<tr>\n<td style=\"border: #F8F8F8; text-align: left;\">\n<ul id=\"vmenu\">\n<li id=\"vmenu\"><a href=\"http:\/\/www.hotel-zvezda.si\/de\/index.php\/enodnevni-izlet-po-pomurju\/\">Ein Ausflug durch Pomurje<\/a><\/li>\n<li id=\"vmenu\"><a href=\"http:\/\/www.hotel-zvezda.si\/de\/index.php\/dve-republiki\/\">Zwei Republiken in zwei Tagen<\/a><\/li>\n<li id=\"vmenu\"><a href=\"http:\/\/www.hotel-zvezda.si\/de\/index.php\/evropa\/\">Europa<\/a><\/li>\n<li id=\"vmenu\"><a href=\"http:\/\/www.hotel-zvezda.si\/de\/index.php\/mediteran\/\">Das Mittelmeer<\/a><\/li>\n<li id=\"vmenu\"><a style=\"background-color: #D7D5C8; color: #23201B;\">Die Adria<\/a><\/li>\n<\/ul>\n<\/td>\n<\/tr>\n<tr>\n<td style=\"border: #F8F8F8;\">\n<img decoding=\"async\" src=\"http:\/\/www.hotel-zvezda.si\/wp-content\/uploads\/2016\/02\/palma_logo2.png\"\/>\n<\/td>\n<\/tr>\n<\/tbody>\n<\/table>\n<\/td>\n<\/tr>\n<\/tbody>\n<\/table>\n","protected":false},"excerpt":{"rendered":"<p>Hier bleibt die Zeit stehen. Das sanfte Rauschen der Meereswellen und der M\u00f6wengesang zaubern eine ganz besondere Atmosph\u00e4re hervor. W\u00e4hrend sie den Sonnenuntergang betrachten h\u00f6rt man aus der \u02ddKonoba\u02dd dalmatinische Musik. Das Leben an der Adria ist anders. Einfach und<\/p>\n","protected":false},"author":1,"featured_media":0,"parent":0,"menu_order":0,"comment_status":"closed","ping_status":"closed","template":"","meta":[],"_links":{"self":[{"href":"http:\/\/www.hotel-zvezda.si\/de\/index.php\/wp-json\/wp\/v2\/pages\/1503"}],"collection":[{"href":"http:\/\/www.hotel-zvezda.si\/de\/index.php\/wp-json\/wp\/v2\/pages"}],"about":[{"href":"http:\/\/www.hotel-zvezda.si\/de\/index.php\/wp-json\/wp\/v2\/types\/page"}],"author":[{"embeddable":true,"href":"http:\/\/www.hotel-zvezda.si\/de\/index.php\/wp-json\/wp\/v2\/users\/1"}],"replies":[{"embeddable":true,"href":"http:\/\/www.hotel-zvezda.si\/de\/index.php\/wp-json\/wp\/v2\/comments?post=1503"}],"version-history":[{"count":39,"href":"http:\/\/www.hotel-zvezda.si\/de\/index.php\/wp-json\/wp\/v2\/pages\/1503\/revisions"}],"predecessor-version":[{"id":2200,"href":"http:\/\/www.hotel-zvezda.si\/de\/index.php\/wp-json\/wp\/v2\/pages\/1503\/revisions\/2200"}],"wp:attachment":[{"href":"http:\/\/www.hotel-zvezda.si\/de\/index.php\/wp-json\/wp\/v2\/media?parent=1503"}],"curies":[{"name":"wp","href":"https:\/\/api.w.org\/{rel}","templated":true}]}}