{"id":1469,"date":"2016-02-13T16:43:46","date_gmt":"2016-02-13T16:43:46","guid":{"rendered":"http:\/\/localhost\/hotel_zvezda\/?page_id=1469"},"modified":"2016-05-18T15:29:25","modified_gmt":"2016-05-18T15:29:25","slug":"mediteran","status":"publish","type":"page","link":"http:\/\/www.hotel-zvezda.si\/de\/index.php\/mediteran\/","title":{"rendered":"Das Mittelmeer"},"content":{"rendered":"<table>\n<tbody>\n<tr>\n<td style=\"border: #F8F8F8;\" width=\"760px\">\n<table>\n<tr>\n<td style=\"border: #F8F8F8;\">\n<img decoding=\"async\" src=\"http:\/\/www.hotel-zvezda.si\/wp-content\/uploads\/2016\/02\/med1.jpg\"\/>\n<\/td>\n<\/tr>\n<tr>\n<td style=\"border: #F8F8F8;\">\n<span style=\"color: #333333;\"><\/p>\n<p style=\"text-align: justify;\">Tanken sie neue Energie auf den sch\u00f6nsten Sandstr\u00e4nden, in spitzenm\u00e4\u00dfigen Hotels, mit vollbelegten Tischen und einem Blick auf den traumhaften Sonnenuntergang am Meereshorizont.<\/p>\n<p style=\"text-align: justify;\">In Griechenland werden sie von Lockerheit und der exquisiten Mittelmeerk\u00fcche in einheimische Tavernen eingeladen. Im griechischen Paradies ist die Entfernung klein und die hinreisenden Str\u00e4nde wollen entdeckt werden. Das temperamentvolle und lebhafte Spanien begeistert mit ansteckender L\u00e4ssigkeit. Das all-inclusive Angebot haust in der T\u00fcrkei, Tunesien und in \u00c4gypten. Auf Malta und im Norden Cyperns verschmilzt reiche Geschichte mit der Liebe zum Genuss.<\/p>\n<p><\/span>\n<\/td>\n<\/tr>\n<tr>\n<td style=\"border: #F8F8F8;\">\n<img decoding=\"async\" src=\"http:\/\/www.hotel-zvezda.si\/wp-content\/uploads\/2016\/02\/med2.jpg\"\/>\n<\/td>\n<\/tr>\n<tr>\n<td style=\"border: #F8F8F8; padding:0px;\">\n<table>\n<tr>\n<td style=\"border: #F8F8F8; padding:0px; width:150px;\">\n<ul style=\"list-style-type:none; background-color: #0099FF; color:#FFFFFF; margin-bottom:0px;\"><strong>GRIECHENLAND<\/strong><\/p>\n<li style=\"background-color: #00AAFF; color:#FFFFFF\">HALKIDIKI<\/li>\n<li style=\"background-color: #00AAFF; color:#FFFFFF\">KALAMATA<\/li>\n<li style=\"background-color: #00AAFF; color:#FFFFFF\">LEFKADA<\/li>\n<li style=\"background-color: #00AAFF; color:#FFFFFF\">KEFALONIA<\/li>\n<li style=\"background-color: #00AAFF; color:#FFFFFF\">ZAKYNTHOS<\/li>\n<li style=\"background-color: #00AAFF; color:#FFFFFF\">CHIOS<\/li>\n<li style=\"background-color: #00AAFF; color:#FFFFFF\">LESBOS<\/li>\n<li style=\"background-color: #00AAFF; color:#FFFFFF\">SAMOS<\/li>\n<li style=\"background-color: #00AAFF; color:#FFFFFF\">KARPATHOS<\/li>\n<li style=\"background-color: #00AAFF; color:#FFFFFF\">SANTORINI<\/li>\n<li style=\"background-color: #00AAFF; color:#FFFFFF\">CRETE<\/li>\n<li style=\"background-color: #00AAFF; color:#FFFFFF\">RHODES<\/li>\n<li style=\"background-color: #00AAFF; color:#FFFFFF\">KOS<\/li>\n<\/ul>\n<\/td>\n<td style=\"border: #F8F8F8; padding:0px; width:150px;\">\n<ul style=\"list-style-type:none; background-color: #CC3300; color:#FFFFFF; margin-bottom:0px;\"><strong>SPANIEN<\/strong><\/p>\n<li style=\"background-color: #EE3300; color:#FFFFFF\">COSTA BRAVA<\/li>\n<\/ul>\n<ul style=\"list-style-type:none; background-color: #FF3366; color:#FFFFFF; margin-bottom:0px;\"><strong>MALTA<\/strong>\n<\/ul>\n<ul style=\"list-style-type:none; background-color: #009900; color:#FFFFFF; margin-bottom:0px;\"><strong>T\u00dcRKEI<\/strong><\/p>\n<li style=\"background-color: #00AA00; color:#FFFFFF\">ALANYA<\/li>\n<li style=\"background-color: #00AA00; color:#FFFFFF\">SIDE<\/li>\n<li style=\"background-color: #00AA00; color:#FFFFFF\">BELEK<\/li>\n<li style=\"background-color: #00AA00; color:#FFFFFF\">ANTALYA<\/li>\n<li style=\"background-color: #00AA00; color:#FFFFFF\">KEMER<\/li>\n<\/ul>\n<ul style=\"list-style-type:none; background-color: #006600; color:#FFFFFF; margin-bottom:0px;\"><strong>NORDZYPERN<\/strong>\n<\/ul>\n<ul style=\"list-style-type:none; background-color: #669900; color:#FFFFFF; margin-bottom:0px;\"><strong>TUNESIEN<\/strong><\/p>\n<li style=\"background-color: #66AA00; color:#FFFFFF\">TUNESIEN &#8211; INLAND<\/li>\n<li style=\"background-color: #66AA00; color:#FFFFFF\">DJERBA<\/li>\n<\/ul>\n<\/td>\n<td style=\"border: #F8F8F8; padding:0px; width:150px;\">\n<ul style=\"list-style-type:none; background-color: #FF6600; color:#FFFFFF; margin-bottom:0px;\"><strong>\u00c4GYPTEN<\/strong><\/p>\n<li style=\"background-color: #FF9900; color:#FFFFFF\">MAKADI BAY<\/li>\n<li style=\"background-color: #FF9900; color:#FFFFFF\">HURGADA<\/li>\n<li style=\"background-color: #FF9900; color:#FFFFFF\">EL GOUNA<\/li>\n<li style=\"background-color: #FF9900; color:#FFFFFF\">SAHL HASHEESH<\/li>\n<li style=\"background-color: #FF9900; color:#FFFFFF\">SOMA BAY<\/li>\n<li style=\"background-color: #FF9900; color:#FFFFFF\">MARSA ALAM<\/li>\n<li style=\"background-color: #FF9900; color:#FFFFFF\">SHARM EL SHEIKH<\/li>\n<li style=\"background-color: #FF9900; color:#FFFFFF\">DAHAB<\/li>\n<\/ul>\n<\/td>\n<\/tr>\n<\/table>\n<\/td>\n<\/tr>\n<\/table>\n<\/td>\n<td style=\"border: #F8F8F8; vertical-align: top;\">\n<table>\n<tbody>\n<tr>\n<td style=\"border: #F8F8F8; text-align: left;\">\n<ul id=\"vmenu\">\n<li id=\"vmenu\"><a href=\"http:\/\/www.hotel-zvezda.si\/de\/index.php\/enodnevni-izlet-po-pomurju\/\">Ein Ausflug durch Pomurje<\/a><\/li>\n<li id=\"vmenu\"><a href=\"http:\/\/www.hotel-zvezda.si\/de\/index.php\/dve-republiki\/\">Zwei Republiken in zwei Tagen<\/a><\/li>\n<li id=\"vmenu\"><a href=\"http:\/\/www.hotel-zvezda.si\/de\/index.php\/evropa\/\">Europa<\/a><\/li>\n<li id=\"vmenu\"><a style=\"background-color: #D7D5C8; color: #23201B;\">Mediterranean<\/a><\/li>\n<li id=\"vmenu\"><a href=\"http:\/\/www.hotel-zvezda.si\/de\/index.php\/jadran\/\">Die Adria<\/a><\/li>\n<\/ul>\n<\/td>\n<\/tr>\n<tr>\n<td style=\"border: #F8F8F8;\">\n<img decoding=\"async\" src=\"http:\/\/www.hotel-zvezda.si\/wp-content\/uploads\/2016\/02\/palma_logo2.png\"\/>\n<\/td>\n<\/tr>\n<\/tbody>\n<\/table>\n<\/td>\n<\/tr>\n<\/tbody>\n<\/table>\n","protected":false},"excerpt":{"rendered":"<p>Tanken sie neue Energie auf den sch\u00f6nsten Sandstr\u00e4nden, in spitzenm\u00e4\u00dfigen Hotels, mit vollbelegten Tischen und einem Blick auf den traumhaften Sonnenuntergang am Meereshorizont. In Griechenland werden sie von Lockerheit und der exquisiten Mittelmeerk\u00fcche in einheimische Tavernen eingeladen. Im griechischen Paradies<\/p>\n","protected":false},"author":1,"featured_media":0,"parent":0,"menu_order":0,"comment_status":"closed","ping_status":"closed","template":"","meta":[],"_links":{"self":[{"href":"http:\/\/www.hotel-zvezda.si\/de\/index.php\/wp-json\/wp\/v2\/pages\/1469"}],"collection":[{"href":"http:\/\/www.hotel-zvezda.si\/de\/index.php\/wp-json\/wp\/v2\/pages"}],"about":[{"href":"http:\/\/www.hotel-zvezda.si\/de\/index.php\/wp-json\/wp\/v2\/types\/page"}],"author":[{"embeddable":true,"href":"http:\/\/www.hotel-zvezda.si\/de\/index.php\/wp-json\/wp\/v2\/users\/1"}],"replies":[{"embeddable":true,"href":"http:\/\/www.hotel-zvezda.si\/de\/index.php\/wp-json\/wp\/v2\/comments?post=1469"}],"version-history":[{"count":44,"href":"http:\/\/www.hotel-zvezda.si\/de\/index.php\/wp-json\/wp\/v2\/pages\/1469\/revisions"}],"predecessor-version":[{"id":2202,"href":"http:\/\/www.hotel-zvezda.si\/de\/index.php\/wp-json\/wp\/v2\/pages\/1469\/revisions\/2202"}],"wp:attachment":[{"href":"http:\/\/www.hotel-zvezda.si\/de\/index.php\/wp-json\/wp\/v2\/media?parent=1469"}],"curies":[{"name":"wp","href":"https:\/\/api.w.org\/{rel}","templated":true}]}}