{"id":1437,"date":"2016-02-13T01:05:33","date_gmt":"2016-02-13T01:05:33","guid":{"rendered":"http:\/\/localhost\/hotel_zvezda\/?page_id=1437"},"modified":"2016-05-18T15:21:28","modified_gmt":"2016-05-18T15:21:28","slug":"evropa","status":"publish","type":"page","link":"http:\/\/www.hotel-zvezda.si\/de\/index.php\/evropa\/","title":{"rendered":"Europa"},"content":{"rendered":"<table>\n<tbody>\n<tr>\n<td style=\"border: #F8F8F8;\" width=\"760px\">\n<table>\n<tr>\n<td style=\"border: #F8F8F8;\">\n<img decoding=\"async\" src=\"http:\/\/www.hotel-zvezda.si\/wp-content\/uploads\/2016\/02\/evr2.jpg\"\/>\n<\/td>\n<\/tr>\n<tr>\n<td style=\"border: #F8F8F8;\">\n<span style=\"color: #333333;\"><\/p>\n<p style=\"text-align: justify;\">Mit Enthusiasmus schaffen wir Ausflugs- und Ferienprogramme in Europa, sei es eint\u00e4gige Ausfl\u00fcge in eine nahe Stadt, Wochenendferien in einer der Hauptst\u00e4dte oder Busrundfahrten von Stadt zu Stadt.<\/p>\n<p style=\"text-align: justify;\">Besuchen sie mit uns die sch\u00f6nsten Metropolen und lebendige St\u00e4dte Europas. \u00dcber Ebene und H\u00fcgel, an die K\u00fcste des Mittelmeers, nach Norden und S\u00fcden. Im Rhythmus von Polka, Flamenco, Walzer, Reigen oder Sirtaki in alle Richtungen Europas.<\/p>\n<p><\/span>\n<\/td>\n<\/tr>\n<tr>\n<td style=\"border: #F8F8F8; text-align:center;\">\n<img decoding=\"async\" src=\"http:\/\/www.hotel-zvezda.si\/wp-content\/uploads\/2016\/02\/evr3.jpg\"\/>\n<\/td>\n<\/tr>\n<tr>\n<td style=\"border: #F8F8F8; padding:0px;\">\n<table>\n<tr>\n<td style=\"border: #F8F8F8; padding:0px; width:150px;\">\n<ul style=\"padding:0px; list-style-type:none;\">\n<li style=\"background-color: #0099FF; color:#FFFFFF\"><strong>ITALIEN<\/strong><\/li>\n<li style=\"background-color: #FF3300; color:#FFFFFF\"><strong>SPANIEN<\/strong><\/li>\n<li style=\"background-color: #FF6633; color:#FFFFFF\"><strong>PORTUGAL<\/strong><\/li>\n<li style=\"background-color: #663399; color:#FFFFFF\"><strong>FRANKREICH<\/strong><\/li>\n<li style=\"background-color: #009900; color:#FFFFFF\"><strong>T\u00dcRKEI<\/strong><\/li>\n<li style=\"background-color: #0033FF; color:#FFFFFF\"><strong>\u00d6STERREICH<\/strong><\/li>\n<li style=\"background-color: #0099FF; color:#FFFFFF\"><strong>DEUTSCHLAND<\/strong><\/li>\n<li style=\"background-color: #FF3300; color:#FFFFFF\"><strong>SCHWEIZ<\/strong><\/li>\n<li style=\"background-color: #FF6633; color:#FFFFFF\"><strong>NIEDERLANDE UND BELGIEN<\/strong><\/li>\n<li style=\"background-color: #663399; color:#FFFFFF\"><strong>UNGARN<\/strong><\/li>\n<\/ul>\n<\/td>\n<td style=\"border: #F8F8F8; padding:0px; width:150px;\">\n<ul style=\"padding:0px; list-style-type:none;\">\n<li style=\"background-color: #009900; color:#FFFFFF\"><strong>TSCHECHIEN UND SLOWAKEI<\/strong><\/li>\n<li style=\"background-color: #0033FF; color:#FFFFFF\"><strong>POLEN<\/strong><\/li>\n<li style=\"background-color: #0099FF; color:#FFFFFF\"><strong>SLOWENIEN<\/strong><\/li>\n<li style=\"background-color: #FF3300; color:#FFFFFF\"><strong>KROATIEN<\/strong><\/li>\n<li style=\"background-color: #FF6633; color:#FFFFFF\"><strong>SERBIEN<\/strong><\/li>\n<li style=\"background-color: #663399; color:#FFFFFF\"><strong>BOSNIEN UND HERZEGOWINA<\/strong><\/li>\n<li style=\"background-color: #009900; color:#FFFFFF\"><strong>MONTENEGRO<\/strong><\/li>\n<li style=\"background-color: #0033FF; color:#FFFFFF\"><strong>MAKEDONIEN<\/strong><\/li>\n<li style=\"background-color: #0099FF; color:#FFFFFF\"><strong>GRIECHENLAND<\/strong><\/li>\n<li style=\"background-color: #FF3300; color:#FFFFFF\"><strong>ZYPERN<\/strong><\/li>\n<\/ul>\n<\/td>\n<td style=\"border: #F8F8F8; padding:0px; width:150px;\">\n<ul style=\"padding:0px; list-style-type:none;\">\n<li style=\"background-color: #FF6633; color:#FFFFFF\"><strong>ALBANIEN<\/strong><\/li>\n<li style=\"background-color: #663399; color:#FFFFFF\"><strong>MALTA<\/strong><\/li>\n<li style=\"background-color: #009900; color:#FFFFFF\"><strong>BULGARIEN<\/strong><\/li>\n<li style=\"background-color: #0033FF; color:#FFFFFF\"><strong>RUM\u00c4NIEN<\/strong><\/li>\n<li style=\"background-color: #0099FF; color:#FFFFFF\"><strong>GRO\u00dfBRITANNIEN<\/strong><\/li>\n<li style=\"background-color: #FF3300; color:#FFFFFF\"><strong>SCHOTTLAND UND IRLAND<\/strong><\/li>\n<li style=\"background-color: #FF6633; color:#FFFFFF\"><strong>SKANDINAVIEN<\/strong><\/li>\n<li style=\"background-color: #663399; color:#FFFFFF\"><strong>ISLAND<\/strong><\/li>\n<li style=\"background-color: #009900; color:#FFFFFF\"><strong>BALTIKUM<\/strong><\/li>\n<li style=\"background-color: #0033FF; color:#FFFFFF\"><strong>RU\u00dfLAND<\/strong><\/li>\n<\/ul>\n<\/td>\n<\/tr>\n<\/table>\n<\/td>\n<\/tr>\n<\/table>\n<\/td>\n<td style=\"border: #F8F8F8; vertical-align: top;\">\n<table>\n<tbody>\n<tr>\n<td style=\"border: #F8F8F8; text-align: left;\">\n<ul id=\"vmenu\">\n<li id=\"vmenu\"><a href=\"http:\/\/www.hotel-zvezda.si\/de\/index.php\/enodnevni-izlet-po-pomurju\/\">Ein Ausflug durch Pomurje<\/a><\/li>\n<li id=\"vmenu\"><a href=\"http:\/\/www.hotel-zvezda.si\/de\/index.php\/dve-republiki\/\">Zwei Republiken in zwei Tagen<\/a><\/li>\n<li id=\"vmenu\"><a style=\"background-color: #D7D5C8; color: #23201B;\">Europa<\/a><\/li>\n<li id=\"vmenu\"><a href=\"http:\/\/www.hotel-zvezda.si\/de\/index.php\/mediteran\/\">Das Mittelmeer<\/a><\/li>\n<li id=\"vmenu\"><a href=\"http:\/\/www.hotel-zvezda.si\/de\/index.php\/jadran\/\">Die Adria<\/a><\/li>\n<\/ul>\n<\/td>\n<\/tr>\n<tr>\n<td style=\"border: #F8F8F8;\">\n<img decoding=\"async\" src=\"http:\/\/www.hotel-zvezda.si\/wp-content\/uploads\/2016\/02\/palma_logo2.png\"\/>\n<\/td>\n<\/tr>\n<\/tbody>\n<\/table>\n<\/td>\n<\/tr>\n<\/tbody>\n<\/table>\n","protected":false},"excerpt":{"rendered":"<p>Mit Enthusiasmus schaffen wir Ausflugs- und Ferienprogramme in Europa, sei es eint\u00e4gige Ausfl\u00fcge in eine nahe Stadt, Wochenendferien in einer der Hauptst\u00e4dte oder Busrundfahrten von Stadt zu Stadt. Besuchen sie mit uns die sch\u00f6nsten Metropolen und lebendige St\u00e4dte Europas. \u00dcber<\/p>\n","protected":false},"author":1,"featured_media":0,"parent":0,"menu_order":0,"comment_status":"closed","ping_status":"closed","template":"","meta":[],"_links":{"self":[{"href":"http:\/\/www.hotel-zvezda.si\/de\/index.php\/wp-json\/wp\/v2\/pages\/1437"}],"collection":[{"href":"http:\/\/www.hotel-zvezda.si\/de\/index.php\/wp-json\/wp\/v2\/pages"}],"about":[{"href":"http:\/\/www.hotel-zvezda.si\/de\/index.php\/wp-json\/wp\/v2\/types\/page"}],"author":[{"embeddable":true,"href":"http:\/\/www.hotel-zvezda.si\/de\/index.php\/wp-json\/wp\/v2\/users\/1"}],"replies":[{"embeddable":true,"href":"http:\/\/www.hotel-zvezda.si\/de\/index.php\/wp-json\/wp\/v2\/comments?post=1437"}],"version-history":[{"count":50,"href":"http:\/\/www.hotel-zvezda.si\/de\/index.php\/wp-json\/wp\/v2\/pages\/1437\/revisions"}],"predecessor-version":[{"id":2192,"href":"http:\/\/www.hotel-zvezda.si\/de\/index.php\/wp-json\/wp\/v2\/pages\/1437\/revisions\/2192"}],"wp:attachment":[{"href":"http:\/\/www.hotel-zvezda.si\/de\/index.php\/wp-json\/wp\/v2\/media?parent=1437"}],"curies":[{"name":"wp","href":"https:\/\/api.w.org\/{rel}","templated":true}]}}