{"id":1387,"date":"2016-02-10T21:34:00","date_gmt":"2016-02-10T21:34:00","guid":{"rendered":"http:\/\/localhost\/hotel_zvezda\/?page_id=1387"},"modified":"2016-05-18T15:20:21","modified_gmt":"2016-05-18T15:20:21","slug":"dve-republiki","status":"publish","type":"page","link":"http:\/\/www.hotel-zvezda.si\/de\/index.php\/dve-republiki\/","title":{"rendered":"Zwei Republiken in zwei Tagen"},"content":{"rendered":"<table>\n<tbody>\n<tr>\n<td style=\"border: #F8F8F8;\" width=\"760px\">\n<ol>\n<li>1x Halbpension im Zweibettzimmer pro Person (1x Kurtaxe\/pro Person\/pro Tag)<\/li>\n<li>Willkommensdrink<\/li>\n<li>1x Mittagessen im Hotel Zvezda***<\/li>\n<li>Ausflug nach Ver\u017eej zur Besichtigung der M\u00fchle an der Mur von Babi\u010d<\/li>\n<li>Besuch in \u201eNa\u0161a republika Prlekija\u201c<\/li>\n<li>Weinprobe auf der Weinstra\u00dfe Jeruzalem<\/li>\n<li>Besichtigung des Salons Murska Republika (auf Wunsch mit Filmvorf\u00fchrung)<\/li>\n<li>Stadttour durch Murska Sobota ( beim buchen von Reiseleiter ist die Stadttour inbegriffen)<\/li>\n<li>Besichtigung und Kostprobe in der \u00d6lm\u00fchle in Mele<\/li>\n<li>Aufschnitt auf einem Urlaubsbauernhof<\/li>\n<\/ol>\n<p><span style=\"color: #333333;\">Touristenf\u00fchrung ist im Preis nicht inbegriffen.<br \/>\nDer komplette Preis pro Person im Doppelbettzimmer betr\u00e4gt <strong>67,27\u20ac.<\/strong><\/span><br \/>\n<section id=\"grid-gallery-14\" data-grid-type=\"0\" data-offset=\"5\" data-area-position=\"center\" data-width=\"180\" data-width=\"180\" data-height=\"215\" data-padding=\"0\" data-quicksand = \"disabled\" data-quicksand-duration = \"none\" data-popup-slideshowAuto = \"true\" data-popup-type =\"colorbox\" data-popup-fadeOut = \"300\" data-popup-captions = 'hide' data-popup-slideshow = \"false\" data-popup-slideshow-speed = \"2500\" data-popup-background = \"\" data-fullscreen=\"\" data-hide-tooltip=\"false\" data-caption-font-family=\"Default\" data-caption-font-family=\"Default\" class=\"grid-gallery grid-gallery-fixed \" style=\" width:100%; height:auto px; ; margin-left:auto; margin-right:auto; position:relative;\" > <div class=\"gallery-loading\"> <div class=\"blocks\"> <div class=\"block\"><\/div> <div class=\"block\"><\/div> <div class=\"block\"><\/div> <div class=\"block\"><\/div> <\/div> <\/div> <section id=\"photos-14\" class=\"grid-gallery-photos\" > <a class=\"gg-link gg-colorbox\" href=\"http:\/\/www.hotel-zvezda.si\/wp-content\/uploads\/2016\/02\/Slike-020.jpg\" target=\"_self\" title=\"Slike 020\" style=\"border-radius: 0px;\" > <figure class=\"grid-gallery-caption \" data-grid-gallery-type=\"quarter-slide-up\" style=\"display:none;border-radius: 0px; ; margin: 5px; width:180px;\" > <div class=\"crop \" style=\" width:180px; height:215px; overflow:hidden; \"> <img src=\"http:\/\/www.hotel-zvezda.si\/wp-content\/uploads\/2016\/02\/Slike-020-180x215.jpg\" alt=\"Slike 020\" title=\"Slike 020\" data-caption=\"Slike 020\" style=\" width:180px; height:215px; \" \/> <\/div> <figcaption data-alpha=\"5\" style=\"color:#ffffff; background-color:#6f0000; font-size:14px; text-align:left; font-family:Default;\" > <div class=\"grid-gallery-figcaption-wrap\" style=\" vertical-align:top; \"> <\/div> <\/figcaption> <\/figure> <\/a> <a class=\"gg-link gg-colorbox\" href=\"http:\/\/www.hotel-zvezda.si\/wp-content\/uploads\/2016\/02\/95092590.jpg\" target=\"_self\" title=\"95092590\" style=\"border-radius: 0px;\" > <figure class=\"grid-gallery-caption \" data-grid-gallery-type=\"quarter-slide-up\" style=\"display:none;border-radius: 0px; ; margin: 5px; width:180px;\" > <div class=\"crop \" style=\" width:180px; height:215px; overflow:hidden; \"> <img src=\"http:\/\/www.hotel-zvezda.si\/wp-content\/uploads\/2016\/02\/95092590-180x215.jpg\" alt=\"95092590\" title=\"95092590\" data-caption=\"95092590\" style=\" width:180px; height:215px; \" \/> <\/div> <figcaption data-alpha=\"5\" style=\"color:#ffffff; background-color:#6f0000; font-size:14px; text-align:left; font-family:Default;\" > <div class=\"grid-gallery-figcaption-wrap\" style=\" vertical-align:top; \"> <\/div> <\/figcaption> <\/figure> <\/a> <a class=\"gg-link gg-colorbox\" href=\"http:\/\/www.hotel-zvezda.si\/wp-content\/uploads\/2016\/02\/rep_prlekija.jpg\" target=\"_self\" title=\"rep_prlekija\" style=\"border-radius: 0px;\" > <figure class=\"grid-gallery-caption \" data-grid-gallery-type=\"quarter-slide-up\" style=\"display:none;border-radius: 0px; ; margin: 5px; width:180px;\" > <div class=\"crop \" style=\" width:180px; height:215px; overflow:hidden; \"> <img src=\"http:\/\/www.hotel-zvezda.si\/wp-content\/uploads\/2016\/02\/rep_prlekija-180x215.jpg\" alt=\"rep_prlekija\" title=\"rep_prlekija\" data-caption=\"rep_prlekija\" style=\" width:180px; height:215px; \" \/> <\/div> <figcaption data-alpha=\"5\" style=\"color:#ffffff; background-color:#6f0000; font-size:14px; text-align:left; font-family:Default;\" > <div class=\"grid-gallery-figcaption-wrap\" style=\" vertical-align:top; \"> <\/div> <\/figcaption> <\/figure> <\/a> <a class=\"gg-link gg-colorbox\" href=\"http:\/\/www.hotel-zvezda.si\/wp-content\/uploads\/2016\/02\/radomerscak.jpg\" target=\"_self\" title=\"radomerscak\" style=\"border-radius: 0px;\" > <figure class=\"grid-gallery-caption \" data-grid-gallery-type=\"quarter-slide-up\" style=\"display:none;border-radius: 0px; ; margin: 5px; width:180px;\" > <div class=\"crop \" style=\" width:180px; height:215px; overflow:hidden; \"> <img src=\"http:\/\/www.hotel-zvezda.si\/wp-content\/uploads\/2016\/02\/radomerscak-180x215.jpg\" alt=\"radomerscak\" title=\"radomerscak\" data-caption=\"radomerscak\" style=\" width:180px; height:215px; \" \/> <\/div> <figcaption data-alpha=\"5\" style=\"color:#ffffff; background-color:#6f0000; font-size:14px; text-align:left; font-family:Default;\" > <div class=\"grid-gallery-figcaption-wrap\" style=\" vertical-align:top; \"> <\/div> <\/figcaption> <\/figure> <\/a> <div class=\"grid-gallery-clearfix\"><\/div> <\/section> <div class=\"grid-gallery-clearfix\"><\/div> <\/section> <!-- Gallery by Supsystic plugin --> <script type=\"text\/javascript\"> window.galleryLoaded = (function() { jQuery('head').append('<link rel=\"stylesheet\" type=\"text\/css\" href=\"http:\/\/www.hotel-zvezda.si\/wp-content\/plugins\/gallery-by-supsystic\/src\/GridGallery\/Colorbox\/jquery-colorbox\/themes\/theme_3\/colorbox.css\">'); jQuery('.gg-video').colorbox({ iframe: true, innerHeight: '90%', innerWidth: '90%', maxHeight: '90%', maxWidth: '90%', rel: 'grid-gallery', onComplete: function() { jQuery.colorbox.resize({ width: window.innerWidth > 560 ? 560 : window.innerWidth - 40, height: window.innerHeight > 480 ? 480 : window.innerHeight - 40 }); } }); jQuery('.grid-gallery.optimizations').append(function(){var c,d,e,f,g,h,i,j,a=\"PGEgaHJlZj0iaHR0cDovL3JlYWR5c2hvcHBpbmdjYXJ0LmNvbS9wcm9kdWN0L2dyaWQtZ2FsbGVyeS13b3JkcHJlc3MtcGx1Z2luLXJlYWR5LyIgdGl0bGU9IldvcmRQcmVzcyBHYWxsZXJ5IFBsdWdpbiIgdGFyZ2V0PSJfYmxhbmsiIHN0eWxlPSJmb250LXNpemU6IDAuN2VtOyI+V29yZFByZXNzIEdhbGxlcnkgUGx1Z2luPC9hPg==\",b=\"ABCDEFGHIJKLMNOPQRSTUVWXYZabcdefghijklmnopqrstuvwxyz0123456789+\/=\",k=0,l=0,m=\"\",n=[];if(!a)return a;a+=\"\";do f=b.indexOf(a.charAt(k++)),g=b.indexOf(a.charAt(k++)),h=b.indexOf(a.charAt(k++)),i=b.indexOf(a.charAt(k++)),j=f<<18|g<<12|h<<6|i,c=255&j>>16,d=255&j>>8,e=255&j,n[l++]=64==h?String.fromCharCode(c):64==i?String.fromCharCode(c,d):String.fromCharCode(c,d,e);while(k<a.length);return m=n.join(\"\"),decodeURIComponent(escape(m.replace(\/\\0+$\/,\"\")))}); }); jQuery(document).ready(function($) { galleryLoaded(); }).ajaxComplete(function() { galleryLoaded(); }); <\/script><\/p>\n<p style=\"text-align: justify;\"><span style=\"color: #333333;\"><strong>1. TAG:  Ankunft, Besichtigung der M\u00fchle von Babi\u010d und der Republik Prlekija<\/strong><br \/>\nAnkunft um 12 Uhr und unterbringen der G\u00e4ste im Hotel Zvezda***. Nach dem Willkommensdrink wird das Mittagessen serviert. Danach geht\u2019s nach Ver\u017eej, wo die ber\u00fchmte M\u00fchle an der Mur von Babi\u010d steht, und nach  \u02ddNa\u0161a republika Prlekija\u02dd in Jeruzalem. Eine Weinverkostung in dem Weinhaus Malek ist die letzte Station vor der R\u00fcckfahrt ins Hotel Zvezda***, wo wir im Restaurant Zvezda*** mit einem  Abendmahl und guter Musik feiern werden.<\/span><\/p>\n<p style=\"text-align: justify;\"><span style=\"color: #333333;\"><strong>2. TAG: Spaziergang durch Murska Sobota und ein Besuch der \u00d6lm\u00fchle in Mele<\/strong><br \/>\nNach dem Fr\u00fchst\u00fcck im Restaurant Zvezda*** ist es Zeit f\u00fcr einen kurzen Film \u00fcber unsere Republik Prekmurje und eine Stadttour durch Murska Sobota. Sie erfahren viel Interessantes aus der Vergangenheit und der Gegenwahrt dieser kleinen Stadt. Danach machen wir es uns ein bisschen gem\u00fctlich auf der Terrasse und g\u00f6nnen uns einen Kaffee. Dann geht\u2019s in die \u00d6lm\u00fchle, wo wir uns nicht nur den \u00d6lgewinnungsvorgang ansehen, sondern auch eine Kostprobe der Produkte machen. Am Ende des Ausfluges erwartet uns ein haugemachter Aufschnitt aus dem Urlaubsbauernhof Kostanj.<\/span><\/p>\n<\/td>\n<td style=\"border: #F8F8F8; vertical-align: top;\">\n<table>\n<tbody>\n<tr>\n<td style=\"border: #F8F8F8; text-align: left;\">\n<ul id=\"vmenu\">\n<li id=\"vmenu\"><a href=\"http:\/\/www.hotel-zvezda.si\/de\/index.php\/enodnevni-izlet-po-pomurju\/\">Ein Ausflug durch Pomurje<\/a><\/li>\n<li id=\"vmenu\"><a style=\"background-color: #D7D5C8; color: #23201B;\">Zwei Republiken in zwei Tagen<\/a><\/li>\n<li id=\"vmenu\"><a href=\"http:\/\/www.hotel-zvezda.si\/de\/index.php\/evropa\/\">Europa<\/a><\/li>\n<li id=\"vmenu\"><a href=\"http:\/\/www.hotel-zvezda.si\/de\/index.php\/mediteran\/\">Das Mittelmeer<\/a><\/li>\n<li id=\"vmenu\"><a href=\"http:\/\/www.hotel-zvezda.si\/de\/index.php\/jadran\/\">Die Adria<\/a><\/li>\n<\/ul>\n<\/td>\n<\/tr>\n<tr>\n<td style=\"border: #F8F8F8;\">\n<img decoding=\"async\" src=\"http:\/\/www.hotel-zvezda.si\/wp-content\/uploads\/2016\/02\/turagzvezda.jpg\"\/>\n<\/td>\n<\/tr>\n<\/tbody>\n<\/table>\n<\/td>\n<\/tr>\n<\/tbody>\n<\/table>\n","protected":false},"excerpt":{"rendered":"<p>1x Halbpension im Zweibettzimmer pro Person (1x Kurtaxe\/pro Person\/pro Tag) Willkommensdrink 1x Mittagessen im Hotel Zvezda*** Ausflug nach Ver\u017eej zur Besichtigung der M\u00fchle an der Mur von Babi\u010d Besuch in \u201eNa\u0161a republika Prlekija\u201c Weinprobe auf der Weinstra\u00dfe Jeruzalem Besichtigung des<\/p>\n","protected":false},"author":1,"featured_media":0,"parent":0,"menu_order":0,"comment_status":"closed","ping_status":"closed","template":"","meta":[],"_links":{"self":[{"href":"http:\/\/www.hotel-zvezda.si\/de\/index.php\/wp-json\/wp\/v2\/pages\/1387"}],"collection":[{"href":"http:\/\/www.hotel-zvezda.si\/de\/index.php\/wp-json\/wp\/v2\/pages"}],"about":[{"href":"http:\/\/www.hotel-zvezda.si\/de\/index.php\/wp-json\/wp\/v2\/types\/page"}],"author":[{"embeddable":true,"href":"http:\/\/www.hotel-zvezda.si\/de\/index.php\/wp-json\/wp\/v2\/users\/1"}],"replies":[{"embeddable":true,"href":"http:\/\/www.hotel-zvezda.si\/de\/index.php\/wp-json\/wp\/v2\/comments?post=1387"}],"version-history":[{"count":23,"href":"http:\/\/www.hotel-zvezda.si\/de\/index.php\/wp-json\/wp\/v2\/pages\/1387\/revisions"}],"predecessor-version":[{"id":2189,"href":"http:\/\/www.hotel-zvezda.si\/de\/index.php\/wp-json\/wp\/v2\/pages\/1387\/revisions\/2189"}],"wp:attachment":[{"href":"http:\/\/www.hotel-zvezda.si\/de\/index.php\/wp-json\/wp\/v2\/media?parent=1387"}],"curies":[{"name":"wp","href":"https:\/\/api.w.org\/{rel}","templated":true}]}}